{"id":3849,"date":"2024-12-13T12:36:49","date_gmt":"2024-12-13T11:36:49","guid":{"rendered":"https:\/\/heinzelmann-holz.de\/?page_id=3849"},"modified":"2024-12-13T16:49:08","modified_gmt":"2024-12-13T15:49:08","slug":"webportal-heinzelmann","status":"publish","type":"page","link":"https:\/\/heinzelmann-holz.de\/fr\/energie\/stromhandel\/webportal-heinzelmann\/","title":{"rendered":"Webportal Heinzelmann"},"content":{"rendered":"<div data-elementor-type=\"wp-page\" data-elementor-id=\"3849\" class=\"elementor elementor-3849\" data-elementor-post-type=\"page\">\n\t\t\t\t\t\t<section class=\"elementor-section elementor-top-section elementor-element elementor-element-1871998 elementor-section-boxed elementor-section-height-default elementor-section-height-default\" data-id=\"1871998\" data-element_type=\"section\" data-e-type=\"section\">\n\t\t\t\t\t\t<div class=\"elementor-container elementor-column-gap-default\">\n\t\t\t\t\t<div class=\"elementor-column elementor-col-100 elementor-top-column elementor-element elementor-element-0604732\" data-id=\"0604732\" data-element_type=\"column\" data-e-type=\"column\">\n\t\t\t<div class=\"elementor-widget-wrap elementor-element-populated\">\n\t\t\t\t\t\t<div class=\"elementor-element elementor-element-2727c38 elementor-widget elementor-widget-heading\" data-id=\"2727c38\" data-element_type=\"widget\" data-e-type=\"widget\" data-widget_type=\"heading.default\">\n\t\t\t\t<div class=\"elementor-widget-container\">\n\t\t\t\t\t<h2 class=\"elementor-heading-title elementor-size-default\">Willkommen im Energie Webportal<\/br>\nHeinzelmann<\/h2>\t\t\t\t<\/div>\n\t\t\t\t<\/div>\n\t\t\t\t<div class=\"elementor-element elementor-element-8c19397 elementor-widget elementor-widget-text-editor\" data-id=\"8c19397\" data-element_type=\"widget\" data-e-type=\"widget\" data-widget_type=\"text-editor.default\">\n\t\t\t\t<div class=\"elementor-widget-container\">\n\t\t\t\t\t\t\t\t\t<p>welchen Antrag m\u00f6chten Sie Stellen?<\/p>\t\t\t\t\t\t\t\t<\/div>\n\t\t\t\t<\/div>\n\t\t\t\t<section class=\"elementor-section elementor-inner-section elementor-element elementor-element-cf2a46c elementor-section-boxed elementor-section-height-default elementor-section-height-default\" data-id=\"cf2a46c\" data-element_type=\"section\" data-e-type=\"section\">\n\t\t\t\t\t\t<div class=\"elementor-container elementor-column-gap-default\">\n\t\t\t\t\t<div class=\"elementor-column elementor-col-50 elementor-inner-column elementor-element elementor-element-5434682\" data-id=\"5434682\" data-element_type=\"column\" data-e-type=\"column\">\n\t\t\t<div class=\"elementor-widget-wrap elementor-element-populated\">\n\t\t\t\t\t\t<div class=\"elementor-element elementor-element-1eadcf6 elementor-widget elementor-widget-text-editor\" data-id=\"1eadcf6\" data-element_type=\"widget\" data-e-type=\"widget\" data-widget_type=\"text-editor.default\">\n\t\t\t\t<div class=\"elementor-widget-container\">\n\t\t\t\t\t\t\t\t\t<p>Falls Sie einen <strong>Wasserkraftanlage<\/strong> oder einen <strong>Windkraftanlage<\/strong> anmelden m\u00f6chten, setzten Sie sich bitte mit uns im Verbindung um Ihren Antrag direkt mit uns zu kl\u00e4ren<\/p><p>Heinzelmann Energie<\/p><p>Telefonnummer: <a href=\"\/fr\/t\u00e9l:0783483690\/\">07834 83 69 0<\/a><br \/>E-Mail Adresse:\u00a0<a style=\"font-family: var( --e-global-typography-text-font-family ), Sans-serif; font-size: var( --e-global-typography-text-font-size ); font-weight: var( --e-global-typography-text-font-weight ); background-color: #ffffff;\" href=\"mailto:info@heinzelmann-energie.de\" target=\"_blank\" rel=\"noopener\">info@heinzelmann-energie.de<\/a><\/p>\t\t\t\t\t\t\t\t<\/div>\n\t\t\t\t<\/div>\n\t\t\t\t\t<\/div>\n\t\t<\/div>\n\t\t\t\t<div class=\"elementor-column elementor-col-50 elementor-inner-column elementor-element elementor-element-ff3102a\" data-id=\"ff3102a\" data-element_type=\"column\" data-e-type=\"column\">\n\t\t\t<div class=\"elementor-widget-wrap elementor-element-populated\">\n\t\t\t\t\t\t<div class=\"elementor-element elementor-element-6d2c5bd elementor-widget elementor-widget-text-editor\" data-id=\"6d2c5bd\" data-element_type=\"widget\" data-e-type=\"widget\" data-widget_type=\"text-editor.default\">\n\t\t\t\t<div class=\"elementor-widget-container\">\n\t\t\t\t\t\t\t\t\t<p>F\u00fcr den Antrag von <strong>PV-Anlage\/Balkonkraftwerk, BHKW, Speichersystem oder Ladeeinrichtung<\/strong> klicken Sie bitte den unten stehenden Knopf, Sie werden an unseren Formular zum anmelden von Anlagen weitergeleitet.<\/p>\t\t\t\t\t\t\t\t<\/div>\n\t\t\t\t<\/div>\n\t\t\t\t<div class=\"elementor-element elementor-element-9ac4539 elementor-align-center elementor-widget elementor-widget-button\" data-id=\"9ac4539\" data-element_type=\"widget\" data-e-type=\"widget\" data-widget_type=\"button.default\">\n\t\t\t\t<div class=\"elementor-widget-container\">\n\t\t\t\t\t\t\t\t\t<div class=\"elementor-button-wrapper\">\n\t\t\t\t\t<a class=\"elementor-button elementor-button-link elementor-size-sm\" href=\"https:\/\/heinzelmann-holz.de\/fr\/energie\/stromhandel\/formular-netzanschluss\/\">\n\t\t\t\t\t\t<span class=\"elementor-button-content-wrapper\">\n\t\t\t\t\t\t\t\t\t<span class=\"elementor-button-text\">zum anmeldeformular<\/span>\n\t\t\t\t\t<\/span>\n\t\t\t\t\t<\/a>\n\t\t\t\t<\/div>\n\t\t\t\t\t\t\t\t<\/div>\n\t\t\t\t<\/div>\n\t\t\t\t\t<\/div>\n\t\t<\/div>\n\t\t\t\t\t<\/div>\n\t\t<\/section>\n\t\t\t\t\t<\/div>\n\t\t<\/div>\n\t\t\t\t\t<\/div>\n\t\t<\/section>\n\t\t\t\t<\/div>","protected":false},"excerpt":{"rendered":"<p>Willkommen im Energie Webportal Heinzelmann welchen Antrag m\u00f6chten Sie Stellen? Falls Sie einen Wasserkraftanlage oder einen Windkraftanlage anmelden m\u00f6chten, setzten Sie sich bitte mit uns im Verbindung um Ihren Antrag direkt mit uns zu kl\u00e4ren Heinzelmann Energie Telefonnummer: 07834 83 69 0E-Mail Adresse:\u00a0info@heinzelmann-energie.de F\u00fcr den Antrag von PV-Anlage\/Balkonkraftwerk, BHKW, Speichersystem oder Ladeeinrichtung klicken Sie bitte [&hellip;]<\/p>\n","protected":false},"author":12,"featured_media":0,"parent":588,"menu_order":0,"comment_status":"closed","ping_status":"closed","template":"","meta":{"footnotes":""},"class_list":["post-3849","page","type-page","status-publish","hentry"],"yoast_head":"<!-- This site is optimized with the Yoast SEO plugin v27.3 - https:\/\/yoast.com\/product\/yoast-seo-wordpress\/ -->\n<title>Webportal Heinzelmann - Heinzelmann Holz<\/title>\n<meta name=\"robots\" content=\"index, follow, max-snippet:-1, max-image-preview:large, max-video-preview:-1\" \/>\n<link rel=\"canonical\" href=\"https:\/\/heinzelmann-holz.de\/fr\/energie\/stromhandel\/webportal-heinzelmann\/\" \/>\n<meta property=\"og:locale\" content=\"fr_FR\" \/>\n<meta property=\"og:type\" content=\"article\" \/>\n<meta property=\"og:title\" content=\"Webportal Heinzelmann - Heinzelmann Holz\" \/>\n<meta property=\"og:description\" content=\"Willkommen im Energie Webportal Heinzelmann welchen Antrag m\u00f6chten Sie Stellen? Falls Sie einen Wasserkraftanlage oder einen Windkraftanlage anmelden m\u00f6chten, setzten Sie sich bitte mit uns im Verbindung um Ihren Antrag direkt mit uns zu kl\u00e4ren Heinzelmann Energie Telefonnummer: 07834 83 69 0E-Mail Adresse:\u00a0info@heinzelmann-energie.de F\u00fcr den Antrag von PV-Anlage\/Balkonkraftwerk, BHKW, Speichersystem oder Ladeeinrichtung klicken Sie bitte [&hellip;]\" \/>\n<meta property=\"og:url\" content=\"https:\/\/heinzelmann-holz.de\/fr\/energie\/stromhandel\/webportal-heinzelmann\/\" \/>\n<meta property=\"og:site_name\" content=\"Heinzelmann Holz\" \/>\n<meta property=\"article:modified_time\" content=\"2024-12-13T15:49:08+00:00\" \/>\n<meta name=\"twitter:card\" content=\"summary_large_image\" \/>\n<meta name=\"twitter:label1\" content=\"Dur\u00e9e de lecture estim\u00e9e\" \/>\n\t<meta name=\"twitter:data1\" content=\"1 minute\" \/>\n<script type=\"application\/ld+json\" class=\"yoast-schema-graph\">{\"@context\":\"https:\\\/\\\/schema.org\",\"@graph\":[{\"@type\":\"WebPage\",\"@id\":\"https:\\\/\\\/heinzelmann-holz.de\\\/energie\\\/stromhandel\\\/webportal-heinzelmann\\\/\",\"url\":\"https:\\\/\\\/heinzelmann-holz.de\\\/energie\\\/stromhandel\\\/webportal-heinzelmann\\\/\",\"name\":\"Webportal Heinzelmann - Heinzelmann Holz\",\"isPartOf\":{\"@id\":\"https:\\\/\\\/heinzelmann-holz.de\\\/de_de\\\/#website\"},\"datePublished\":\"2024-12-13T11:36:49+00:00\",\"dateModified\":\"2024-12-13T15:49:08+00:00\",\"breadcrumb\":{\"@id\":\"https:\\\/\\\/heinzelmann-holz.de\\\/energie\\\/stromhandel\\\/webportal-heinzelmann\\\/#breadcrumb\"},\"inLanguage\":\"fr-FR\",\"potentialAction\":[{\"@type\":\"ReadAction\",\"target\":[\"https:\\\/\\\/heinzelmann-holz.de\\\/energie\\\/stromhandel\\\/webportal-heinzelmann\\\/\"]}]},{\"@type\":\"BreadcrumbList\",\"@id\":\"https:\\\/\\\/heinzelmann-holz.de\\\/energie\\\/stromhandel\\\/webportal-heinzelmann\\\/#breadcrumb\",\"itemListElement\":[{\"@type\":\"ListItem\",\"position\":1,\"name\":\"Startseite\",\"item\":\"https:\\\/\\\/heinzelmann-holz.de\\\/\"},{\"@type\":\"ListItem\",\"position\":2,\"name\":\"eHome\",\"item\":\"https:\\\/\\\/heinzelmann-holz.de\\\/energie\\\/\"},{\"@type\":\"ListItem\",\"position\":3,\"name\":\"Energie\",\"item\":\"https:\\\/\\\/heinzelmann-holz.de\\\/energie\\\/stromhandel\\\/\"},{\"@type\":\"ListItem\",\"position\":4,\"name\":\"Webportal Heinzelmann\"}]},{\"@type\":\"WebSite\",\"@id\":\"https:\\\/\\\/heinzelmann-holz.de\\\/de_de\\\/#website\",\"url\":\"https:\\\/\\\/heinzelmann-holz.de\\\/de_de\\\/\",\"name\":\"Heinzelmann Holz\",\"description\":\"Holz &amp; Energie im Einklang mit der Natur\",\"publisher\":{\"@id\":\"https:\\\/\\\/heinzelmann-holz.de\\\/de_de\\\/#organization\"},\"potentialAction\":[{\"@type\":\"SearchAction\",\"target\":{\"@type\":\"EntryPoint\",\"urlTemplate\":\"https:\\\/\\\/heinzelmann-holz.de\\\/de_de\\\/?s={search_term_string}\"},\"query-input\":{\"@type\":\"PropertyValueSpecification\",\"valueRequired\":true,\"valueName\":\"search_term_string\"}}],\"inLanguage\":\"fr-FR\"},{\"@type\":\"Organization\",\"@id\":\"https:\\\/\\\/heinzelmann-holz.de\\\/de_de\\\/#organization\",\"name\":\"Heinzelmann\",\"url\":\"https:\\\/\\\/heinzelmann-holz.de\\\/de_de\\\/\",\"logo\":{\"@type\":\"ImageObject\",\"inLanguage\":\"fr-FR\",\"@id\":\"https:\\\/\\\/heinzelmann-holz.de\\\/de_de\\\/#\\\/schema\\\/logo\\\/image\\\/\",\"url\":\"https:\\\/\\\/heinzelmann-holz.de\\\/wp-content\\\/uploads\\\/2022\\\/11\\\/Heinzelmann-Logo.png\",\"contentUrl\":\"https:\\\/\\\/heinzelmann-holz.de\\\/wp-content\\\/uploads\\\/2022\\\/11\\\/Heinzelmann-Logo.png\",\"width\":402,\"height\":70,\"caption\":\"Heinzelmann\"},\"image\":{\"@id\":\"https:\\\/\\\/heinzelmann-holz.de\\\/de_de\\\/#\\\/schema\\\/logo\\\/image\\\/\"}}]}<\/script>\n<!-- \/ Yoast SEO plugin. -->","yoast_head_json":{"title":"Webportal Heinzelmann - Heinzelmann Holz","robots":{"index":"index","follow":"follow","max-snippet":"max-snippet:-1","max-image-preview":"max-image-preview:large","max-video-preview":"max-video-preview:-1"},"canonical":"https:\/\/heinzelmann-holz.de\/fr\/energie\/stromhandel\/webportal-heinzelmann\/","og_locale":"fr_FR","og_type":"article","og_title":"Webportal Heinzelmann - Heinzelmann Holz","og_description":"Willkommen im Energie Webportal Heinzelmann welchen Antrag m\u00f6chten Sie Stellen? Falls Sie einen Wasserkraftanlage oder einen Windkraftanlage anmelden m\u00f6chten, setzten Sie sich bitte mit uns im Verbindung um Ihren Antrag direkt mit uns zu kl\u00e4ren Heinzelmann Energie Telefonnummer: 07834 83 69 0E-Mail Adresse:\u00a0info@heinzelmann-energie.de F\u00fcr den Antrag von PV-Anlage\/Balkonkraftwerk, BHKW, Speichersystem oder Ladeeinrichtung klicken Sie bitte [&hellip;]","og_url":"https:\/\/heinzelmann-holz.de\/fr\/energie\/stromhandel\/webportal-heinzelmann\/","og_site_name":"Heinzelmann Holz","article_modified_time":"2024-12-13T15:49:08+00:00","twitter_card":"summary_large_image","twitter_misc":{"Dur\u00e9e de lecture estim\u00e9e":"1 minute"},"schema":{"@context":"https:\/\/schema.org","@graph":[{"@type":"WebPage","@id":"https:\/\/heinzelmann-holz.de\/energie\/stromhandel\/webportal-heinzelmann\/","url":"https:\/\/heinzelmann-holz.de\/energie\/stromhandel\/webportal-heinzelmann\/","name":"Webportal Heinzelmann - Heinzelmann Holz","isPartOf":{"@id":"https:\/\/heinzelmann-holz.de\/de_de\/#website"},"datePublished":"2024-12-13T11:36:49+00:00","dateModified":"2024-12-13T15:49:08+00:00","breadcrumb":{"@id":"https:\/\/heinzelmann-holz.de\/energie\/stromhandel\/webportal-heinzelmann\/#breadcrumb"},"inLanguage":"fr-FR","potentialAction":[{"@type":"ReadAction","target":["https:\/\/heinzelmann-holz.de\/energie\/stromhandel\/webportal-heinzelmann\/"]}]},{"@type":"BreadcrumbList","@id":"https:\/\/heinzelmann-holz.de\/energie\/stromhandel\/webportal-heinzelmann\/#breadcrumb","itemListElement":[{"@type":"ListItem","position":1,"name":"Startseite","item":"https:\/\/heinzelmann-holz.de\/"},{"@type":"ListItem","position":2,"name":"eHome","item":"https:\/\/heinzelmann-holz.de\/energie\/"},{"@type":"ListItem","position":3,"name":"Energie","item":"https:\/\/heinzelmann-holz.de\/energie\/stromhandel\/"},{"@type":"ListItem","position":4,"name":"Webportal Heinzelmann"}]},{"@type":"WebSite","@id":"https:\/\/heinzelmann-holz.de\/de_de\/#website","url":"https:\/\/heinzelmann-holz.de\/de_de\/","name":"Heinzelmann Holz","description":"Holz &amp; Energie im Einklang mit der Natur","publisher":{"@id":"https:\/\/heinzelmann-holz.de\/de_de\/#organization"},"potentialAction":[{"@type":"SearchAction","target":{"@type":"EntryPoint","urlTemplate":"https:\/\/heinzelmann-holz.de\/de_de\/?s={search_term_string}"},"query-input":{"@type":"PropertyValueSpecification","valueRequired":true,"valueName":"search_term_string"}}],"inLanguage":"fr-FR"},{"@type":"Organization","@id":"https:\/\/heinzelmann-holz.de\/de_de\/#organization","name":"Heinzelmann","url":"https:\/\/heinzelmann-holz.de\/de_de\/","logo":{"@type":"ImageObject","inLanguage":"fr-FR","@id":"https:\/\/heinzelmann-holz.de\/de_de\/#\/schema\/logo\/image\/","url":"https:\/\/heinzelmann-holz.de\/wp-content\/uploads\/2022\/11\/Heinzelmann-Logo.png","contentUrl":"https:\/\/heinzelmann-holz.de\/wp-content\/uploads\/2022\/11\/Heinzelmann-Logo.png","width":402,"height":70,"caption":"Heinzelmann"},"image":{"@id":"https:\/\/heinzelmann-holz.de\/de_de\/#\/schema\/logo\/image\/"}}]}},"_links":{"self":[{"href":"https:\/\/heinzelmann-holz.de\/fr\/wp-json\/wp\/v2\/pages\/3849","targetHints":{"allow":["GET"]}}],"collection":[{"href":"https:\/\/heinzelmann-holz.de\/fr\/wp-json\/wp\/v2\/pages"}],"about":[{"href":"https:\/\/heinzelmann-holz.de\/fr\/wp-json\/wp\/v2\/types\/page"}],"author":[{"embeddable":true,"href":"https:\/\/heinzelmann-holz.de\/fr\/wp-json\/wp\/v2\/users\/12"}],"replies":[{"embeddable":true,"href":"https:\/\/heinzelmann-holz.de\/fr\/wp-json\/wp\/v2\/comments?post=3849"}],"version-history":[{"count":27,"href":"https:\/\/heinzelmann-holz.de\/fr\/wp-json\/wp\/v2\/pages\/3849\/revisions"}],"predecessor-version":[{"id":3906,"href":"https:\/\/heinzelmann-holz.de\/fr\/wp-json\/wp\/v2\/pages\/3849\/revisions\/3906"}],"up":[{"embeddable":true,"href":"https:\/\/heinzelmann-holz.de\/fr\/wp-json\/wp\/v2\/pages\/588"}],"wp:attachment":[{"href":"https:\/\/heinzelmann-holz.de\/fr\/wp-json\/wp\/v2\/media?parent=3849"}],"curies":[{"name":"wp","href":"https:\/\/api.w.org\/{rel}","templated":true}]}}