{"id":3650,"date":"2024-05-27T16:51:15","date_gmt":"2024-05-27T14:51:15","guid":{"rendered":"https:\/\/heinzelmann-holz.de\/?page_id=3650"},"modified":"2025-11-17T17:02:30","modified_gmt":"2025-11-17T16:02:30","slug":"erzeugungsanlage-anmelden","status":"publish","type":"page","link":"https:\/\/heinzelmann-holz.de\/fr\/energie\/stromhandel\/energieerzeugung\/erzeugungsanlage-anmelden\/","title":{"rendered":"Erzeugungsanlage-anmelden"},"content":{"rendered":"<div data-elementor-type=\"wp-page\" data-elementor-id=\"3650\" class=\"elementor elementor-3650\" data-elementor-post-type=\"page\">\n\t\t\t\t\t\t<section class=\"elementor-section elementor-top-section elementor-element elementor-element-2440100 elementor-section-boxed elementor-section-height-default elementor-section-height-default\" data-id=\"2440100\" data-element_type=\"section\" data-e-type=\"section\" data-settings=\"{&quot;background_background&quot;:&quot;classic&quot;}\">\n\t\t\t\t\t\t\t<div class=\"elementor-background-overlay\"><\/div>\n\t\t\t\t\t\t\t<div class=\"elementor-container elementor-column-gap-default\">\n\t\t\t\t\t<div class=\"elementor-column elementor-col-100 elementor-top-column elementor-element elementor-element-21eac81\" data-id=\"21eac81\" data-element_type=\"column\" data-e-type=\"column\">\n\t\t\t<div class=\"elementor-widget-wrap elementor-element-populated\">\n\t\t\t\t\t\t<div class=\"elementor-element elementor-element-36c4fa1 animated-slow elementor-invisible elementor-widget elementor-widget-heading\" data-id=\"36c4fa1\" data-element_type=\"widget\" data-e-type=\"widget\" data-settings=\"{&quot;_animation&quot;:&quot;fadeInUp&quot;,&quot;_animation_delay&quot;:200}\" data-widget_type=\"heading.default\">\n\t\t\t\t<div class=\"elementor-widget-container\">\n\t\t\t\t\t<h1 class=\"elementor-heading-title elementor-size-default\">G\u00c9N\u00c9RATION D&#039;\u00c9NERGIE<\/h1>\t\t\t\t<\/div>\n\t\t\t\t<\/div>\n\t\t\t\t<div class=\"elementor-element elementor-element-5f6ad8a animated-slow elementor-invisible elementor-widget elementor-widget-text-editor\" data-id=\"5f6ad8a\" data-element_type=\"widget\" data-e-type=\"widget\" data-settings=\"{&quot;_animation&quot;:&quot;fadeInUp&quot;,&quot;_animation_delay&quot;:400}\" data-widget_type=\"text-editor.default\">\n\t\t\t\t<div class=\"elementor-widget-container\">\n\t\t\t\t\t\t\t\t\t<p>Erzeugungsanlage anmelden<\/p>\t\t\t\t\t\t\t\t<\/div>\n\t\t\t\t<\/div>\n\t\t\t\t\t<\/div>\n\t\t<\/div>\n\t\t\t\t\t<\/div>\n\t\t<\/section>\n\t\t\t\t<section class=\"elementor-section elementor-top-section elementor-element elementor-element-7869c72b elementor-section-boxed elementor-section-height-default elementor-section-height-default\" data-id=\"7869c72b\" data-element_type=\"section\" data-e-type=\"section\">\n\t\t\t\t\t\t<div class=\"elementor-container elementor-column-gap-default\">\n\t\t\t\t\t<div class=\"elementor-column elementor-col-50 elementor-top-column elementor-element elementor-element-3fb6520d\" data-id=\"3fb6520d\" data-element_type=\"column\" data-e-type=\"column\">\n\t\t\t<div class=\"elementor-widget-wrap elementor-element-populated\">\n\t\t\t\t\t\t<div class=\"elementor-element elementor-element-738d729e animated-slow elementor-invisible elementor-widget elementor-widget-heading\" data-id=\"738d729e\" data-element_type=\"widget\" data-e-type=\"widget\" data-settings=\"{&quot;_animation&quot;:&quot;fadeInUp&quot;,&quot;_animation_delay&quot;:200}\" data-widget_type=\"heading.default\">\n\t\t\t\t<div class=\"elementor-widget-container\">\n\t\t\t\t\t<h2 class=\"elementor-heading-title elementor-size-default\">Erzeugungsanlage anmelden<\/h2>\t\t\t\t<\/div>\n\t\t\t\t<\/div>\n\t\t\t\t<div class=\"elementor-element elementor-element-7318954b animated-slow elementor-invisible elementor-widget elementor-widget-text-editor\" data-id=\"7318954b\" data-element_type=\"widget\" data-e-type=\"widget\" data-settings=\"{&quot;_animation&quot;:&quot;fadeInUp&quot;,&quot;_animation_delay&quot;:400}\" data-widget_type=\"text-editor.default\">\n\t\t\t\t<div class=\"elementor-widget-container\">\n\t\t\t\t\t\t\t\t\t<p>Wenn Sie planen, eine dezentrale Erzeugungsanlage zu installieren, muss diese durch einen konzessionierten Elektroinstallateursbetrieb bei uns im Netz angemeldet werden. Dies stellt sicher, dass Ihre Anlage den technischen Richtlinien entspricht und der erzeugte Strom sicher ins Netz eingespeist werden kann.<\/p><p>F\u00fcr Erzeugungsanlagen wie PV-Anlagen, Blockheizkraftwerke oder Biomasseanlagen sowie sonstige Erzeugungsanlagen mit einer maximalen Wirkleistung bis 135 kW, gilt unabh\u00e4ngig von der Spannungsebene die technischen Vorgaben der VDE-AR-N 4105<\/p><p>Bei Anlagen mit einer maximalen Wirkleistung ab 135 kW werden abh\u00e4ngig von der Spannungsebene des Netzanschlusses die technischen Vorgaben der VDE-AR-N 4110 in der Niederspannung angewandt. Dies betrifft auch den zentralen Netz- und Anlagenschutz.<\/p><p><strong>Die Anmeldedokumente finden Sie bei uns im <a href=\"https:\/\/heinzelmann-holz.de\/fr\/energie\/stromhandel\/downloadcenter\/\">centre de t\u00e9l\u00e9chargement<\/a><\/strong><\/p>\t\t\t\t\t\t\t\t<\/div>\n\t\t\t\t<\/div>\n\t\t\t\t\t<\/div>\n\t\t<\/div>\n\t\t\t\t<div class=\"elementor-column elementor-col-50 elementor-top-column elementor-element elementor-element-3a2ba61a animated-slow elementor-invisible\" data-id=\"3a2ba61a\" data-element_type=\"column\" data-e-type=\"column\" data-settings=\"{&quot;background_background&quot;:&quot;classic&quot;,&quot;animation&quot;:&quot;fadeInRight&quot;}\">\n\t\t\t<div class=\"elementor-widget-wrap elementor-element-populated\">\n\t\t\t\t\t\t<div class=\"elementor-element elementor-element-1a3f17ba elementor-widget elementor-widget-spacer\" data-id=\"1a3f17ba\" data-element_type=\"widget\" data-e-type=\"widget\" data-widget_type=\"spacer.default\">\n\t\t\t\t<div class=\"elementor-widget-container\">\n\t\t\t\t\t\t\t<div class=\"elementor-spacer\">\n\t\t\t<div class=\"elementor-spacer-inner\"><\/div>\n\t\t<\/div>\n\t\t\t\t\t\t<\/div>\n\t\t\t\t<\/div>\n\t\t\t\t\t<\/div>\n\t\t<\/div>\n\t\t\t\t\t<\/div>\n\t\t<\/section>\n\t\t\t\t<section class=\"elementor-section elementor-top-section elementor-element elementor-element-2baac40 elementor-reverse-mobile elementor-hidden-desktop elementor-hidden-tablet elementor-hidden-mobile elementor-section-boxed elementor-section-height-default elementor-section-height-default\" data-id=\"2baac40\" data-element_type=\"section\" data-e-type=\"section\">\n\t\t\t\t\t\t<div class=\"elementor-container elementor-column-gap-default\">\n\t\t\t\t\t<div class=\"elementor-column elementor-col-100 elementor-top-column elementor-element elementor-element-112d895 animated-slow elementor-invisible\" data-id=\"112d895\" data-element_type=\"column\" data-e-type=\"column\" data-settings=\"{&quot;background_background&quot;:&quot;classic&quot;,&quot;animation&quot;:&quot;fadeInLeft&quot;}\">\n\t\t\t<div class=\"elementor-widget-wrap elementor-element-populated\">\n\t\t\t\t\t\t<div class=\"elementor-element elementor-element-b0a1b34 animated-slow elementor-invisible elementor-widget elementor-widget-heading\" data-id=\"b0a1b34\" data-element_type=\"widget\" data-e-type=\"widget\" data-settings=\"{&quot;_animation&quot;:&quot;fadeInUp&quot;,&quot;_animation_delay&quot;:200}\" data-widget_type=\"heading.default\">\n\t\t\t\t<div class=\"elementor-widget-container\">\n\t\t\t\t\t<h2 class=\"elementor-heading-title elementor-size-default\">Aktueller Hinweis | Netzsicherheit<\/h2>\t\t\t\t<\/div>\n\t\t\t\t<\/div>\n\t\t\t\t<div class=\"elementor-element elementor-element-41c9839 animated-slow elementor-invisible elementor-widget elementor-widget-text-editor\" data-id=\"41c9839\" data-element_type=\"widget\" data-e-type=\"widget\" data-settings=\"{&quot;_animation&quot;:&quot;fadeInUp&quot;,&quot;_animation_delay&quot;:400}\" data-widget_type=\"text-editor.default\">\n\t\t\t\t<div class=\"elementor-widget-container\">\n\t\t\t\t\t\t\t\t\t<p>Sehr geehrte Damen und Herren,<\/p><p>die verst\u00e4rkte Installation von Fotovoltaikanlagen in den letzten zwei Jahren hat dazu gef\u00fchrt, dass die Kapazit\u00e4tsgrenze unseres \u00dcbergabetransformators f\u00fcr das EW-Mittelbaden erreicht ist.<\/p><p>Wir arbeiten intensiv an der Planung zur Verst\u00e4rkung und Entlastung der aktuellen Situation. Allerdings erschwert sich die Umsetzung aufgrund der langen Lieferzeiten f\u00fcr neue Transformatoren (12-20 Monate) und deren Zubeh\u00f6r.<\/p><p><strong>Infolgedessen k\u00f6nnen wir derzeit keine neuen Netzanschl\u00fcsse f\u00fcr PV-Anlagen genehmigen. Bereits genehmigte und sich im Bau befindliche Solaranlagen sind hiervon selbstverst\u00e4ndlich ausgenommen.<\/strong><\/p><p>Ihre Anfragen nehmen wir aber gerne entgegen und suchen hierzu eine passende L\u00f6sung und treten mit Ihnen in Kontakt.<\/p><p><strong>Wir setzen alles daran, die Verst\u00e4rkungsma\u00dfnahmen so schnell wie m\u00f6glich umzusetzen.<\/strong><\/p><p>Gemeinsam f\u00fcr eine nachhaltige Zukunft.<\/p><p>Heinzelmann Energie<\/p>\t\t\t\t\t\t\t\t<\/div>\n\t\t\t\t<\/div>\n\t\t\t\t\t<\/div>\n\t\t<\/div>\n\t\t\t\t\t<\/div>\n\t\t<\/section>\n\t\t\t\t<\/div>","protected":false},"excerpt":{"rendered":"<p>ENERGIEERZEUGUNG Erzeugungsanlage anmelden Erzeugungsanlage anmelden Wenn Sie planen, eine dezentrale Erzeugungsanlage zu installieren, muss diese durch einen konzessionierten Elektroinstallateursbetrieb bei uns im Netz angemeldet werden. Dies stellt sicher, dass Ihre Anlage den technischen Richtlinien entspricht und der erzeugte Strom sicher ins Netz eingespeist werden kann. F\u00fcr Erzeugungsanlagen wie PV-Anlagen, Blockheizkraftwerke oder Biomasseanlagen sowie sonstige Erzeugungsanlagen [&hellip;]<\/p>\n","protected":false},"author":12,"featured_media":0,"parent":563,"menu_order":1,"comment_status":"closed","ping_status":"closed","template":"elementor_header_footer","meta":{"footnotes":""},"class_list":["post-3650","page","type-page","status-publish","hentry"],"yoast_head":"<!-- This site is optimized with the Yoast SEO plugin v27.3 - https:\/\/yoast.com\/product\/yoast-seo-wordpress\/ -->\n<title>Erzeugungsanlage-anmelden - Heinzelmann Holz<\/title>\n<meta name=\"robots\" content=\"index, follow, max-snippet:-1, max-image-preview:large, max-video-preview:-1\" \/>\n<link rel=\"canonical\" href=\"https:\/\/heinzelmann-holz.de\/fr\/energie\/stromhandel\/energieerzeugung\/erzeugungsanlage-anmelden\/\" \/>\n<meta property=\"og:locale\" content=\"fr_FR\" \/>\n<meta property=\"og:type\" content=\"article\" \/>\n<meta property=\"og:title\" content=\"Erzeugungsanlage-anmelden - Heinzelmann Holz\" \/>\n<meta property=\"og:description\" content=\"ENERGIEERZEUGUNG Erzeugungsanlage anmelden Erzeugungsanlage anmelden Wenn Sie planen, eine dezentrale Erzeugungsanlage zu installieren, muss diese durch einen konzessionierten Elektroinstallateursbetrieb bei uns im Netz angemeldet werden. Dies stellt sicher, dass Ihre Anlage den technischen Richtlinien entspricht und der erzeugte Strom sicher ins Netz eingespeist werden kann. F\u00fcr Erzeugungsanlagen wie PV-Anlagen, Blockheizkraftwerke oder Biomasseanlagen sowie sonstige Erzeugungsanlagen [&hellip;]\" \/>\n<meta property=\"og:url\" content=\"https:\/\/heinzelmann-holz.de\/fr\/energie\/stromhandel\/energieerzeugung\/erzeugungsanlage-anmelden\/\" \/>\n<meta property=\"og:site_name\" content=\"Heinzelmann Holz\" \/>\n<meta property=\"article:modified_time\" content=\"2025-11-17T16:02:30+00:00\" \/>\n<meta name=\"twitter:card\" content=\"summary_large_image\" \/>\n<meta name=\"twitter:label1\" content=\"Dur\u00e9e de lecture estim\u00e9e\" \/>\n\t<meta name=\"twitter:data1\" content=\"2 minutes\" \/>\n<script type=\"application\/ld+json\" class=\"yoast-schema-graph\">{\"@context\":\"https:\\\/\\\/schema.org\",\"@graph\":[{\"@type\":\"WebPage\",\"@id\":\"https:\\\/\\\/heinzelmann-holz.de\\\/energie\\\/stromhandel\\\/energieerzeugung\\\/erzeugungsanlage-anmelden\\\/\",\"url\":\"https:\\\/\\\/heinzelmann-holz.de\\\/energie\\\/stromhandel\\\/energieerzeugung\\\/erzeugungsanlage-anmelden\\\/\",\"name\":\"Erzeugungsanlage-anmelden - Heinzelmann Holz\",\"isPartOf\":{\"@id\":\"https:\\\/\\\/heinzelmann-holz.de\\\/de_de\\\/#website\"},\"datePublished\":\"2024-05-27T14:51:15+00:00\",\"dateModified\":\"2025-11-17T16:02:30+00:00\",\"breadcrumb\":{\"@id\":\"https:\\\/\\\/heinzelmann-holz.de\\\/energie\\\/stromhandel\\\/energieerzeugung\\\/erzeugungsanlage-anmelden\\\/#breadcrumb\"},\"inLanguage\":\"fr-FR\",\"potentialAction\":[{\"@type\":\"ReadAction\",\"target\":[\"https:\\\/\\\/heinzelmann-holz.de\\\/energie\\\/stromhandel\\\/energieerzeugung\\\/erzeugungsanlage-anmelden\\\/\"]}]},{\"@type\":\"BreadcrumbList\",\"@id\":\"https:\\\/\\\/heinzelmann-holz.de\\\/energie\\\/stromhandel\\\/energieerzeugung\\\/erzeugungsanlage-anmelden\\\/#breadcrumb\",\"itemListElement\":[{\"@type\":\"ListItem\",\"position\":1,\"name\":\"Startseite\",\"item\":\"https:\\\/\\\/heinzelmann-holz.de\\\/\"},{\"@type\":\"ListItem\",\"position\":2,\"name\":\"eHome\",\"item\":\"https:\\\/\\\/heinzelmann-holz.de\\\/energie\\\/\"},{\"@type\":\"ListItem\",\"position\":3,\"name\":\"Energie\",\"item\":\"https:\\\/\\\/heinzelmann-holz.de\\\/energie\\\/stromhandel\\\/\"},{\"@type\":\"ListItem\",\"position\":4,\"name\":\"Energieerzeugung\",\"item\":\"https:\\\/\\\/heinzelmann-holz.de\\\/energie\\\/stromhandel\\\/energieerzeugung\\\/\"},{\"@type\":\"ListItem\",\"position\":5,\"name\":\"Erzeugungsanlage-anmelden\"}]},{\"@type\":\"WebSite\",\"@id\":\"https:\\\/\\\/heinzelmann-holz.de\\\/de_de\\\/#website\",\"url\":\"https:\\\/\\\/heinzelmann-holz.de\\\/de_de\\\/\",\"name\":\"Heinzelmann Holz\",\"description\":\"Holz &amp; Energie im Einklang mit der Natur\",\"publisher\":{\"@id\":\"https:\\\/\\\/heinzelmann-holz.de\\\/de_de\\\/#organization\"},\"potentialAction\":[{\"@type\":\"SearchAction\",\"target\":{\"@type\":\"EntryPoint\",\"urlTemplate\":\"https:\\\/\\\/heinzelmann-holz.de\\\/de_de\\\/?s={search_term_string}\"},\"query-input\":{\"@type\":\"PropertyValueSpecification\",\"valueRequired\":true,\"valueName\":\"search_term_string\"}}],\"inLanguage\":\"fr-FR\"},{\"@type\":\"Organization\",\"@id\":\"https:\\\/\\\/heinzelmann-holz.de\\\/de_de\\\/#organization\",\"name\":\"Heinzelmann\",\"url\":\"https:\\\/\\\/heinzelmann-holz.de\\\/de_de\\\/\",\"logo\":{\"@type\":\"ImageObject\",\"inLanguage\":\"fr-FR\",\"@id\":\"https:\\\/\\\/heinzelmann-holz.de\\\/de_de\\\/#\\\/schema\\\/logo\\\/image\\\/\",\"url\":\"https:\\\/\\\/heinzelmann-holz.de\\\/wp-content\\\/uploads\\\/2022\\\/11\\\/Heinzelmann-Logo.png\",\"contentUrl\":\"https:\\\/\\\/heinzelmann-holz.de\\\/wp-content\\\/uploads\\\/2022\\\/11\\\/Heinzelmann-Logo.png\",\"width\":402,\"height\":70,\"caption\":\"Heinzelmann\"},\"image\":{\"@id\":\"https:\\\/\\\/heinzelmann-holz.de\\\/de_de\\\/#\\\/schema\\\/logo\\\/image\\\/\"}}]}<\/script>\n<!-- \/ Yoast SEO plugin. -->","yoast_head_json":{"title":"Erzeugungsanlage-anmelden - Heinzelmann Holz","robots":{"index":"index","follow":"follow","max-snippet":"max-snippet:-1","max-image-preview":"max-image-preview:large","max-video-preview":"max-video-preview:-1"},"canonical":"https:\/\/heinzelmann-holz.de\/fr\/energie\/stromhandel\/energieerzeugung\/erzeugungsanlage-anmelden\/","og_locale":"fr_FR","og_type":"article","og_title":"Erzeugungsanlage-anmelden - Heinzelmann Holz","og_description":"ENERGIEERZEUGUNG Erzeugungsanlage anmelden Erzeugungsanlage anmelden Wenn Sie planen, eine dezentrale Erzeugungsanlage zu installieren, muss diese durch einen konzessionierten Elektroinstallateursbetrieb bei uns im Netz angemeldet werden. Dies stellt sicher, dass Ihre Anlage den technischen Richtlinien entspricht und der erzeugte Strom sicher ins Netz eingespeist werden kann. F\u00fcr Erzeugungsanlagen wie PV-Anlagen, Blockheizkraftwerke oder Biomasseanlagen sowie sonstige Erzeugungsanlagen [&hellip;]","og_url":"https:\/\/heinzelmann-holz.de\/fr\/energie\/stromhandel\/energieerzeugung\/erzeugungsanlage-anmelden\/","og_site_name":"Heinzelmann Holz","article_modified_time":"2025-11-17T16:02:30+00:00","twitter_card":"summary_large_image","twitter_misc":{"Dur\u00e9e de lecture estim\u00e9e":"2 minutes"},"schema":{"@context":"https:\/\/schema.org","@graph":[{"@type":"WebPage","@id":"https:\/\/heinzelmann-holz.de\/energie\/stromhandel\/energieerzeugung\/erzeugungsanlage-anmelden\/","url":"https:\/\/heinzelmann-holz.de\/energie\/stromhandel\/energieerzeugung\/erzeugungsanlage-anmelden\/","name":"Erzeugungsanlage-anmelden - Heinzelmann Holz","isPartOf":{"@id":"https:\/\/heinzelmann-holz.de\/de_de\/#website"},"datePublished":"2024-05-27T14:51:15+00:00","dateModified":"2025-11-17T16:02:30+00:00","breadcrumb":{"@id":"https:\/\/heinzelmann-holz.de\/energie\/stromhandel\/energieerzeugung\/erzeugungsanlage-anmelden\/#breadcrumb"},"inLanguage":"fr-FR","potentialAction":[{"@type":"ReadAction","target":["https:\/\/heinzelmann-holz.de\/energie\/stromhandel\/energieerzeugung\/erzeugungsanlage-anmelden\/"]}]},{"@type":"BreadcrumbList","@id":"https:\/\/heinzelmann-holz.de\/energie\/stromhandel\/energieerzeugung\/erzeugungsanlage-anmelden\/#breadcrumb","itemListElement":[{"@type":"ListItem","position":1,"name":"Startseite","item":"https:\/\/heinzelmann-holz.de\/"},{"@type":"ListItem","position":2,"name":"eHome","item":"https:\/\/heinzelmann-holz.de\/energie\/"},{"@type":"ListItem","position":3,"name":"Energie","item":"https:\/\/heinzelmann-holz.de\/energie\/stromhandel\/"},{"@type":"ListItem","position":4,"name":"Energieerzeugung","item":"https:\/\/heinzelmann-holz.de\/energie\/stromhandel\/energieerzeugung\/"},{"@type":"ListItem","position":5,"name":"Erzeugungsanlage-anmelden"}]},{"@type":"WebSite","@id":"https:\/\/heinzelmann-holz.de\/de_de\/#website","url":"https:\/\/heinzelmann-holz.de\/de_de\/","name":"Heinzelmann Holz","description":"Holz &amp; Energie im Einklang mit der Natur","publisher":{"@id":"https:\/\/heinzelmann-holz.de\/de_de\/#organization"},"potentialAction":[{"@type":"SearchAction","target":{"@type":"EntryPoint","urlTemplate":"https:\/\/heinzelmann-holz.de\/de_de\/?s={search_term_string}"},"query-input":{"@type":"PropertyValueSpecification","valueRequired":true,"valueName":"search_term_string"}}],"inLanguage":"fr-FR"},{"@type":"Organization","@id":"https:\/\/heinzelmann-holz.de\/de_de\/#organization","name":"Heinzelmann","url":"https:\/\/heinzelmann-holz.de\/de_de\/","logo":{"@type":"ImageObject","inLanguage":"fr-FR","@id":"https:\/\/heinzelmann-holz.de\/de_de\/#\/schema\/logo\/image\/","url":"https:\/\/heinzelmann-holz.de\/wp-content\/uploads\/2022\/11\/Heinzelmann-Logo.png","contentUrl":"https:\/\/heinzelmann-holz.de\/wp-content\/uploads\/2022\/11\/Heinzelmann-Logo.png","width":402,"height":70,"caption":"Heinzelmann"},"image":{"@id":"https:\/\/heinzelmann-holz.de\/de_de\/#\/schema\/logo\/image\/"}}]}},"_links":{"self":[{"href":"https:\/\/heinzelmann-holz.de\/fr\/wp-json\/wp\/v2\/pages\/3650","targetHints":{"allow":["GET"]}}],"collection":[{"href":"https:\/\/heinzelmann-holz.de\/fr\/wp-json\/wp\/v2\/pages"}],"about":[{"href":"https:\/\/heinzelmann-holz.de\/fr\/wp-json\/wp\/v2\/types\/page"}],"author":[{"embeddable":true,"href":"https:\/\/heinzelmann-holz.de\/fr\/wp-json\/wp\/v2\/users\/12"}],"replies":[{"embeddable":true,"href":"https:\/\/heinzelmann-holz.de\/fr\/wp-json\/wp\/v2\/comments?post=3650"}],"version-history":[{"count":12,"href":"https:\/\/heinzelmann-holz.de\/fr\/wp-json\/wp\/v2\/pages\/3650\/revisions"}],"predecessor-version":[{"id":4049,"href":"https:\/\/heinzelmann-holz.de\/fr\/wp-json\/wp\/v2\/pages\/3650\/revisions\/4049"}],"up":[{"embeddable":true,"href":"https:\/\/heinzelmann-holz.de\/fr\/wp-json\/wp\/v2\/pages\/563"}],"wp:attachment":[{"href":"https:\/\/heinzelmann-holz.de\/fr\/wp-json\/wp\/v2\/media?parent=3650"}],"curies":[{"name":"wp","href":"https:\/\/api.w.org\/{rel}","templated":true}]}}