{"id":2729,"date":"2023-03-07T08:58:44","date_gmt":"2023-03-07T08:58:44","guid":{"rendered":"https:\/\/heinzelmann-holz.de\/?page_id=2729"},"modified":"2023-03-07T08:59:30","modified_gmt":"2023-03-07T08:59:30","slug":"datenschutz","status":"publish","type":"page","link":"https:\/\/heinzelmann-holz.de\/fr\/datenschutz\/","title":{"rendered":"protection des donn\u00e9es"},"content":{"rendered":"<div data-elementor-type=\"wp-page\" data-elementor-id=\"2729\" class=\"elementor elementor-2729\" data-elementor-post-type=\"page\">\n\t\t\t\t\t\t<section class=\"elementor-section elementor-top-section elementor-element elementor-element-7869c72b elementor-section-boxed elementor-section-height-default elementor-section-height-default\" data-id=\"7869c72b\" data-element_type=\"section\" data-e-type=\"section\">\n\t\t\t\t\t\t<div class=\"elementor-container elementor-column-gap-default\">\n\t\t\t\t\t<div class=\"elementor-column elementor-col-100 elementor-top-column elementor-element elementor-element-3fb6520d\" data-id=\"3fb6520d\" data-element_type=\"column\" data-e-type=\"column\">\n\t\t\t<div class=\"elementor-widget-wrap elementor-element-populated\">\n\t\t\t\t\t\t<div class=\"elementor-element elementor-element-738d729e animated-slow elementor-invisible elementor-widget elementor-widget-heading\" data-id=\"738d729e\" data-element_type=\"widget\" data-e-type=\"widget\" data-settings=\"{&quot;_animation&quot;:&quot;fadeInUp&quot;,&quot;_animation_delay&quot;:200}\" data-widget_type=\"heading.default\">\n\t\t\t\t<div class=\"elementor-widget-container\">\n\t\t\t\t\t<h2 class=\"elementor-heading-title elementor-size-default\">Protection des donn\u00e9es<\/h2>\t\t\t\t<\/div>\n\t\t\t\t<\/div>\n\t\t\t\t<div class=\"elementor-element elementor-element-7318954b animated-slow elementor-invisible elementor-widget elementor-widget-text-editor\" data-id=\"7318954b\" data-element_type=\"widget\" data-e-type=\"widget\" data-settings=\"{&quot;_animation&quot;:&quot;fadeInUp&quot;,&quot;_animation_delay&quot;:400}\" data-widget_type=\"text-editor.default\">\n\t\t\t\t<div class=\"elementor-widget-container\">\n\t\t\t\t\t\t\t\t\t<p><strong>protection des donn\u00e9es<\/strong><\/p><p>Les exploitants de ces pages prennent tr\u00e8s au s\u00e9rieux la protection de vos donn\u00e9es personnelles. Nous traitons vos donn\u00e9es personnelles de mani\u00e8re confidentielle et conform\u00e9ment aux dispositions l\u00e9gales en mati\u00e8re de protection des donn\u00e9es et \u00e0 la pr\u00e9sente d\u00e9claration de protection des donn\u00e9es.<\/p><p>Notre site Web peut g\u00e9n\u00e9ralement \u00eatre utilis\u00e9 sans fournir de donn\u00e9es personnelles. Dans la mesure o\u00f9 des donn\u00e9es personnelles (par exemple, nom, adresse ou adresses e-mail) sont collect\u00e9es sur notre site Web, cela se fait toujours sur une base volontaire dans la mesure du possible. Ces donn\u00e9es ne seront pas transmises \u00e0 des tiers sans votre consentement expr\u00e8s.<\/p><p>Nous attirons votre attention sur le fait que la transmission de donn\u00e9es sur Internet (par exemple lors de la communication par e-mail) peut pr\u00e9senter des failles de s\u00e9curit\u00e9. Une protection compl\u00e8te des donn\u00e9es contre l&#039;acc\u00e8s par des tiers n&#039;est pas possible.<\/p><p><strong>D\u00e9claration de protection des donn\u00e9es pour l&#039;utilisation des plugins Facebook (bouton J&#039;aime)<\/strong><\/p><p>Des plugins du r\u00e9seau social Facebook, fournisseur Facebook Inc., 1 Hacker Way, Menlo Park, Californie 94025, USA, sont int\u00e9gr\u00e9s sur notre site Internet. Vous pouvez reconna\u00eetre les plugins Facebook au logo Facebook ou au \u00ab bouton J&#039;aime \u00bb (\u00ab J&#039;aime \u00bb) sur notre site. Un aper\u00e7u des plugins Facebook peut \u00eatre trouv\u00e9 ici :\u00a0<a href=\"http:\/\/developers.facebook.com\/docs\/plugins\/\">http:\/\/developers.facebook.com\/docs\/plugins\/<\/a>.<\/p><p>Lorsque vous visitez nos pages, une connexion directe est \u00e9tablie entre votre navigateur et le serveur Facebook via le plugin. Facebook re\u00e7oit l&#039;information que vous avez visit\u00e9 notre site avec votre adresse IP. Si vous cliquez sur le bouton &quot;J&#039;aime&quot; de Facebook alors que vous \u00eates connect\u00e9 \u00e0 votre compte Facebook, vous pouvez lier le contenu de nos pages \u00e0 votre profil Facebook. Cela permet \u00e0 Facebook d&#039;associer votre visite sur notre site \u00e0 votre compte d&#039;utilisateur. Nous attirons votre attention sur le fait que nous, en tant que fournisseur des pages, n&#039;avons aucune connaissance du contenu des donn\u00e9es transmises ni de la mani\u00e8re dont elles sont utilis\u00e9es par Facebook. Vous pouvez trouver plus d&#039;informations \u00e0 ce sujet dans la politique de confidentialit\u00e9 de Facebook \u00e0 l&#039;adresse\u00a0<a href=\"http:\/\/de-de.facebook.com\/policy.php\">http:\/\/de-de.facebook.com\/policy.php<\/a>.<\/p><p>Si vous ne souhaitez pas que Facebook puisse associer votre visite sur notre site \u00e0 votre compte utilisateur Facebook, veuillez vous d\u00e9connecter de votre compte utilisateur Facebook.<\/p><p><strong>D\u00e9claration de protection des donn\u00e9es pour l&#039;utilisation de Google Analytics<\/strong><\/p><p>Ce site Web utilise les fonctions du service d&#039;analyse Web Google Analytics. Le fournisseur est Google Inc. 1600 Amphitheatre Parkway Mountain View, CA 94043, \u00c9tats-Unis. Google Analytics utilise des &quot;cookies&quot;. Il s&#039;agit de fichiers texte qui sont stock\u00e9s sur votre ordinateur et qui permettent une analyse de votre utilisation du site Web. Les informations g\u00e9n\u00e9r\u00e9es par le cookie concernant votre utilisation de ce site Web sont g\u00e9n\u00e9ralement transmises \u00e0 un serveur de Google aux \u00c9tats-Unis et y sont stock\u00e9es.<\/p><p>Toutefois, si l&#039;anonymisation IP est activ\u00e9e sur ce site Web, votre adresse IP sera pr\u00e9alablement raccourcie par Google dans les \u00c9tats membres de l&#039;Union europ\u00e9enne ou dans d&#039;autres \u00c9tats contractants de l&#039;accord sur l&#039;Espace \u00e9conomique europ\u00e9en. Ce n&#039;est que dans des cas exceptionnels que l&#039;adresse IP compl\u00e8te sera envoy\u00e9e \u00e0 un serveur de Google aux \u00c9tats-Unis et raccourcie l\u00e0-bas. Au nom de l&#039;op\u00e9rateur de ce site Web, Google utilisera ces informations pour \u00e9valuer votre utilisation du site Web, pour compiler des rapports sur l&#039;activit\u00e9 du site Web et pour fournir d&#039;autres services li\u00e9s \u00e0 l&#039;activit\u00e9 du site Web et \u00e0 l&#039;utilisation d&#039;Internet \u00e0 l&#039;op\u00e9rateur du site Web. L&#039;adresse IP transmise par votre navigateur dans le cadre de Google Analytics ne sera pas fusionn\u00e9e avec d&#039;autres donn\u00e9es de Google.<\/p><p>Vous pouvez emp\u00eacher le stockage de cookies en configurant votre logiciel de navigation en cons\u00e9quence ; nous attirons toutefois votre attention sur le fait que dans ce cas, vous ne pourrez \u00e9ventuellement pas utiliser toutes les fonctions de ce site Internet dans leur int\u00e9gralit\u00e9. Vous pouvez \u00e9galement emp\u00eacher Google de collecter les donn\u00e9es g\u00e9n\u00e9r\u00e9es par le cookie et li\u00e9es \u00e0 votre utilisation du site Web (y compris votre adresse IP) et de traiter ces donn\u00e9es par Google en t\u00e9l\u00e9chargeant le plug-in de navigateur disponible sous le lien suivant et en l&#039;installant\u00a0:\u00a0<a href=\"http:\/\/tools.google.com\/dlpage\/gaoptout?hl=de\">http:\/\/tools.google.com\/dlpage\/gaoptout?hl=de<\/a><\/p><p><strong>Politique de confidentialit\u00e9 pour l&#039;utilisation de Google +1<\/strong><\/p><p>Nos pages utilisent des fonctions de Google +1. Le fournisseur est Google Inc. 1600 Amphitheatre Parkway Mountain View, CA 94043, \u00c9tats-Unis.<\/p><p>Collecte et divulgation d&#039;informations : Vous pouvez utiliser le bouton Google +1 pour publier des informations dans le monde entier. Vous et d&#039;autres utilisateurs recevez un contenu personnalis\u00e9 de Google et de nos partenaires via le bouton Google +1. Google stocke \u00e0 la fois les informations que vous avez attribu\u00e9es au contenu +1 et les informations sur la page que vous consultiez lorsque vous avez cliqu\u00e9 sur +1. Votre +1 peut appara\u00eetre sous forme d&#039;avis avec votre nom de profil et votre photo dans les services Google, comme dans les r\u00e9sultats de recherche ou dans votre profil Google, ou ailleurs sur les sites Web et les publicit\u00e9s sur Internet. Google enregistre des informations sur vos activit\u00e9s +1 afin d&#039;am\u00e9liorer les services Google pour vous et les autres. Pour pouvoir utiliser le bouton Google +1, vous avez besoin d&#039;un profil Google public visible dans le monde entier qui doit contenir au moins le nom choisi pour le profil. Ce nom est utilis\u00e9 dans tous les services Google. Dans certains cas, ce nom peut \u00e9galement remplacer un autre nom que vous avez utilis\u00e9 lors du partage de contenu via votre compte Google. L&#039;identit\u00e9 de votre profil Google peut \u00eatre affich\u00e9e aux utilisateurs qui connaissent votre adresse e-mail ou qui disposent d&#039;autres informations d&#039;identification vous concernant.<\/p><p>Utilisation des informations collect\u00e9es\u00a0: Outre les finalit\u00e9s d\u00e9crites ci-dessus, les informations que vous fournissez seront utilis\u00e9es conform\u00e9ment \u00e0 la r\u00e9glementation Google en vigueur en mati\u00e8re de protection des donn\u00e9es. Google peut publier des statistiques agr\u00e9g\u00e9es sur l&#039;activit\u00e9 +1 des utilisateurs ou les transmettre aux utilisateurs et partenaires, tels que les \u00e9diteurs, les annonceurs ou les sites Web affili\u00e9s.<\/p><p><strong>D\u00e9claration de protection des donn\u00e9es pour l&#039;utilisation d&#039;Instagram<\/strong><\/p><p>Les fonctions du service Instagram sont int\u00e9gr\u00e9es sur notre site Web. Ces fonctions sont propos\u00e9es par Instagram Inc., 1601 Willow Road, Menlo Park, CA, 94025, USA. Si vous \u00eates connect\u00e9 \u00e0 votre compte Instagram, vous pouvez cliquer sur le bouton Instagram pour lier le contenu de nos pages \u00e0 votre profil Instagram. Cela permet \u00e0 Instagram d&#039;associer votre visite sur notre site \u00e0 votre compte d&#039;utilisateur. Nous attirons votre attention sur le fait que nous, en tant que fournisseur des pages, n&#039;avons aucune connaissance du contenu des donn\u00e9es transmises ni de la mani\u00e8re dont elles sont utilis\u00e9es par Instagram.<\/p><p>Pour plus d&#039;informations, consultez la politique de confidentialit\u00e9 d&#039;Instagram :\u00a0<a href=\"http:\/\/instagram.com\/about\/legal\/privacy\/\">http:\/\/instagram.com\/about\/legal\/privacy\/<\/a><\/p><p><strong>D\u00e9claration de protection des donn\u00e9es pour l&#039;utilisation de LinkedIn<\/strong><\/p><p>Notre site Web utilise les fonctions du r\u00e9seau LinkedIn. Le fournisseur est LinkedIn Corporation, 2029 Stierlin Court, Mountain View, CA 94043, \u00c9tats-Unis. Chaque fois que vous acc\u00e9dez \u00e0 l&#039;une de nos pages contenant des fonctions LinkedIn, une connexion aux serveurs LinkedIn est \u00e9tablie. LinkedIn est inform\u00e9 que vous avez visit\u00e9 notre site Web avec votre adresse IP. Si vous cliquez sur le bouton &quot;Recommander&quot; de LinkedIn et que vous \u00eates connect\u00e9 \u00e0 votre compte LinkedIn, LinkedIn est en mesure d&#039;attribuer votre visite sur notre site Web \u00e0 vous et \u00e0 votre compte d&#039;utilisateur. Nous attirons votre attention sur le fait qu&#039;en tant que fournisseur des pages, nous n&#039;avons aucune connaissance du contenu des donn\u00e9es transmises ni de leur utilisation par LinkedIn.<\/p><p>Vous pouvez trouver plus d&#039;informations \u00e0 ce sujet dans la politique de confidentialit\u00e9 de LinkedIn \u00e0 l&#039;adresse :\u00a0<a href=\"https:\/\/www.linkedin.com\/legal\/privacy-policy\">https:\/\/www.linkedin.com\/legal\/privacy-policy<\/a><\/p><p><strong>D\u00e9claration de protection des donn\u00e9es pour l&#039;utilisation de Pinterest<\/strong><\/p><p>Sur notre site, nous utilisons des plugins sociaux du r\u00e9seau social Pinterest exploit\u00e9 par Pinterest Inc., 635 High Street, Palo Alto, CA, 94301, USA (&quot;Pinterest&quot;). Si vous appelez une page contenant un tel plugin, votre navigateur \u00e9tablit une connexion directe avec les serveurs de Pinterest. Le plugin transmet les donn\u00e9es du journal au serveur Pinterest aux \u00c9tats-Unis. Ces donn\u00e9es de journal peuvent inclure votre adresse IP, l&#039;adresse des sites Web visit\u00e9s qui contiennent \u00e9galement des fonctions Pinterest, le type et les param\u00e8tres du navigateur, la date et l&#039;heure de la demande, la fa\u00e7on dont vous utilisez Pinterest et les cookies.<\/p><p>Vous trouverez de plus amples informations sur l&#039;objectif, la port\u00e9e, le traitement ult\u00e9rieur et l&#039;utilisation des donn\u00e9es par Pinterest ainsi que vos droits \u00e0 cet \u00e9gard et les options de protection de votre vie priv\u00e9e dans les informations sur la protection des donn\u00e9es de Pinterest :\u00a0<a class=\"broken_link\" href=\"https:\/\/about.pinterest.com\/de\/privacy-policy\">https:\/\/about.pinterest.com\/de\/privacy-policy<\/a><\/p><p><strong>D\u00e9claration de protection des donn\u00e9es pour l&#039;utilisation de Twitter<\/strong><\/p><p>Les fonctions du service Twitter sont int\u00e9gr\u00e9es sur nos sites. Ces fonctions sont propos\u00e9es par Twitter Inc., 1355 Market Street, Suite 900, San Francisco, CA 94103, USA. En utilisant Twitter et la fonction &quot;Re-Tweet&quot;, les sites Web que vous visitez sont li\u00e9s \u00e0 votre compte Twitter et port\u00e9s \u00e0 la connaissance des autres utilisateurs. Ces donn\u00e9es sont \u00e9galement transmises \u00e0 Twitter. Nous attirons votre attention sur le fait que nous, en tant que fournisseur des pages, n&#039;avons aucune connaissance du contenu des donn\u00e9es transmises ni de la mani\u00e8re dont elles sont utilis\u00e9es par Twitter. Pour plus d&#039;informations, consultez la politique de confidentialit\u00e9 de Twitter sur\u00a0<a href=\"http:\/\/twitter.com\/privacy\">http:\/\/twitter.com\/privacy<\/a>.<\/p><p>Vous pouvez modifier vos param\u00e8tres de protection des donn\u00e9es sur Twitter dans les param\u00e8tres du compte sous\u00a0<a href=\"http:\/\/twitter.com\/account\/settings\">http:\/\/twitter.com\/account\/settings<\/a>\u00a0changement.<\/p><p><strong>D\u00e9claration de protection des donn\u00e9es pour l&#039;utilisation de Xing<\/strong><\/p><p>Notre site Web utilise des fonctions du r\u00e9seau XING. Le fournisseur est XING AG, Dammtorstra\u00dfe 29-32, 20354 Hambourg, Allemagne. Chaque fois qu&#039;une de nos pages contenant des fonctions Xing est appel\u00e9e, une connexion aux serveurs Xing est \u00e9tablie. A notre connaissance, aucune donn\u00e9e personnelle n&#039;est stock\u00e9e. En particulier, aucune adresse IP n&#039;est enregistr\u00e9e ou le comportement d&#039;utilisation n&#039;est \u00e9valu\u00e9.<\/p><p>Vous trouverez de plus amples informations sur la protection des donn\u00e9es et le bouton Xing Share dans la d\u00e9claration de protection des donn\u00e9es de Xing \u00e0 l&#039;adresse\u00a0<a href=\"https:\/\/www.xing.com\/app\/share?op=data_protection\">https:\/\/www.xing.com\/app\/share?op=data_protection<\/a><\/p><p><strong>biscuits<\/strong><\/p><p>Certains sites Web utilisent ce que l&#039;on appelle des cookies. Les cookies n&#039;endommagent pas votre ordinateur et ne contiennent pas de virus. Les cookies servent \u00e0 rendre notre offre plus conviviale, plus efficace et plus s\u00fbre. Les cookies sont de petits fichiers texte qui sont stock\u00e9s sur votre ordinateur et enregistr\u00e9s par votre navigateur.<\/p><p>La plupart des cookies que nous utilisons sont des \u00ab cookies de session \u00bb. Ils sont automatiquement supprim\u00e9s apr\u00e8s votre visite. D&#039;autres cookies restent stock\u00e9s sur votre terminal jusqu&#039;\u00e0 ce que vous les supprimiez. Ces cookies nous permettent de reconna\u00eetre votre navigateur lors de votre prochaine visite.<\/p><p>Vous pouvez configurer votre navigateur de mani\u00e8re \u00e0 \u00eatre inform\u00e9 de la configuration des cookies et n&#039;autoriser les cookies que dans des cas individuels, exclure l&#039;acceptation des cookies dans certains cas ou en g\u00e9n\u00e9ral et activer la suppression automatique des cookies lorsque le navigateur est ferm\u00e9. Si les cookies sont d\u00e9sactiv\u00e9s, la fonctionnalit\u00e9 de ce site Web peut \u00eatre restreinte.<\/p><p><strong>formulaire de contact<\/strong><\/p><p>Si vous nous envoyez des demandes via le formulaire de contact, vos coordonn\u00e9es du formulaire de demande, y compris les coordonn\u00e9es que vous y avez fournies, seront stock\u00e9es par nous dans le but de traiter la demande et en cas de questions compl\u00e9mentaires. Nous ne transmettons pas ces donn\u00e9es sans votre consentement.<\/p>\t\t\t\t\t\t\t\t<\/div>\n\t\t\t\t<\/div>\n\t\t\t\t\t<\/div>\n\t\t<\/div>\n\t\t\t\t\t<\/div>\n\t\t<\/section>\n\t\t\t\t<\/div>","protected":false},"excerpt":{"rendered":"<p>Datenschutzerkl\u00e4rung Datenschutz Die Betreiber dieser Seiten nehmen den Schutz Ihrer pers\u00f6nlichen Daten sehr ernst. Wir behandeln Ihre personenbezogenen Daten vertraulich und entsprechend der gesetzlichen Datenschutzvorschriften sowie dieser Datenschutzerkl\u00e4rung. Die Nutzung unserer Webseite ist in der Regel ohne Angabe personenbezogener Daten m\u00f6glich. Soweit auf unseren Seiten personenbezogene Daten (beispielsweise Name, Anschrift oder E-Mail-Adressen) erhoben werden, erfolgt [&hellip;]<\/p>\n","protected":false},"author":11,"featured_media":0,"parent":0,"menu_order":0,"comment_status":"closed","ping_status":"closed","template":"elementor_header_footer","meta":{"footnotes":""},"class_list":["post-2729","page","type-page","status-publish","hentry"],"yoast_head":"<!-- This site is optimized with the Yoast SEO plugin v27.3 - https:\/\/yoast.com\/product\/yoast-seo-wordpress\/ -->\n<title>Datenschutz - Heinzelmann Holz<\/title>\n<meta name=\"robots\" content=\"index, follow, max-snippet:-1, max-image-preview:large, max-video-preview:-1\" \/>\n<link rel=\"canonical\" href=\"https:\/\/heinzelmann-holz.de\/fr\/datenschutz\/\" \/>\n<meta property=\"og:locale\" content=\"fr_FR\" \/>\n<meta property=\"og:type\" content=\"article\" \/>\n<meta property=\"og:title\" content=\"Datenschutz - Heinzelmann Holz\" \/>\n<meta property=\"og:description\" content=\"Datenschutzerkl\u00e4rung Datenschutz Die Betreiber dieser Seiten nehmen den Schutz Ihrer pers\u00f6nlichen Daten sehr ernst. Wir behandeln Ihre personenbezogenen Daten vertraulich und entsprechend der gesetzlichen Datenschutzvorschriften sowie dieser Datenschutzerkl\u00e4rung. Die Nutzung unserer Webseite ist in der Regel ohne Angabe personenbezogener Daten m\u00f6glich. Soweit auf unseren Seiten personenbezogene Daten (beispielsweise Name, Anschrift oder E-Mail-Adressen) erhoben werden, erfolgt [&hellip;]\" \/>\n<meta property=\"og:url\" content=\"https:\/\/heinzelmann-holz.de\/fr\/datenschutz\/\" \/>\n<meta property=\"og:site_name\" content=\"Heinzelmann Holz\" \/>\n<meta property=\"article:modified_time\" content=\"2023-03-07T08:59:30+00:00\" \/>\n<meta name=\"twitter:card\" content=\"summary_large_image\" \/>\n<meta name=\"twitter:label1\" content=\"Dur\u00e9e de lecture estim\u00e9e\" \/>\n\t<meta name=\"twitter:data1\" content=\"8 minutes\" \/>\n<script type=\"application\/ld+json\" class=\"yoast-schema-graph\">{\"@context\":\"https:\\\/\\\/schema.org\",\"@graph\":[{\"@type\":\"WebPage\",\"@id\":\"https:\\\/\\\/heinzelmann-holz.de\\\/datenschutz\\\/\",\"url\":\"https:\\\/\\\/heinzelmann-holz.de\\\/datenschutz\\\/\",\"name\":\"Datenschutz - Heinzelmann Holz\",\"isPartOf\":{\"@id\":\"https:\\\/\\\/heinzelmann-holz.de\\\/de_de\\\/#website\"},\"datePublished\":\"2023-03-07T08:58:44+00:00\",\"dateModified\":\"2023-03-07T08:59:30+00:00\",\"breadcrumb\":{\"@id\":\"https:\\\/\\\/heinzelmann-holz.de\\\/datenschutz\\\/#breadcrumb\"},\"inLanguage\":\"fr-FR\",\"potentialAction\":[{\"@type\":\"ReadAction\",\"target\":[\"https:\\\/\\\/heinzelmann-holz.de\\\/datenschutz\\\/\"]}]},{\"@type\":\"BreadcrumbList\",\"@id\":\"https:\\\/\\\/heinzelmann-holz.de\\\/datenschutz\\\/#breadcrumb\",\"itemListElement\":[{\"@type\":\"ListItem\",\"position\":1,\"name\":\"Startseite\",\"item\":\"https:\\\/\\\/heinzelmann-holz.de\\\/\"},{\"@type\":\"ListItem\",\"position\":2,\"name\":\"Datenschutz\"}]},{\"@type\":\"WebSite\",\"@id\":\"https:\\\/\\\/heinzelmann-holz.de\\\/de_de\\\/#website\",\"url\":\"https:\\\/\\\/heinzelmann-holz.de\\\/de_de\\\/\",\"name\":\"Heinzelmann Holz\",\"description\":\"Holz &amp; Energie im Einklang mit der Natur\",\"publisher\":{\"@id\":\"https:\\\/\\\/heinzelmann-holz.de\\\/de_de\\\/#organization\"},\"potentialAction\":[{\"@type\":\"SearchAction\",\"target\":{\"@type\":\"EntryPoint\",\"urlTemplate\":\"https:\\\/\\\/heinzelmann-holz.de\\\/de_de\\\/?s={search_term_string}\"},\"query-input\":{\"@type\":\"PropertyValueSpecification\",\"valueRequired\":true,\"valueName\":\"search_term_string\"}}],\"inLanguage\":\"fr-FR\"},{\"@type\":\"Organization\",\"@id\":\"https:\\\/\\\/heinzelmann-holz.de\\\/de_de\\\/#organization\",\"name\":\"Heinzelmann\",\"url\":\"https:\\\/\\\/heinzelmann-holz.de\\\/de_de\\\/\",\"logo\":{\"@type\":\"ImageObject\",\"inLanguage\":\"fr-FR\",\"@id\":\"https:\\\/\\\/heinzelmann-holz.de\\\/de_de\\\/#\\\/schema\\\/logo\\\/image\\\/\",\"url\":\"https:\\\/\\\/heinzelmann-holz.de\\\/wp-content\\\/uploads\\\/2022\\\/11\\\/Heinzelmann-Logo.png\",\"contentUrl\":\"https:\\\/\\\/heinzelmann-holz.de\\\/wp-content\\\/uploads\\\/2022\\\/11\\\/Heinzelmann-Logo.png\",\"width\":402,\"height\":70,\"caption\":\"Heinzelmann\"},\"image\":{\"@id\":\"https:\\\/\\\/heinzelmann-holz.de\\\/de_de\\\/#\\\/schema\\\/logo\\\/image\\\/\"}}]}<\/script>\n<!-- \/ Yoast SEO plugin. -->","yoast_head_json":{"title":"Datenschutz - Heinzelmann Holz","robots":{"index":"index","follow":"follow","max-snippet":"max-snippet:-1","max-image-preview":"max-image-preview:large","max-video-preview":"max-video-preview:-1"},"canonical":"https:\/\/heinzelmann-holz.de\/fr\/datenschutz\/","og_locale":"fr_FR","og_type":"article","og_title":"Datenschutz - Heinzelmann Holz","og_description":"Datenschutzerkl\u00e4rung Datenschutz Die Betreiber dieser Seiten nehmen den Schutz Ihrer pers\u00f6nlichen Daten sehr ernst. Wir behandeln Ihre personenbezogenen Daten vertraulich und entsprechend der gesetzlichen Datenschutzvorschriften sowie dieser Datenschutzerkl\u00e4rung. Die Nutzung unserer Webseite ist in der Regel ohne Angabe personenbezogener Daten m\u00f6glich. Soweit auf unseren Seiten personenbezogene Daten (beispielsweise Name, Anschrift oder E-Mail-Adressen) erhoben werden, erfolgt [&hellip;]","og_url":"https:\/\/heinzelmann-holz.de\/fr\/datenschutz\/","og_site_name":"Heinzelmann Holz","article_modified_time":"2023-03-07T08:59:30+00:00","twitter_card":"summary_large_image","twitter_misc":{"Dur\u00e9e de lecture estim\u00e9e":"8 minutes"},"schema":{"@context":"https:\/\/schema.org","@graph":[{"@type":"WebPage","@id":"https:\/\/heinzelmann-holz.de\/datenschutz\/","url":"https:\/\/heinzelmann-holz.de\/datenschutz\/","name":"Datenschutz - Heinzelmann Holz","isPartOf":{"@id":"https:\/\/heinzelmann-holz.de\/de_de\/#website"},"datePublished":"2023-03-07T08:58:44+00:00","dateModified":"2023-03-07T08:59:30+00:00","breadcrumb":{"@id":"https:\/\/heinzelmann-holz.de\/datenschutz\/#breadcrumb"},"inLanguage":"fr-FR","potentialAction":[{"@type":"ReadAction","target":["https:\/\/heinzelmann-holz.de\/datenschutz\/"]}]},{"@type":"BreadcrumbList","@id":"https:\/\/heinzelmann-holz.de\/datenschutz\/#breadcrumb","itemListElement":[{"@type":"ListItem","position":1,"name":"Startseite","item":"https:\/\/heinzelmann-holz.de\/"},{"@type":"ListItem","position":2,"name":"Datenschutz"}]},{"@type":"WebSite","@id":"https:\/\/heinzelmann-holz.de\/de_de\/#website","url":"https:\/\/heinzelmann-holz.de\/de_de\/","name":"Heinzelmann Holz","description":"Holz &amp; Energie im Einklang mit der Natur","publisher":{"@id":"https:\/\/heinzelmann-holz.de\/de_de\/#organization"},"potentialAction":[{"@type":"SearchAction","target":{"@type":"EntryPoint","urlTemplate":"https:\/\/heinzelmann-holz.de\/de_de\/?s={search_term_string}"},"query-input":{"@type":"PropertyValueSpecification","valueRequired":true,"valueName":"search_term_string"}}],"inLanguage":"fr-FR"},{"@type":"Organization","@id":"https:\/\/heinzelmann-holz.de\/de_de\/#organization","name":"Heinzelmann","url":"https:\/\/heinzelmann-holz.de\/de_de\/","logo":{"@type":"ImageObject","inLanguage":"fr-FR","@id":"https:\/\/heinzelmann-holz.de\/de_de\/#\/schema\/logo\/image\/","url":"https:\/\/heinzelmann-holz.de\/wp-content\/uploads\/2022\/11\/Heinzelmann-Logo.png","contentUrl":"https:\/\/heinzelmann-holz.de\/wp-content\/uploads\/2022\/11\/Heinzelmann-Logo.png","width":402,"height":70,"caption":"Heinzelmann"},"image":{"@id":"https:\/\/heinzelmann-holz.de\/de_de\/#\/schema\/logo\/image\/"}}]}},"_links":{"self":[{"href":"https:\/\/heinzelmann-holz.de\/fr\/wp-json\/wp\/v2\/pages\/2729","targetHints":{"allow":["GET"]}}],"collection":[{"href":"https:\/\/heinzelmann-holz.de\/fr\/wp-json\/wp\/v2\/pages"}],"about":[{"href":"https:\/\/heinzelmann-holz.de\/fr\/wp-json\/wp\/v2\/types\/page"}],"author":[{"embeddable":true,"href":"https:\/\/heinzelmann-holz.de\/fr\/wp-json\/wp\/v2\/users\/11"}],"replies":[{"embeddable":true,"href":"https:\/\/heinzelmann-holz.de\/fr\/wp-json\/wp\/v2\/comments?post=2729"}],"version-history":[{"count":7,"href":"https:\/\/heinzelmann-holz.de\/fr\/wp-json\/wp\/v2\/pages\/2729\/revisions"}],"predecessor-version":[{"id":2737,"href":"https:\/\/heinzelmann-holz.de\/fr\/wp-json\/wp\/v2\/pages\/2729\/revisions\/2737"}],"wp:attachment":[{"href":"https:\/\/heinzelmann-holz.de\/fr\/wp-json\/wp\/v2\/media?parent=2729"}],"curies":[{"name":"wp","href":"https:\/\/api.w.org\/{rel}","templated":true}]}}