{"id":2222,"date":"2023-02-01T23:50:37","date_gmt":"2023-02-01T23:50:37","guid":{"rendered":"https:\/\/heinzelmann-holz.de\/?page_id=2222"},"modified":"2023-03-16T16:12:21","modified_gmt":"2023-03-16T16:12:21","slug":"unternehmen-global","status":"publish","type":"page","link":"https:\/\/heinzelmann-holz.de\/fr\/unternehmen\/unternehmen-global\/","title":{"rendered":"Mondiale"},"content":{"rendered":"<div data-elementor-type=\"wp-page\" data-elementor-id=\"2222\" class=\"elementor elementor-2222\" data-elementor-post-type=\"page\">\n\t\t\t\t\t\t<section class=\"elementor-section elementor-top-section elementor-element elementor-element-2440100 elementor-section-boxed elementor-section-height-default elementor-section-height-default\" data-id=\"2440100\" data-element_type=\"section\" data-e-type=\"section\" data-settings=\"{&quot;background_background&quot;:&quot;video&quot;,&quot;background_video_link&quot;:&quot;https:\\\/\\\/heinzelmann-holz.de\\\/wp-content\\\/uploads\\\/2023\\\/03\\\/1009321340-hd_AdobeExpress.mp4&quot;,&quot;background_play_on_mobile&quot;:&quot;yes&quot;}\">\n\t\t\t\t\t\t\t\t<div class=\"elementor-background-video-container\">\n\t\t\t\t\t\t\t\t\t\t\t\t\t<video class=\"elementor-background-video-hosted\" role=\"presentation\" autoplay muted playsinline loop><\/video>\n\t\t\t\t\t\t\t\t\t\t\t<\/div>\n\t\t\t\t\t\t\t\t\t<div class=\"elementor-background-overlay\"><\/div>\n\t\t\t\t\t\t\t<div class=\"elementor-container elementor-column-gap-default\">\n\t\t\t\t\t<div class=\"elementor-column elementor-col-100 elementor-top-column elementor-element elementor-element-21eac81\" data-id=\"21eac81\" data-element_type=\"column\" data-e-type=\"column\">\n\t\t\t<div class=\"elementor-widget-wrap elementor-element-populated\">\n\t\t\t\t\t\t<div class=\"elementor-element elementor-element-36c4fa1 animated-slow elementor-invisible elementor-widget elementor-widget-heading\" data-id=\"36c4fa1\" data-element_type=\"widget\" data-e-type=\"widget\" data-settings=\"{&quot;_animation&quot;:&quot;fadeInUp&quot;,&quot;_animation_delay&quot;:200}\" data-widget_type=\"heading.default\">\n\t\t\t\t<div class=\"elementor-widget-container\">\n\t\t\t\t\t<h1 class=\"elementor-heading-title elementor-size-default\">Heinzelmann  <\/br>\nMondial<\/h1>\t\t\t\t<\/div>\n\t\t\t\t<\/div>\n\t\t\t\t<div class=\"elementor-element elementor-element-5f6ad8a animated-slow elementor-invisible elementor-widget elementor-widget-text-editor\" data-id=\"5f6ad8a\" data-element_type=\"widget\" data-e-type=\"widget\" data-settings=\"{&quot;_animation&quot;:&quot;fadeInUp&quot;,&quot;_animation_delay&quot;:400}\" data-widget_type=\"text-editor.default\">\n\t\t\t\t<div class=\"elementor-widget-container\">\n\t\t\t\t\t\t\t\t\t<p><strong>La scierie de la For\u00eat Noire<\/strong>\u00a0de la soci\u00e9t\u00e9 Heinzelmann est situ\u00e9e au c\u0153ur d&#039;une r\u00e9gion riche en bois avec les meilleures qualit\u00e9s. De l\u00e0, nous livrons partout dans le monde.<\/p>\t\t\t\t\t\t\t\t<\/div>\n\t\t\t\t<\/div>\n\t\t\t\t<section class=\"elementor-section elementor-inner-section elementor-element elementor-element-65fe821 elementor-section-boxed elementor-section-height-default elementor-section-height-default\" data-id=\"65fe821\" data-element_type=\"section\" data-e-type=\"section\">\n\t\t\t\t\t\t<div class=\"elementor-container elementor-column-gap-default\">\n\t\t\t\t\t<div class=\"elementor-column elementor-col-33 elementor-inner-column elementor-element elementor-element-65d4689\" data-id=\"65d4689\" data-element_type=\"column\" data-e-type=\"column\">\n\t\t\t<div class=\"elementor-widget-wrap elementor-element-populated\">\n\t\t\t\t\t\t<div class=\"elementor-element elementor-element-3a4862c animated-slow elementor-invisible elementor-widget elementor-widget-button\" data-id=\"3a4862c\" data-element_type=\"widget\" data-e-type=\"widget\" data-settings=\"{&quot;_animation&quot;:&quot;fadeInUp&quot;,&quot;_animation_delay&quot;:600}\" data-widget_type=\"button.default\">\n\t\t\t\t<div class=\"elementor-widget-container\">\n\t\t\t\t\t\t\t\t\t<div class=\"elementor-button-wrapper\">\n\t\t\t\t\t<a class=\"elementor-button elementor-button-link elementor-size-sm elementor-animation-float\" href=\"https:\/\/heinzelmann-holz.de\/fr\/produkte\/\">\n\t\t\t\t\t\t<span class=\"elementor-button-content-wrapper\">\n\t\t\t\t\t\t\t\t\t<span class=\"elementor-button-text\">Nos produits<\/span>\n\t\t\t\t\t<\/span>\n\t\t\t\t\t<\/a>\n\t\t\t\t<\/div>\n\t\t\t\t\t\t\t\t<\/div>\n\t\t\t\t<\/div>\n\t\t\t\t\t<\/div>\n\t\t<\/div>\n\t\t\t\t<div class=\"elementor-column elementor-col-33 elementor-inner-column elementor-element elementor-element-9decdfa\" data-id=\"9decdfa\" data-element_type=\"column\" data-e-type=\"column\">\n\t\t\t<div class=\"elementor-widget-wrap elementor-element-populated\">\n\t\t\t\t\t\t<div class=\"elementor-element elementor-element-aac1a49 animated-slow elementor-invisible elementor-widget elementor-widget-button\" data-id=\"aac1a49\" data-element_type=\"widget\" data-e-type=\"widget\" data-settings=\"{&quot;_animation&quot;:&quot;fadeInUp&quot;,&quot;_animation_delay&quot;:600}\" data-widget_type=\"button.default\">\n\t\t\t\t<div class=\"elementor-widget-container\">\n\t\t\t\t\t\t\t\t\t<div class=\"elementor-button-wrapper\">\n\t\t\t\t\t<a class=\"elementor-button elementor-button-link elementor-size-sm elementor-animation-float\" href=\"https:\/\/heinzelmann-holz.de\/fr\/kontakt\/\">\n\t\t\t\t\t\t<span class=\"elementor-button-content-wrapper\">\n\t\t\t\t\t\t\t\t\t<span class=\"elementor-button-text\">Contact<\/span>\n\t\t\t\t\t<\/span>\n\t\t\t\t\t<\/a>\n\t\t\t\t<\/div>\n\t\t\t\t\t\t\t\t<\/div>\n\t\t\t\t<\/div>\n\t\t\t\t\t<\/div>\n\t\t<\/div>\n\t\t\t\t<div class=\"elementor-column elementor-col-33 elementor-inner-column elementor-element elementor-element-e3e7e5d\" data-id=\"e3e7e5d\" data-element_type=\"column\" data-e-type=\"column\">\n\t\t\t<div class=\"elementor-widget-wrap\">\n\t\t\t\t\t\t\t<\/div>\n\t\t<\/div>\n\t\t\t\t\t<\/div>\n\t\t<\/section>\n\t\t\t\t\t<\/div>\n\t\t<\/div>\n\t\t\t\t\t<\/div>\n\t\t<\/section>\n\t\t\t\t<section class=\"elementor-section elementor-top-section elementor-element elementor-element-8fa763c elementor-section-boxed elementor-section-height-default elementor-section-height-default\" data-id=\"8fa763c\" data-element_type=\"section\" data-e-type=\"section\">\n\t\t\t\t\t\t<div class=\"elementor-container elementor-column-gap-default\">\n\t\t\t\t\t<div class=\"elementor-column elementor-col-50 elementor-top-column elementor-element elementor-element-1e73af1\" data-id=\"1e73af1\" data-element_type=\"column\" data-e-type=\"column\">\n\t\t\t<div class=\"elementor-widget-wrap elementor-element-populated\">\n\t\t\t\t\t\t<div class=\"elementor-element elementor-element-47a44f1 animated-slow elementor-invisible elementor-widget elementor-widget-heading\" data-id=\"47a44f1\" data-element_type=\"widget\" data-e-type=\"widget\" data-settings=\"{&quot;_animation&quot;:&quot;fadeInUp&quot;,&quot;_animation_delay&quot;:200}\" data-widget_type=\"heading.default\">\n\t\t\t\t<div class=\"elementor-widget-container\">\n\t\t\t\t\t<h2 class=\"elementor-heading-title elementor-size-default\">Mondial<\/h2>\t\t\t\t<\/div>\n\t\t\t\t<\/div>\n\t\t\t\t<div class=\"elementor-element elementor-element-36566ed animated-slow elementor-invisible elementor-widget elementor-widget-text-editor\" data-id=\"36566ed\" data-element_type=\"widget\" data-e-type=\"widget\" data-settings=\"{&quot;_animation&quot;:&quot;fadeInUp&quot;,&quot;_animation_delay&quot;:400}\" data-widget_type=\"text-editor.default\">\n\t\t\t\t<div class=\"elementor-widget-container\">\n\t\t\t\t\t\t\t\t\t<p>Nos produits de qualit\u00e9 peuvent \u00eatre achemin\u00e9s par n&#039;importe quel itin\u00e9raire gr\u00e2ce \u00e0 une logistique optimis\u00e9e. Gr\u00e2ce \u00e0 de nombreuses ann\u00e9es d&#039;exp\u00e9rience sur le march\u00e9 international du bois sci\u00e9 et \u00e0 d&#039;excellents contacts dans notre industrie, nous sommes votre partenaire en bois de qualit\u00e9 pour le march\u00e9 national et international.<\/p><p>Possibilit\u00e9s de transport\u00a0:<\/p><p>camion, bateau, train<\/p>\t\t\t\t\t\t\t\t<\/div>\n\t\t\t\t<\/div>\n\t\t\t\t\t<\/div>\n\t\t<\/div>\n\t\t\t\t<div class=\"elementor-column elementor-col-50 elementor-top-column elementor-element elementor-element-77b6618 animated-slow elementor-invisible\" data-id=\"77b6618\" data-element_type=\"column\" data-e-type=\"column\" data-settings=\"{&quot;background_background&quot;:&quot;classic&quot;,&quot;animation&quot;:&quot;fadeInRight&quot;}\">\n\t\t\t<div class=\"elementor-widget-wrap elementor-element-populated\">\n\t\t\t\t\t\t<div class=\"elementor-element elementor-element-1c4f41c elementor-widget elementor-widget-spacer\" data-id=\"1c4f41c\" data-element_type=\"widget\" data-e-type=\"widget\" data-widget_type=\"spacer.default\">\n\t\t\t\t<div class=\"elementor-widget-container\">\n\t\t\t\t\t\t\t<div class=\"elementor-spacer\">\n\t\t\t<div class=\"elementor-spacer-inner\"><\/div>\n\t\t<\/div>\n\t\t\t\t\t\t<\/div>\n\t\t\t\t<\/div>\n\t\t\t\t\t<\/div>\n\t\t<\/div>\n\t\t\t\t\t<\/div>\n\t\t<\/section>\n\t\t\t\t<section class=\"elementor-section elementor-top-section elementor-element elementor-element-426c8356 elementor-section-boxed elementor-section-height-default elementor-section-height-default\" data-id=\"426c8356\" data-element_type=\"section\" data-e-type=\"section\">\n\t\t\t\t\t\t<div class=\"elementor-container elementor-column-gap-default\">\n\t\t\t\t\t<div class=\"elementor-column elementor-col-50 elementor-top-column elementor-element elementor-element-4039a1a3\" data-id=\"4039a1a3\" data-element_type=\"column\" data-e-type=\"column\" data-settings=\"{&quot;background_background&quot;:&quot;classic&quot;}\">\n\t\t\t<div class=\"elementor-widget-wrap elementor-element-populated\">\n\t\t\t\t\t\t<div class=\"elementor-element elementor-element-60f68b12 elementor-widget elementor-widget-spacer\" data-id=\"60f68b12\" data-element_type=\"widget\" data-e-type=\"widget\" data-widget_type=\"spacer.default\">\n\t\t\t\t<div class=\"elementor-widget-container\">\n\t\t\t\t\t\t\t<div class=\"elementor-spacer\">\n\t\t\t<div class=\"elementor-spacer-inner\"><\/div>\n\t\t<\/div>\n\t\t\t\t\t\t<\/div>\n\t\t\t\t<\/div>\n\t\t\t\t\t<\/div>\n\t\t<\/div>\n\t\t\t\t<div class=\"elementor-column elementor-col-50 elementor-top-column elementor-element elementor-element-15160eac\" data-id=\"15160eac\" data-element_type=\"column\" data-e-type=\"column\">\n\t\t\t<div class=\"elementor-widget-wrap elementor-element-populated\">\n\t\t\t\t\t\t<div class=\"elementor-element elementor-element-5fdf121c elementor-widget elementor-widget-heading\" data-id=\"5fdf121c\" data-element_type=\"widget\" data-e-type=\"widget\" data-widget_type=\"heading.default\">\n\t\t\t\t<div class=\"elementor-widget-container\">\n\t\t\t\t\t<h2 class=\"elementor-heading-title elementor-size-default\">International<\/h2>\t\t\t\t<\/div>\n\t\t\t\t<\/div>\n\t\t\t\t<div class=\"elementor-element elementor-element-6c371384 elementor-widget elementor-widget-text-editor\" data-id=\"6c371384\" data-element_type=\"widget\" data-e-type=\"widget\" data-widget_type=\"text-editor.default\">\n\t\t\t\t<div class=\"elementor-widget-container\">\n\t\t\t\t\t\t\t\t\t<p>Il existe une grande vari\u00e9t\u00e9 de conditions m\u00e9t\u00e9orologiques et de ravageurs dans le monde. Gr\u00e2ce \u00e0 nos d\u00e9cennies d&#039;exp\u00e9rience dans l&#039;impr\u00e9gnation sous pression de chaudi\u00e8res, nous prot\u00e9geons votre bois de la meilleure fa\u00e7on possible pour l&#039;usage auquel vous le destinez. L&#039;impr\u00e9gnation est r\u00e9alis\u00e9e avec des sels certifi\u00e9s et homologu\u00e9s en Europe tels que<strong>\u00a0impralit<sup>\u00ae<\/sup>-KDS<\/strong>\u00a0et\u00a0<strong>wolmanite<sup>\u00ae<\/sup>\u00a0CX-8<\/strong>. Les produits conviennent \u00e0 la protection du bois encastr\u00e9 de toutes sortes, \u00e0 l&#039;int\u00e9rieur et \u00e0 l&#039;ext\u00e9rieur, pour le bois en contact avec le sol et l&#039;eau, en particulier pour le bois de jardinage et d&#039;am\u00e9nagement paysager, pour les \u00e9quipements de terrains de jeux, les poteaux, les palissades, les cl\u00f4tures, les terrasses et bien plus encore.\u00a0<strong>Impr\u00e9gnation sous pression chaudi\u00e8re<\/strong>\u00a0selon DIN \u00e0 base de sel\u00a0<strong>jusqu&#039;\u00e0 16 m\u00e8tres de longueur et 3 m\u00e8tres de diam\u00e8tre<\/strong>. Les sels de pr\u00e9servation du bois innovants ont un excellent effet, se fixent rapidement et offrent une\u00a0<strong>une protection optimale pour votre bois et notre environnement<\/strong>. \u00a0<\/p>\t\t\t\t\t\t\t\t<\/div>\n\t\t\t\t<\/div>\n\t\t\t\t\t<\/div>\n\t\t<\/div>\n\t\t\t\t\t<\/div>\n\t\t<\/section>\n\t\t\t\t<section class=\"elementor-section elementor-top-section elementor-element elementor-element-bb2758b elementor-section-boxed elementor-section-height-default elementor-section-height-default\" data-id=\"bb2758b\" data-element_type=\"section\" data-e-type=\"section\">\n\t\t\t\t\t\t<div class=\"elementor-container elementor-column-gap-default\">\n\t\t\t\t\t<div class=\"elementor-column elementor-col-50 elementor-top-column elementor-element elementor-element-6027b63\" data-id=\"6027b63\" data-element_type=\"column\" data-e-type=\"column\">\n\t\t\t<div class=\"elementor-widget-wrap elementor-element-populated\">\n\t\t\t\t\t\t<div class=\"elementor-element elementor-element-ac57f6e animated-slow elementor-invisible elementor-widget elementor-widget-heading\" data-id=\"ac57f6e\" data-element_type=\"widget\" data-e-type=\"widget\" data-settings=\"{&quot;_animation&quot;:&quot;fadeInUp&quot;,&quot;_animation_delay&quot;:200}\" data-widget_type=\"heading.default\">\n\t\t\t\t<div class=\"elementor-widget-container\">\n\t\t\t\t\t<h2 class=\"elementor-heading-title elementor-size-default\">R\u00e9gional<\/h2>\t\t\t\t<\/div>\n\t\t\t\t<\/div>\n\t\t\t\t<div class=\"elementor-element elementor-element-4b3c610 animated-slow elementor-invisible elementor-widget elementor-widget-text-editor\" data-id=\"4b3c610\" data-element_type=\"widget\" data-e-type=\"widget\" data-settings=\"{&quot;_animation&quot;:&quot;fadeInUp&quot;,&quot;_animation_delay&quot;:400}\" data-widget_type=\"text-editor.default\">\n\t\t\t\t<div class=\"elementor-widget-container\">\n\t\t\t\t\t\t\t\t\t<p>Nous achetons nos grumes principalement dans un rayon de 50 km. En 1999, nous avons \u00e9t\u00e9 l&#039;une des premi\u00e8res entreprises \u00e0 recevoir le label international FSC.<strong><sup>\u00ae<\/sup><\/strong>\u00a0ont \u00e9t\u00e9 r\u00e9compens\u00e9s.<br \/><br \/>Bien s\u00fbr, nous assumons non seulement la responsabilit\u00e9 r\u00e9gionale de notre belle nature en For\u00eat-Noire, mais aussi de nos semblables. Nous fournissons plus de 400 foyers en \u00e9nergie renouvelable gr\u00e2ce \u00e0 nos syst\u00e8mes hydro\u00e9lectriques et photovolta\u00efques. Ce n&#039;est pas seulement bon pour la r\u00e9gion, mais pour tout le monde.<br \/><br \/>Nous appuyons \u00e9galement nos clubs locaux qui s&#039;engagent aupr\u00e8s de notre jeunesse et de notre r\u00e9gion.<\/p>\t\t\t\t\t\t\t\t<\/div>\n\t\t\t\t<\/div>\n\t\t\t\t\t<\/div>\n\t\t<\/div>\n\t\t\t\t<div class=\"elementor-column elementor-col-50 elementor-top-column elementor-element elementor-element-299a8b9 animated-slow elementor-invisible\" data-id=\"299a8b9\" data-element_type=\"column\" data-e-type=\"column\" data-settings=\"{&quot;background_background&quot;:&quot;classic&quot;,&quot;animation&quot;:&quot;fadeInRight&quot;}\">\n\t\t\t<div class=\"elementor-widget-wrap elementor-element-populated\">\n\t\t\t\t\t\t<div class=\"elementor-element elementor-element-78ea503 elementor-widget elementor-widget-spacer\" data-id=\"78ea503\" data-element_type=\"widget\" data-e-type=\"widget\" data-widget_type=\"spacer.default\">\n\t\t\t\t<div class=\"elementor-widget-container\">\n\t\t\t\t\t\t\t<div class=\"elementor-spacer\">\n\t\t\t<div class=\"elementor-spacer-inner\"><\/div>\n\t\t<\/div>\n\t\t\t\t\t\t<\/div>\n\t\t\t\t<\/div>\n\t\t\t\t\t<\/div>\n\t\t<\/div>\n\t\t\t\t\t<\/div>\n\t\t<\/section>\n\t\t\t\t<\/div>","protected":false},"excerpt":{"rendered":"<p>Heinzelmann Global Das S\u00e4gewerk im Schwarzwald\u00a0der Firma Heinzelmann liegt mitten im Herzen einer holzreichen Region mit besten Qualit\u00e4ten. Von hier aus liefern wir in die ganze Welt. Unsere Produkte Kontakt Global Unsere Qualit\u00e4tsprodukte k\u00f6nnen durch eine optimierte Logistik \u00fcber alle Wege versendet werden. Durch die langj\u00e4hrige Erfahrung im internationalen Schnittholzmarkt und die hervorragenden Kontakte in [&hellip;]<\/p>\n","protected":false},"author":11,"featured_media":0,"parent":1941,"menu_order":0,"comment_status":"closed","ping_status":"closed","template":"elementor_header_footer","meta":{"footnotes":""},"class_list":["post-2222","page","type-page","status-publish","hentry"],"yoast_head":"<!-- This site is optimized with the Yoast SEO plugin v27.3 - https:\/\/yoast.com\/product\/yoast-seo-wordpress\/ -->\n<title>Unternehmen Global - Heinzelmann Holz<\/title>\n<meta name=\"robots\" content=\"index, follow, max-snippet:-1, max-image-preview:large, max-video-preview:-1\" \/>\n<link rel=\"canonical\" href=\"https:\/\/heinzelmann-holz.de\/fr\/unternehmen\/unternehmen-global\/\" \/>\n<meta property=\"og:locale\" content=\"fr_FR\" \/>\n<meta property=\"og:type\" content=\"article\" \/>\n<meta property=\"og:title\" content=\"Unternehmen Global - Heinzelmann Holz\" \/>\n<meta property=\"og:description\" content=\"Heinzelmann Global Das S\u00e4gewerk im Schwarzwald\u00a0der Firma Heinzelmann liegt mitten im Herzen einer holzreichen Region mit besten Qualit\u00e4ten. Von hier aus liefern wir in die ganze Welt. Unsere Produkte Kontakt Global Unsere Qualit\u00e4tsprodukte k\u00f6nnen durch eine optimierte Logistik \u00fcber alle Wege versendet werden. Durch die langj\u00e4hrige Erfahrung im internationalen Schnittholzmarkt und die hervorragenden Kontakte in [&hellip;]\" \/>\n<meta property=\"og:url\" content=\"https:\/\/heinzelmann-holz.de\/fr\/unternehmen\/unternehmen-global\/\" \/>\n<meta property=\"og:site_name\" content=\"Heinzelmann Holz\" \/>\n<meta property=\"article:modified_time\" content=\"2023-03-16T16:12:21+00:00\" \/>\n<meta name=\"twitter:card\" content=\"summary_large_image\" \/>\n<meta name=\"twitter:label1\" content=\"Dur\u00e9e de lecture estim\u00e9e\" \/>\n\t<meta name=\"twitter:data1\" content=\"1 minute\" \/>\n<script type=\"application\/ld+json\" class=\"yoast-schema-graph\">{\"@context\":\"https:\\\/\\\/schema.org\",\"@graph\":[{\"@type\":\"WebPage\",\"@id\":\"https:\\\/\\\/heinzelmann-holz.de\\\/unternehmen\\\/unternehmen-global\\\/\",\"url\":\"https:\\\/\\\/heinzelmann-holz.de\\\/unternehmen\\\/unternehmen-global\\\/\",\"name\":\"Unternehmen Global - Heinzelmann Holz\",\"isPartOf\":{\"@id\":\"https:\\\/\\\/heinzelmann-holz.de\\\/de_de\\\/#website\"},\"datePublished\":\"2023-02-01T23:50:37+00:00\",\"dateModified\":\"2023-03-16T16:12:21+00:00\",\"breadcrumb\":{\"@id\":\"https:\\\/\\\/heinzelmann-holz.de\\\/unternehmen\\\/unternehmen-global\\\/#breadcrumb\"},\"inLanguage\":\"fr-FR\",\"potentialAction\":[{\"@type\":\"ReadAction\",\"target\":[\"https:\\\/\\\/heinzelmann-holz.de\\\/unternehmen\\\/unternehmen-global\\\/\"]}]},{\"@type\":\"BreadcrumbList\",\"@id\":\"https:\\\/\\\/heinzelmann-holz.de\\\/unternehmen\\\/unternehmen-global\\\/#breadcrumb\",\"itemListElement\":[{\"@type\":\"ListItem\",\"position\":1,\"name\":\"Startseite\",\"item\":\"https:\\\/\\\/heinzelmann-holz.de\\\/\"},{\"@type\":\"ListItem\",\"position\":2,\"name\":\"Unternehmen\",\"item\":\"https:\\\/\\\/heinzelmann-holz.de\\\/unternehmen\\\/\"},{\"@type\":\"ListItem\",\"position\":3,\"name\":\"Unternehmen Global\"}]},{\"@type\":\"WebSite\",\"@id\":\"https:\\\/\\\/heinzelmann-holz.de\\\/de_de\\\/#website\",\"url\":\"https:\\\/\\\/heinzelmann-holz.de\\\/de_de\\\/\",\"name\":\"Heinzelmann Holz\",\"description\":\"Holz &amp; Energie im Einklang mit der Natur\",\"publisher\":{\"@id\":\"https:\\\/\\\/heinzelmann-holz.de\\\/de_de\\\/#organization\"},\"potentialAction\":[{\"@type\":\"SearchAction\",\"target\":{\"@type\":\"EntryPoint\",\"urlTemplate\":\"https:\\\/\\\/heinzelmann-holz.de\\\/de_de\\\/?s={search_term_string}\"},\"query-input\":{\"@type\":\"PropertyValueSpecification\",\"valueRequired\":true,\"valueName\":\"search_term_string\"}}],\"inLanguage\":\"fr-FR\"},{\"@type\":\"Organization\",\"@id\":\"https:\\\/\\\/heinzelmann-holz.de\\\/de_de\\\/#organization\",\"name\":\"Heinzelmann\",\"url\":\"https:\\\/\\\/heinzelmann-holz.de\\\/de_de\\\/\",\"logo\":{\"@type\":\"ImageObject\",\"inLanguage\":\"fr-FR\",\"@id\":\"https:\\\/\\\/heinzelmann-holz.de\\\/de_de\\\/#\\\/schema\\\/logo\\\/image\\\/\",\"url\":\"https:\\\/\\\/heinzelmann-holz.de\\\/wp-content\\\/uploads\\\/2022\\\/11\\\/Heinzelmann-Logo.png\",\"contentUrl\":\"https:\\\/\\\/heinzelmann-holz.de\\\/wp-content\\\/uploads\\\/2022\\\/11\\\/Heinzelmann-Logo.png\",\"width\":402,\"height\":70,\"caption\":\"Heinzelmann\"},\"image\":{\"@id\":\"https:\\\/\\\/heinzelmann-holz.de\\\/de_de\\\/#\\\/schema\\\/logo\\\/image\\\/\"}}]}<\/script>\n<!-- \/ Yoast SEO plugin. -->","yoast_head_json":{"title":"Unternehmen Global - Heinzelmann Holz","robots":{"index":"index","follow":"follow","max-snippet":"max-snippet:-1","max-image-preview":"max-image-preview:large","max-video-preview":"max-video-preview:-1"},"canonical":"https:\/\/heinzelmann-holz.de\/fr\/unternehmen\/unternehmen-global\/","og_locale":"fr_FR","og_type":"article","og_title":"Unternehmen Global - Heinzelmann Holz","og_description":"Heinzelmann Global Das S\u00e4gewerk im Schwarzwald\u00a0der Firma Heinzelmann liegt mitten im Herzen einer holzreichen Region mit besten Qualit\u00e4ten. Von hier aus liefern wir in die ganze Welt. Unsere Produkte Kontakt Global Unsere Qualit\u00e4tsprodukte k\u00f6nnen durch eine optimierte Logistik \u00fcber alle Wege versendet werden. Durch die langj\u00e4hrige Erfahrung im internationalen Schnittholzmarkt und die hervorragenden Kontakte in [&hellip;]","og_url":"https:\/\/heinzelmann-holz.de\/fr\/unternehmen\/unternehmen-global\/","og_site_name":"Heinzelmann Holz","article_modified_time":"2023-03-16T16:12:21+00:00","twitter_card":"summary_large_image","twitter_misc":{"Dur\u00e9e de lecture estim\u00e9e":"1 minute"},"schema":{"@context":"https:\/\/schema.org","@graph":[{"@type":"WebPage","@id":"https:\/\/heinzelmann-holz.de\/unternehmen\/unternehmen-global\/","url":"https:\/\/heinzelmann-holz.de\/unternehmen\/unternehmen-global\/","name":"Unternehmen Global - Heinzelmann Holz","isPartOf":{"@id":"https:\/\/heinzelmann-holz.de\/de_de\/#website"},"datePublished":"2023-02-01T23:50:37+00:00","dateModified":"2023-03-16T16:12:21+00:00","breadcrumb":{"@id":"https:\/\/heinzelmann-holz.de\/unternehmen\/unternehmen-global\/#breadcrumb"},"inLanguage":"fr-FR","potentialAction":[{"@type":"ReadAction","target":["https:\/\/heinzelmann-holz.de\/unternehmen\/unternehmen-global\/"]}]},{"@type":"BreadcrumbList","@id":"https:\/\/heinzelmann-holz.de\/unternehmen\/unternehmen-global\/#breadcrumb","itemListElement":[{"@type":"ListItem","position":1,"name":"Startseite","item":"https:\/\/heinzelmann-holz.de\/"},{"@type":"ListItem","position":2,"name":"Unternehmen","item":"https:\/\/heinzelmann-holz.de\/unternehmen\/"},{"@type":"ListItem","position":3,"name":"Unternehmen Global"}]},{"@type":"WebSite","@id":"https:\/\/heinzelmann-holz.de\/de_de\/#website","url":"https:\/\/heinzelmann-holz.de\/de_de\/","name":"Heinzelmann Holz","description":"Holz &amp; Energie im Einklang mit der Natur","publisher":{"@id":"https:\/\/heinzelmann-holz.de\/de_de\/#organization"},"potentialAction":[{"@type":"SearchAction","target":{"@type":"EntryPoint","urlTemplate":"https:\/\/heinzelmann-holz.de\/de_de\/?s={search_term_string}"},"query-input":{"@type":"PropertyValueSpecification","valueRequired":true,"valueName":"search_term_string"}}],"inLanguage":"fr-FR"},{"@type":"Organization","@id":"https:\/\/heinzelmann-holz.de\/de_de\/#organization","name":"Heinzelmann","url":"https:\/\/heinzelmann-holz.de\/de_de\/","logo":{"@type":"ImageObject","inLanguage":"fr-FR","@id":"https:\/\/heinzelmann-holz.de\/de_de\/#\/schema\/logo\/image\/","url":"https:\/\/heinzelmann-holz.de\/wp-content\/uploads\/2022\/11\/Heinzelmann-Logo.png","contentUrl":"https:\/\/heinzelmann-holz.de\/wp-content\/uploads\/2022\/11\/Heinzelmann-Logo.png","width":402,"height":70,"caption":"Heinzelmann"},"image":{"@id":"https:\/\/heinzelmann-holz.de\/de_de\/#\/schema\/logo\/image\/"}}]}},"_links":{"self":[{"href":"https:\/\/heinzelmann-holz.de\/fr\/wp-json\/wp\/v2\/pages\/2222","targetHints":{"allow":["GET"]}}],"collection":[{"href":"https:\/\/heinzelmann-holz.de\/fr\/wp-json\/wp\/v2\/pages"}],"about":[{"href":"https:\/\/heinzelmann-holz.de\/fr\/wp-json\/wp\/v2\/types\/page"}],"author":[{"embeddable":true,"href":"https:\/\/heinzelmann-holz.de\/fr\/wp-json\/wp\/v2\/users\/11"}],"replies":[{"embeddable":true,"href":"https:\/\/heinzelmann-holz.de\/fr\/wp-json\/wp\/v2\/comments?post=2222"}],"version-history":[{"count":16,"href":"https:\/\/heinzelmann-holz.de\/fr\/wp-json\/wp\/v2\/pages\/2222\/revisions"}],"predecessor-version":[{"id":2950,"href":"https:\/\/heinzelmann-holz.de\/fr\/wp-json\/wp\/v2\/pages\/2222\/revisions\/2950"}],"up":[{"embeddable":true,"href":"https:\/\/heinzelmann-holz.de\/fr\/wp-json\/wp\/v2\/pages\/1941"}],"wp:attachment":[{"href":"https:\/\/heinzelmann-holz.de\/fr\/wp-json\/wp\/v2\/media?parent=2222"}],"curies":[{"name":"wp","href":"https:\/\/api.w.org\/{rel}","templated":true}]}}