{"id":716,"date":"2022-12-02T10:24:27","date_gmt":"2022-12-02T10:24:27","guid":{"rendered":"https:\/\/heinzelmann-holz.de\/?page_id=716"},"modified":"2023-04-17T13:18:46","modified_gmt":"2023-04-17T13:18:46","slug":"stromablesung","status":"publish","type":"page","link":"https:\/\/heinzelmann-holz.de\/en\/energie\/stromhandel\/stromablesung\/","title":{"rendered":"current reading"},"content":{"rendered":"\t\t<div data-elementor-type=\"wp-page\" data-elementor-id=\"716\" class=\"elementor elementor-716\" data-elementor-post-type=\"page\">\n\t\t\t\t\t\t<section class=\"elementor-section elementor-top-section elementor-element elementor-element-2440100 elementor-section-boxed elementor-section-height-default elementor-section-height-default\" data-id=\"2440100\" data-element_type=\"section\" data-e-type=\"section\" data-settings=\"{&quot;background_background&quot;:&quot;classic&quot;}\">\n\t\t\t\t\t\t\t<div class=\"elementor-background-overlay\"><\/div>\n\t\t\t\t\t\t\t<div class=\"elementor-container elementor-column-gap-default\">\n\t\t\t\t\t<div class=\"elementor-column elementor-col-100 elementor-top-column elementor-element elementor-element-21eac81\" data-id=\"21eac81\" data-element_type=\"column\" data-e-type=\"column\">\n\t\t\t<div class=\"elementor-widget-wrap elementor-element-populated\">\n\t\t\t\t\t\t<div class=\"elementor-element elementor-element-36c4fa1 animated-slow elementor-invisible elementor-widget elementor-widget-heading\" data-id=\"36c4fa1\" data-element_type=\"widget\" data-e-type=\"widget\" data-settings=\"{&quot;_animation&quot;:&quot;fadeInUp&quot;,&quot;_animation_delay&quot;:200}\" data-widget_type=\"heading.default\">\n\t\t\t\t<div class=\"elementor-widget-container\">\n\t\t\t\t\t<h1 class=\"elementor-heading-title elementor-size-default\">STROMABLESUNG \u2013 WIE FUNKTIONIERT\u2019S?\n<\/h1>\t\t\t\t<\/div>\n\t\t\t\t<\/div>\n\t\t\t\t<div class=\"elementor-element elementor-element-5f6ad8a animated-slow elementor-invisible elementor-widget elementor-widget-text-editor\" data-id=\"5f6ad8a\" data-element_type=\"widget\" data-e-type=\"widget\" data-settings=\"{&quot;_animation&quot;:&quot;fadeInUp&quot;,&quot;_animation_delay&quot;:400}\" data-widget_type=\"text-editor.default\">\n\t\t\t\t<div class=\"elementor-widget-container\">\n\t\t\t\t\t\t\t\t\t<p>Keine Sorge, Sie mu\u0308ssen nicht in den Wald um Ihren Za\u0308hler abzulesen. Das geht ganz bequem von zuhause aus. Hier erfahren Sie, wie Sie Ihren Za\u0308hler ablesen. Die Za\u0308hlersta\u0308nde ko\u0308nnen Sie dann ganz einfach u\u0308ber unsere Formulare, per Mail oder Telefon uns mitteilen.<\/p>\t\t\t\t\t\t\t\t<\/div>\n\t\t\t\t<\/div>\n\t\t\t\t\t<\/div>\n\t\t<\/div>\n\t\t\t\t\t<\/div>\n\t\t<\/section>\n\t\t\t\t<section class=\"elementor-section elementor-top-section elementor-element elementor-element-42115ff1 elementor-section-boxed elementor-section-height-default elementor-section-height-default\" data-id=\"42115ff1\" data-element_type=\"section\" data-e-type=\"section\">\n\t\t\t\t\t\t<div class=\"elementor-container elementor-column-gap-default\">\n\t\t\t\t\t<div class=\"elementor-column elementor-col-50 elementor-top-column elementor-element elementor-element-e6a534c animated-slow elementor-invisible\" data-id=\"e6a534c\" data-element_type=\"column\" data-e-type=\"column\" data-settings=\"{&quot;background_background&quot;:&quot;classic&quot;,&quot;animation&quot;:&quot;fadeInLeft&quot;,&quot;motion_fx_motion_fx_scrolling&quot;:&quot;yes&quot;,&quot;motion_fx_translateY_effect&quot;:&quot;yes&quot;,&quot;motion_fx_translateY_direction&quot;:&quot;negative&quot;,&quot;motion_fx_translateY_speed&quot;:{&quot;unit&quot;:&quot;px&quot;,&quot;size&quot;:0.3,&quot;sizes&quot;:[]},&quot;motion_fx_translateY_affectedRange&quot;:{&quot;unit&quot;:&quot;%&quot;,&quot;size&quot;:&quot;&quot;,&quot;sizes&quot;:{&quot;start&quot;:0,&quot;end&quot;:100}},&quot;motion_fx_devices&quot;:[&quot;desktop&quot;,&quot;tablet&quot;,&quot;mobile&quot;]}\">\n\t\t\t<div class=\"elementor-widget-wrap elementor-element-populated\">\n\t\t\t\t\t\t<div class=\"elementor-element elementor-element-22d0e479 elementor-widget elementor-widget-spacer\" data-id=\"22d0e479\" data-element_type=\"widget\" data-e-type=\"widget\" data-widget_type=\"spacer.default\">\n\t\t\t\t<div class=\"elementor-widget-container\">\n\t\t\t\t\t\t\t<div class=\"elementor-spacer\">\n\t\t\t<div class=\"elementor-spacer-inner\"><\/div>\n\t\t<\/div>\n\t\t\t\t\t\t<\/div>\n\t\t\t\t<\/div>\n\t\t\t\t\t<\/div>\n\t\t<\/div>\n\t\t\t\t<div class=\"elementor-column elementor-col-50 elementor-top-column elementor-element elementor-element-642ff66f\" data-id=\"642ff66f\" data-element_type=\"column\" data-e-type=\"column\">\n\t\t\t<div class=\"elementor-widget-wrap elementor-element-populated\">\n\t\t\t\t\t\t<div class=\"elementor-element elementor-element-292a7b4c animated-slow elementor-invisible elementor-widget elementor-widget-heading\" data-id=\"292a7b4c\" data-element_type=\"widget\" data-e-type=\"widget\" data-settings=\"{&quot;_animation&quot;:&quot;fadeInUp&quot;,&quot;_animation_delay&quot;:200}\" data-widget_type=\"heading.default\">\n\t\t\t\t<div class=\"elementor-widget-container\">\n\t\t\t\t\t<h2 class=\"elementor-heading-title elementor-size-default\">Ferraris-Z\u00e4hler\n<\/h2>\t\t\t\t<\/div>\n\t\t\t\t<\/div>\n\t\t\t\t<div class=\"elementor-element elementor-element-5e2f4497 animated-slow elementor-invisible elementor-widget elementor-widget-text-editor\" data-id=\"5e2f4497\" data-element_type=\"widget\" data-e-type=\"widget\" data-settings=\"{&quot;_animation&quot;:&quot;fadeInUp&quot;,&quot;_animation_delay&quot;:400}\" data-widget_type=\"text-editor.default\">\n\t\t\t\t<div class=\"elementor-widget-container\">\n\t\t\t\t\t\t\t\t\t<div class=\"shortcode1-2 \">Hier sehen Sie ein Beispielbild des Ferraris-Z\u00e4hlers. Die Stromz\u00e4hlernummer steht in der Regel oberhalb und hat 6 bis 11 Ziffern. Vor der Stromz\u00e4hlernummer steht das K\u00fcrzel \u201eNr.\u201c. Sollte Ihr Stromz\u00e4hler bereits eine Heinzelmann-Nummer haben geben Sie bitte stets die Heinzelmann-Nummer an (neuere Modelle). Unterhalb wird Ihr Stromverbrauch angezeigt (Z\u00e4hlerstand). Die meisten Z\u00e4hler geben den Stromverbrauch mit einer Kommastelle an. Diese wird aber nicht ben\u00f6tigt. In diesem Beispielbild h\u00e4tten wir die Heinzelmann-Z\u00e4hlernummer\u00a0<b>175<\/b>\u00a0(oder\u00a0<b>8.836.787<\/b>) und einen Z\u00e4hlerstand von\u00a0<b>6<\/b>. Sollten Sie Probleme bei der Z\u00e4hlerablesung haben rufen Sie uns doch bitte an oder schreiben uns eine Mail. Wir helfen Ihnen gerne.<\/div>\t\t\t\t\t\t\t\t<\/div>\n\t\t\t\t<\/div>\n\t\t\t\t\t<\/div>\n\t\t<\/div>\n\t\t\t\t\t<\/div>\n\t\t<\/section>\n\t\t\t\t<section class=\"elementor-section elementor-top-section elementor-element elementor-element-22cd05c elementor-section-boxed elementor-section-height-default elementor-section-height-default\" data-id=\"22cd05c\" data-element_type=\"section\" data-e-type=\"section\">\n\t\t\t\t\t\t<div class=\"elementor-container elementor-column-gap-default\">\n\t\t\t\t\t<div class=\"elementor-column elementor-col-50 elementor-top-column elementor-element elementor-element-d17c157\" data-id=\"d17c157\" data-element_type=\"column\" data-e-type=\"column\">\n\t\t\t<div class=\"elementor-widget-wrap elementor-element-populated\">\n\t\t\t\t\t\t<div class=\"elementor-element elementor-element-2b520b0 animated-slow elementor-invisible elementor-widget elementor-widget-heading\" data-id=\"2b520b0\" data-element_type=\"widget\" data-e-type=\"widget\" data-settings=\"{&quot;_animation&quot;:&quot;fadeInUp&quot;,&quot;_animation_delay&quot;:200}\" data-widget_type=\"heading.default\">\n\t\t\t\t<div class=\"elementor-widget-container\">\n\t\t\t\t\t<h2 class=\"elementor-heading-title elementor-size-default\">Digitaler-Z\u00e4hler\n<\/h2>\t\t\t\t<\/div>\n\t\t\t\t<\/div>\n\t\t\t\t<div class=\"elementor-element elementor-element-99f86ec animated-slow elementor-invisible elementor-widget elementor-widget-text-editor\" data-id=\"99f86ec\" data-element_type=\"widget\" data-e-type=\"widget\" data-settings=\"{&quot;_animation&quot;:&quot;fadeInUp&quot;,&quot;_animation_delay&quot;:400}\" data-widget_type=\"text-editor.default\">\n\t\t\t\t<div class=\"elementor-widget-container\">\n\t\t\t\t\t\t\t\t\t<div class=\"shortcode1-2 \"><div class=\"shortcode1-2 last\">Hier sehen Sie ein Beispielbild des digitalen Z\u00e4hlers. In der Anzeige k\u00f6nnen Sie die Z\u00e4hlerst\u00e4nde ablesen. Die Anzeige wechselt automatisch alle 10 Sekunden. 1.8.0 = Bezug Eintarif 1.8.1 = Bezug Hochtarif (HT) 1.8.2 = Bezug Niedertarif (NT) 2.8.0 = Erzeugung bzw. Einspeisung In der Regel ben\u00f6tigen wir 1.8.0 und 2.8.0. Die Z\u00e4hlernummer finden Sie rechts unten. Sollten Sie Probleme bei der Z\u00e4hlerablesung haben rufen Sie uns doch bitte an oder schreiben uns eine Mail. Wir helfen Ihnen gerne.<\/div><div class=\"clear\">\u00a0<\/div><\/div>\t\t\t\t\t\t\t\t<\/div>\n\t\t\t\t<\/div>\n\t\t\t\t\t<\/div>\n\t\t<\/div>\n\t\t\t\t<div class=\"elementor-column elementor-col-50 elementor-top-column elementor-element elementor-element-1019fd8 animated-slow elementor-invisible\" data-id=\"1019fd8\" data-element_type=\"column\" data-e-type=\"column\" data-settings=\"{&quot;background_background&quot;:&quot;classic&quot;,&quot;animation&quot;:&quot;fadeInRight&quot;,&quot;motion_fx_motion_fx_scrolling&quot;:&quot;yes&quot;,&quot;motion_fx_translateY_effect&quot;:&quot;yes&quot;,&quot;motion_fx_translateY_direction&quot;:&quot;negative&quot;,&quot;motion_fx_translateY_speed&quot;:{&quot;unit&quot;:&quot;px&quot;,&quot;size&quot;:0.3,&quot;sizes&quot;:[]},&quot;motion_fx_translateY_affectedRange&quot;:{&quot;unit&quot;:&quot;%&quot;,&quot;size&quot;:&quot;&quot;,&quot;sizes&quot;:{&quot;start&quot;:0,&quot;end&quot;:100}},&quot;motion_fx_devices&quot;:[&quot;desktop&quot;,&quot;tablet&quot;,&quot;mobile&quot;]}\">\n\t\t\t<div class=\"elementor-widget-wrap elementor-element-populated\">\n\t\t\t\t\t\t<div class=\"elementor-element elementor-element-7ec2769 elementor-widget elementor-widget-spacer\" data-id=\"7ec2769\" data-element_type=\"widget\" data-e-type=\"widget\" data-widget_type=\"spacer.default\">\n\t\t\t\t<div class=\"elementor-widget-container\">\n\t\t\t\t\t\t\t<div class=\"elementor-spacer\">\n\t\t\t<div class=\"elementor-spacer-inner\"><\/div>\n\t\t<\/div>\n\t\t\t\t\t\t<\/div>\n\t\t\t\t<\/div>\n\t\t\t\t\t<\/div>\n\t\t<\/div>\n\t\t\t\t\t<\/div>\n\t\t<\/section>\n\t\t\t\t<\/div>\n\t\t","protected":false},"excerpt":{"rendered":"<p>STROMABLESUNG \u2013 WIE FUNKTIONIERT\u2019S? Keine Sorge, Sie mu\u0308ssen nicht in den Wald um Ihren Za\u0308hler abzulesen. Das geht ganz bequem von zuhause aus. Hier erfahren Sie, wie Sie Ihren Za\u0308hler ablesen. Die Za\u0308hlersta\u0308nde ko\u0308nnen Sie dann ganz einfach u\u0308ber unsere Formulare, per Mail oder Telefon uns mitteilen. Ferraris-Z\u00e4hler Hier sehen Sie ein Beispielbild des Ferraris-Z\u00e4hlers. [&hellip;]<\/p>\n","protected":false},"author":11,"featured_media":0,"parent":588,"menu_order":0,"comment_status":"closed","ping_status":"closed","template":"elementor_header_footer","meta":{"footnotes":""},"class_list":["post-716","page","type-page","status-publish","hentry"],"yoast_head":"<!-- This site is optimized with the Yoast SEO plugin v27.3 - https:\/\/yoast.com\/product\/yoast-seo-wordpress\/ -->\n<title>Stromablesung - Heinzelmann Holz<\/title>\n<meta name=\"robots\" content=\"index, follow, max-snippet:-1, max-image-preview:large, max-video-preview:-1\" \/>\n<link rel=\"canonical\" href=\"https:\/\/heinzelmann-holz.de\/en\/energie\/stromhandel\/stromablesung\/\" \/>\n<meta property=\"og:locale\" content=\"en_US\" \/>\n<meta property=\"og:type\" content=\"article\" \/>\n<meta property=\"og:title\" content=\"Stromablesung - Heinzelmann Holz\" \/>\n<meta property=\"og:description\" content=\"STROMABLESUNG \u2013 WIE FUNKTIONIERT\u2019S? Keine Sorge, Sie mu\u0308ssen nicht in den Wald um Ihren Za\u0308hler abzulesen. Das geht ganz bequem von zuhause aus. Hier erfahren Sie, wie Sie Ihren Za\u0308hler ablesen. Die Za\u0308hlersta\u0308nde ko\u0308nnen Sie dann ganz einfach u\u0308ber unsere Formulare, per Mail oder Telefon uns mitteilen. Ferraris-Z\u00e4hler Hier sehen Sie ein Beispielbild des Ferraris-Z\u00e4hlers. [&hellip;]\" \/>\n<meta property=\"og:url\" content=\"https:\/\/heinzelmann-holz.de\/en\/energie\/stromhandel\/stromablesung\/\" \/>\n<meta property=\"og:site_name\" content=\"Heinzelmann Holz\" \/>\n<meta property=\"article:modified_time\" content=\"2023-04-17T13:18:46+00:00\" \/>\n<meta name=\"twitter:card\" content=\"summary_large_image\" \/>\n<meta name=\"twitter:label1\" content=\"Est. reading time\" \/>\n\t<meta name=\"twitter:data1\" content=\"1 minute\" \/>\n<script type=\"application\/ld+json\" class=\"yoast-schema-graph\">{\"@context\":\"https:\\\/\\\/schema.org\",\"@graph\":[{\"@type\":\"WebPage\",\"@id\":\"https:\\\/\\\/heinzelmann-holz.de\\\/energie\\\/stromhandel\\\/stromablesung\\\/\",\"url\":\"https:\\\/\\\/heinzelmann-holz.de\\\/energie\\\/stromhandel\\\/stromablesung\\\/\",\"name\":\"Stromablesung - Heinzelmann Holz\",\"isPartOf\":{\"@id\":\"https:\\\/\\\/heinzelmann-holz.de\\\/de_de\\\/#website\"},\"datePublished\":\"2022-12-02T10:24:27+00:00\",\"dateModified\":\"2023-04-17T13:18:46+00:00\",\"breadcrumb\":{\"@id\":\"https:\\\/\\\/heinzelmann-holz.de\\\/energie\\\/stromhandel\\\/stromablesung\\\/#breadcrumb\"},\"inLanguage\":\"en-US\",\"potentialAction\":[{\"@type\":\"ReadAction\",\"target\":[\"https:\\\/\\\/heinzelmann-holz.de\\\/energie\\\/stromhandel\\\/stromablesung\\\/\"]}]},{\"@type\":\"BreadcrumbList\",\"@id\":\"https:\\\/\\\/heinzelmann-holz.de\\\/energie\\\/stromhandel\\\/stromablesung\\\/#breadcrumb\",\"itemListElement\":[{\"@type\":\"ListItem\",\"position\":1,\"name\":\"Startseite\",\"item\":\"https:\\\/\\\/heinzelmann-holz.de\\\/\"},{\"@type\":\"ListItem\",\"position\":2,\"name\":\"eHome\",\"item\":\"https:\\\/\\\/heinzelmann-holz.de\\\/energie\\\/\"},{\"@type\":\"ListItem\",\"position\":3,\"name\":\"Energie\",\"item\":\"https:\\\/\\\/heinzelmann-holz.de\\\/energie\\\/stromhandel\\\/\"},{\"@type\":\"ListItem\",\"position\":4,\"name\":\"Stromablesung\"}]},{\"@type\":\"WebSite\",\"@id\":\"https:\\\/\\\/heinzelmann-holz.de\\\/de_de\\\/#website\",\"url\":\"https:\\\/\\\/heinzelmann-holz.de\\\/de_de\\\/\",\"name\":\"Heinzelmann Holz\",\"description\":\"Holz &amp; Energie im Einklang mit der Natur\",\"publisher\":{\"@id\":\"https:\\\/\\\/heinzelmann-holz.de\\\/de_de\\\/#organization\"},\"potentialAction\":[{\"@type\":\"SearchAction\",\"target\":{\"@type\":\"EntryPoint\",\"urlTemplate\":\"https:\\\/\\\/heinzelmann-holz.de\\\/de_de\\\/?s={search_term_string}\"},\"query-input\":{\"@type\":\"PropertyValueSpecification\",\"valueRequired\":true,\"valueName\":\"search_term_string\"}}],\"inLanguage\":\"en-US\"},{\"@type\":\"Organization\",\"@id\":\"https:\\\/\\\/heinzelmann-holz.de\\\/de_de\\\/#organization\",\"name\":\"Heinzelmann\",\"url\":\"https:\\\/\\\/heinzelmann-holz.de\\\/de_de\\\/\",\"logo\":{\"@type\":\"ImageObject\",\"inLanguage\":\"en-US\",\"@id\":\"https:\\\/\\\/heinzelmann-holz.de\\\/de_de\\\/#\\\/schema\\\/logo\\\/image\\\/\",\"url\":\"https:\\\/\\\/heinzelmann-holz.de\\\/wp-content\\\/uploads\\\/2022\\\/11\\\/Heinzelmann-Logo.png\",\"contentUrl\":\"https:\\\/\\\/heinzelmann-holz.de\\\/wp-content\\\/uploads\\\/2022\\\/11\\\/Heinzelmann-Logo.png\",\"width\":402,\"height\":70,\"caption\":\"Heinzelmann\"},\"image\":{\"@id\":\"https:\\\/\\\/heinzelmann-holz.de\\\/de_de\\\/#\\\/schema\\\/logo\\\/image\\\/\"}}]}<\/script>\n<!-- \/ Yoast SEO plugin. -->","yoast_head_json":{"title":"Stromablesung - Heinzelmann Holz","robots":{"index":"index","follow":"follow","max-snippet":"max-snippet:-1","max-image-preview":"max-image-preview:large","max-video-preview":"max-video-preview:-1"},"canonical":"https:\/\/heinzelmann-holz.de\/en\/energie\/stromhandel\/stromablesung\/","og_locale":"en_US","og_type":"article","og_title":"Stromablesung - Heinzelmann Holz","og_description":"STROMABLESUNG \u2013 WIE FUNKTIONIERT\u2019S? Keine Sorge, Sie mu\u0308ssen nicht in den Wald um Ihren Za\u0308hler abzulesen. Das geht ganz bequem von zuhause aus. Hier erfahren Sie, wie Sie Ihren Za\u0308hler ablesen. Die Za\u0308hlersta\u0308nde ko\u0308nnen Sie dann ganz einfach u\u0308ber unsere Formulare, per Mail oder Telefon uns mitteilen. Ferraris-Z\u00e4hler Hier sehen Sie ein Beispielbild des Ferraris-Z\u00e4hlers. [&hellip;]","og_url":"https:\/\/heinzelmann-holz.de\/en\/energie\/stromhandel\/stromablesung\/","og_site_name":"Heinzelmann Holz","article_modified_time":"2023-04-17T13:18:46+00:00","twitter_card":"summary_large_image","twitter_misc":{"Est. reading time":"1 minute"},"schema":{"@context":"https:\/\/schema.org","@graph":[{"@type":"WebPage","@id":"https:\/\/heinzelmann-holz.de\/energie\/stromhandel\/stromablesung\/","url":"https:\/\/heinzelmann-holz.de\/energie\/stromhandel\/stromablesung\/","name":"Stromablesung - Heinzelmann Holz","isPartOf":{"@id":"https:\/\/heinzelmann-holz.de\/de_de\/#website"},"datePublished":"2022-12-02T10:24:27+00:00","dateModified":"2023-04-17T13:18:46+00:00","breadcrumb":{"@id":"https:\/\/heinzelmann-holz.de\/energie\/stromhandel\/stromablesung\/#breadcrumb"},"inLanguage":"en-US","potentialAction":[{"@type":"ReadAction","target":["https:\/\/heinzelmann-holz.de\/energie\/stromhandel\/stromablesung\/"]}]},{"@type":"BreadcrumbList","@id":"https:\/\/heinzelmann-holz.de\/energie\/stromhandel\/stromablesung\/#breadcrumb","itemListElement":[{"@type":"ListItem","position":1,"name":"Startseite","item":"https:\/\/heinzelmann-holz.de\/"},{"@type":"ListItem","position":2,"name":"eHome","item":"https:\/\/heinzelmann-holz.de\/energie\/"},{"@type":"ListItem","position":3,"name":"Energie","item":"https:\/\/heinzelmann-holz.de\/energie\/stromhandel\/"},{"@type":"ListItem","position":4,"name":"Stromablesung"}]},{"@type":"WebSite","@id":"https:\/\/heinzelmann-holz.de\/de_de\/#website","url":"https:\/\/heinzelmann-holz.de\/de_de\/","name":"Heinzelmann Holz","description":"Holz &amp; Energie im Einklang mit der Natur","publisher":{"@id":"https:\/\/heinzelmann-holz.de\/de_de\/#organization"},"potentialAction":[{"@type":"SearchAction","target":{"@type":"EntryPoint","urlTemplate":"https:\/\/heinzelmann-holz.de\/de_de\/?s={search_term_string}"},"query-input":{"@type":"PropertyValueSpecification","valueRequired":true,"valueName":"search_term_string"}}],"inLanguage":"en-US"},{"@type":"Organization","@id":"https:\/\/heinzelmann-holz.de\/de_de\/#organization","name":"Heinzelmann","url":"https:\/\/heinzelmann-holz.de\/de_de\/","logo":{"@type":"ImageObject","inLanguage":"en-US","@id":"https:\/\/heinzelmann-holz.de\/de_de\/#\/schema\/logo\/image\/","url":"https:\/\/heinzelmann-holz.de\/wp-content\/uploads\/2022\/11\/Heinzelmann-Logo.png","contentUrl":"https:\/\/heinzelmann-holz.de\/wp-content\/uploads\/2022\/11\/Heinzelmann-Logo.png","width":402,"height":70,"caption":"Heinzelmann"},"image":{"@id":"https:\/\/heinzelmann-holz.de\/de_de\/#\/schema\/logo\/image\/"}}]}},"_links":{"self":[{"href":"https:\/\/heinzelmann-holz.de\/en\/wp-json\/wp\/v2\/pages\/716","targetHints":{"allow":["GET"]}}],"collection":[{"href":"https:\/\/heinzelmann-holz.de\/en\/wp-json\/wp\/v2\/pages"}],"about":[{"href":"https:\/\/heinzelmann-holz.de\/en\/wp-json\/wp\/v2\/types\/page"}],"author":[{"embeddable":true,"href":"https:\/\/heinzelmann-holz.de\/en\/wp-json\/wp\/v2\/users\/11"}],"replies":[{"embeddable":true,"href":"https:\/\/heinzelmann-holz.de\/en\/wp-json\/wp\/v2\/comments?post=716"}],"version-history":[{"count":31,"href":"https:\/\/heinzelmann-holz.de\/en\/wp-json\/wp\/v2\/pages\/716\/revisions"}],"predecessor-version":[{"id":3067,"href":"https:\/\/heinzelmann-holz.de\/en\/wp-json\/wp\/v2\/pages\/716\/revisions\/3067"}],"up":[{"embeddable":true,"href":"https:\/\/heinzelmann-holz.de\/en\/wp-json\/wp\/v2\/pages\/588"}],"wp:attachment":[{"href":"https:\/\/heinzelmann-holz.de\/en\/wp-json\/wp\/v2\/media?parent=716"}],"curies":[{"name":"wp","href":"https:\/\/api.w.org\/{rel}","templated":true}]}}