{"id":690,"date":"2022-12-01T12:41:27","date_gmt":"2022-12-01T12:41:27","guid":{"rendered":"https:\/\/heinzelmann-holz.de\/?page_id=690"},"modified":"2022-12-05T11:24:59","modified_gmt":"2022-12-05T11:24:59","slug":"stromerzeugung","status":"publish","type":"page","link":"https:\/\/heinzelmann-holz.de\/en\/energie\/stromhandel\/stromerzeugung\/","title":{"rendered":"power generation"},"content":{"rendered":"\t\t<div data-elementor-type=\"wp-page\" data-elementor-id=\"690\" class=\"elementor elementor-690\" data-elementor-post-type=\"page\">\n\t\t\t\t\t\t<section class=\"elementor-section elementor-top-section elementor-element elementor-element-2440100 elementor-section-boxed elementor-section-height-default elementor-section-height-default\" data-id=\"2440100\" data-element_type=\"section\" data-e-type=\"section\" data-settings=\"{&quot;background_background&quot;:&quot;classic&quot;}\">\n\t\t\t\t\t\t\t<div class=\"elementor-background-overlay\"><\/div>\n\t\t\t\t\t\t\t<div class=\"elementor-container elementor-column-gap-default\">\n\t\t\t\t\t<div class=\"elementor-column elementor-col-100 elementor-top-column elementor-element elementor-element-21eac81\" data-id=\"21eac81\" data-element_type=\"column\" data-e-type=\"column\">\n\t\t\t<div class=\"elementor-widget-wrap elementor-element-populated\">\n\t\t\t\t\t\t<div class=\"elementor-element elementor-element-36c4fa1 animated-slow elementor-invisible elementor-widget elementor-widget-heading\" data-id=\"36c4fa1\" data-element_type=\"widget\" data-e-type=\"widget\" data-settings=\"{&quot;_animation&quot;:&quot;fadeInUp&quot;,&quot;_animation_delay&quot;:200}\" data-widget_type=\"heading.default\">\n\t\t\t\t<div class=\"elementor-widget-container\">\n\t\t\t\t\t<h1 class=\"elementor-heading-title elementor-size-default\">Stromerzeugung<\/h1>\t\t\t\t<\/div>\n\t\t\t\t<\/div>\n\t\t\t\t<div class=\"elementor-element elementor-element-5f6ad8a animated-slow elementor-invisible elementor-widget elementor-widget-text-editor\" data-id=\"5f6ad8a\" data-element_type=\"widget\" data-e-type=\"widget\" data-settings=\"{&quot;_animation&quot;:&quot;fadeInUp&quot;,&quot;_animation_delay&quot;:400}\" data-widget_type=\"text-editor.default\">\n\t\t\t\t<div class=\"elementor-widget-container\">\n\t\t\t\t\t\t\t\t\t<p>Energie gewinnen im Einklang mit der Natur<\/p>\t\t\t\t\t\t\t\t<\/div>\n\t\t\t\t<\/div>\n\t\t\t\t<section class=\"elementor-section elementor-inner-section elementor-element elementor-element-65fe821 elementor-section-boxed elementor-section-height-default elementor-section-height-default\" data-id=\"65fe821\" data-element_type=\"section\" data-e-type=\"section\">\n\t\t\t\t\t\t<div class=\"elementor-container elementor-column-gap-default\">\n\t\t\t\t\t<div class=\"elementor-column elementor-col-33 elementor-inner-column elementor-element elementor-element-65d4689\" data-id=\"65d4689\" data-element_type=\"column\" data-e-type=\"column\">\n\t\t\t<div class=\"elementor-widget-wrap elementor-element-populated\">\n\t\t\t\t\t\t<div class=\"elementor-element elementor-element-3a4862c animated-slow elementor-invisible elementor-widget elementor-widget-button\" data-id=\"3a4862c\" data-element_type=\"widget\" data-e-type=\"widget\" data-settings=\"{&quot;_animation&quot;:&quot;fadeInUp&quot;,&quot;_animation_delay&quot;:600}\" data-widget_type=\"button.default\">\n\t\t\t\t<div class=\"elementor-widget-container\">\n\t\t\t\t\t\t\t\t\t<div class=\"elementor-button-wrapper\">\n\t\t\t\t\t<a class=\"elementor-button elementor-button-link elementor-size-sm elementor-animation-float\" href=\"#\">\n\t\t\t\t\t\t<span class=\"elementor-button-content-wrapper\">\n\t\t\t\t\t\t\t\t\t<span class=\"elementor-button-text\">Button Text<\/span>\n\t\t\t\t\t<\/span>\n\t\t\t\t\t<\/a>\n\t\t\t\t<\/div>\n\t\t\t\t\t\t\t\t<\/div>\n\t\t\t\t<\/div>\n\t\t\t\t\t<\/div>\n\t\t<\/div>\n\t\t\t\t<div class=\"elementor-column elementor-col-33 elementor-inner-column elementor-element elementor-element-9decdfa\" data-id=\"9decdfa\" data-element_type=\"column\" data-e-type=\"column\">\n\t\t\t<div class=\"elementor-widget-wrap elementor-element-populated\">\n\t\t\t\t\t\t<div class=\"elementor-element elementor-element-aac1a49 animated-slow elementor-invisible elementor-widget elementor-widget-button\" data-id=\"aac1a49\" data-element_type=\"widget\" data-e-type=\"widget\" data-settings=\"{&quot;_animation&quot;:&quot;fadeInUp&quot;,&quot;_animation_delay&quot;:600}\" data-widget_type=\"button.default\">\n\t\t\t\t<div class=\"elementor-widget-container\">\n\t\t\t\t\t\t\t\t\t<div class=\"elementor-button-wrapper\">\n\t\t\t\t\t<a class=\"elementor-button elementor-button-link elementor-size-sm elementor-animation-float\" href=\"#\">\n\t\t\t\t\t\t<span class=\"elementor-button-content-wrapper\">\n\t\t\t\t\t\t\t\t\t<span class=\"elementor-button-text\">Button Text<\/span>\n\t\t\t\t\t<\/span>\n\t\t\t\t\t<\/a>\n\t\t\t\t<\/div>\n\t\t\t\t\t\t\t\t<\/div>\n\t\t\t\t<\/div>\n\t\t\t\t\t<\/div>\n\t\t<\/div>\n\t\t\t\t<div class=\"elementor-column elementor-col-33 elementor-inner-column elementor-element elementor-element-e3e7e5d\" data-id=\"e3e7e5d\" data-element_type=\"column\" data-e-type=\"column\">\n\t\t\t<div class=\"elementor-widget-wrap\">\n\t\t\t\t\t\t\t<\/div>\n\t\t<\/div>\n\t\t\t\t\t<\/div>\n\t\t<\/section>\n\t\t\t\t\t<\/div>\n\t\t<\/div>\n\t\t\t\t\t<\/div>\n\t\t<\/section>\n\t\t\t\t<section class=\"elementor-section elementor-top-section elementor-element elementor-element-42115ff1 elementor-section-boxed elementor-section-height-default elementor-section-height-default\" data-id=\"42115ff1\" data-element_type=\"section\" data-e-type=\"section\">\n\t\t\t\t\t\t<div class=\"elementor-container elementor-column-gap-default\">\n\t\t\t\t\t<div class=\"elementor-column elementor-col-50 elementor-top-column elementor-element elementor-element-e6a534c animated-slow elementor-invisible\" data-id=\"e6a534c\" data-element_type=\"column\" data-e-type=\"column\" data-settings=\"{&quot;background_background&quot;:&quot;classic&quot;,&quot;animation&quot;:&quot;fadeInRight&quot;,&quot;motion_fx_motion_fx_scrolling&quot;:&quot;yes&quot;,&quot;motion_fx_translateY_effect&quot;:&quot;yes&quot;,&quot;motion_fx_translateY_direction&quot;:&quot;negative&quot;,&quot;motion_fx_translateY_speed&quot;:{&quot;unit&quot;:&quot;px&quot;,&quot;size&quot;:0.3,&quot;sizes&quot;:[]},&quot;motion_fx_translateY_affectedRange&quot;:{&quot;unit&quot;:&quot;%&quot;,&quot;size&quot;:&quot;&quot;,&quot;sizes&quot;:{&quot;start&quot;:0,&quot;end&quot;:100}},&quot;motion_fx_devices&quot;:[&quot;desktop&quot;,&quot;tablet&quot;,&quot;mobile&quot;]}\">\n\t\t\t<div class=\"elementor-widget-wrap elementor-element-populated\">\n\t\t\t\t\t\t<div class=\"elementor-element elementor-element-22d0e479 elementor-widget elementor-widget-spacer\" data-id=\"22d0e479\" data-element_type=\"widget\" data-e-type=\"widget\" data-widget_type=\"spacer.default\">\n\t\t\t\t<div class=\"elementor-widget-container\">\n\t\t\t\t\t\t\t<div class=\"elementor-spacer\">\n\t\t\t<div class=\"elementor-spacer-inner\"><\/div>\n\t\t<\/div>\n\t\t\t\t\t\t<\/div>\n\t\t\t\t<\/div>\n\t\t\t\t\t<\/div>\n\t\t<\/div>\n\t\t\t\t<div class=\"elementor-column elementor-col-50 elementor-top-column elementor-element elementor-element-642ff66f\" data-id=\"642ff66f\" data-element_type=\"column\" data-e-type=\"column\">\n\t\t\t<div class=\"elementor-widget-wrap elementor-element-populated\">\n\t\t\t\t\t\t<div class=\"elementor-element elementor-element-292a7b4c animated-slow elementor-invisible elementor-widget elementor-widget-heading\" data-id=\"292a7b4c\" data-element_type=\"widget\" data-e-type=\"widget\" data-settings=\"{&quot;_animation&quot;:&quot;fadeInUp&quot;,&quot;_animation_delay&quot;:200}\" data-widget_type=\"heading.default\">\n\t\t\t\t<div class=\"elementor-widget-container\">\n\t\t\t\t\t<h2 class=\"elementor-heading-title elementor-size-default\">Strom erzeugen im Einklang mit der Natur<\/h2>\t\t\t\t<\/div>\n\t\t\t\t<\/div>\n\t\t\t\t<div class=\"elementor-element elementor-element-5e2f4497 animated-slow elementor-invisible elementor-widget elementor-widget-text-editor\" data-id=\"5e2f4497\" data-element_type=\"widget\" data-e-type=\"widget\" data-settings=\"{&quot;_animation&quot;:&quot;fadeInUp&quot;,&quot;_animation_delay&quot;:400}\" data-widget_type=\"text-editor.default\">\n\t\t\t\t<div class=\"elementor-widget-container\">\n\t\t\t\t\t\t\t\t\t<p><strong>d&#8217;Kinzigt\u00e4ler<\/strong>\u00a0Einhundert Prozent saubere Energie aus Wasserkraft und Photovoltaik. Aus unserer Heimat: dem Kinzigtal.<br \/>Mit unserem Kinzigt\u00e4ler sind Sie einer der wenigen Kunden bundesweit, die f\u00fcr sich in Anspruch nehmen k\u00f6nnen, dass Sie nahezu ausschlie\u00dflich direkt und unmittelbar aus regenerativen Quellen mit Strom versorgt werden.<br \/><br \/>Auf unseren D\u00e4chern sind ca. 700 kWp installiert und weitere 500 kWp kommen von unseren regionalen Kunden und Lieferanten hinzu. Heute ist unser Unternehmen fokussiert auf die umweltfreundliche Gewinnung von Strom aus allen regenerativen Energietr\u00e4gern wie Wasser, Solar und Biomasse. Heute betreiben wir vier Wasserkraftanlagen, welche an der Kinzig saubere Energie erzeugen und Sie rund um die Uhr zuverl\u00e4ssig versorgen.<\/p>\t\t\t\t\t\t\t\t<\/div>\n\t\t\t\t<\/div>\n\t\t\t\t\t<\/div>\n\t\t<\/div>\n\t\t\t\t\t<\/div>\n\t\t<\/section>\n\t\t\t\t<\/div>\n\t\t","protected":false},"excerpt":{"rendered":"<p>Stromerzeugung Energie gewinnen im Einklang mit der Natur Button Text Button Text Strom erzeugen im Einklang mit der Natur d&#8217;Kinzigt\u00e4ler\u00a0Einhundert Prozent saubere Energie aus Wasserkraft und Photovoltaik. Aus unserer Heimat: dem Kinzigtal.Mit unserem Kinzigt\u00e4ler sind Sie einer der wenigen Kunden bundesweit, die f\u00fcr sich in Anspruch nehmen k\u00f6nnen, dass Sie nahezu ausschlie\u00dflich direkt und unmittelbar [&hellip;]<\/p>\n","protected":false},"author":11,"featured_media":0,"parent":588,"menu_order":0,"comment_status":"closed","ping_status":"closed","template":"elementor_header_footer","meta":{"footnotes":""},"class_list":["post-690","page","type-page","status-publish","hentry"],"yoast_head":"<!-- This site is optimized with the Yoast SEO plugin v27.3 - https:\/\/yoast.com\/product\/yoast-seo-wordpress\/ -->\n<title>Stromerzeugung - Heinzelmann Holz<\/title>\n<meta name=\"robots\" content=\"index, follow, max-snippet:-1, max-image-preview:large, max-video-preview:-1\" \/>\n<link rel=\"canonical\" href=\"https:\/\/heinzelmann-holz.de\/en\/energie\/stromhandel\/stromerzeugung\/\" \/>\n<meta property=\"og:locale\" content=\"en_US\" \/>\n<meta property=\"og:type\" content=\"article\" \/>\n<meta property=\"og:title\" content=\"Stromerzeugung - Heinzelmann Holz\" \/>\n<meta property=\"og:description\" content=\"Stromerzeugung Energie gewinnen im Einklang mit der Natur Button Text Button Text Strom erzeugen im Einklang mit der Natur d&#8217;Kinzigt\u00e4ler\u00a0Einhundert Prozent saubere Energie aus Wasserkraft und Photovoltaik. Aus unserer Heimat: dem Kinzigtal.Mit unserem Kinzigt\u00e4ler sind Sie einer der wenigen Kunden bundesweit, die f\u00fcr sich in Anspruch nehmen k\u00f6nnen, dass Sie nahezu ausschlie\u00dflich direkt und unmittelbar [&hellip;]\" \/>\n<meta property=\"og:url\" content=\"https:\/\/heinzelmann-holz.de\/en\/energie\/stromhandel\/stromerzeugung\/\" \/>\n<meta property=\"og:site_name\" content=\"Heinzelmann Holz\" \/>\n<meta property=\"article:modified_time\" content=\"2022-12-05T11:24:59+00:00\" \/>\n<meta name=\"twitter:card\" content=\"summary_large_image\" \/>\n<meta name=\"twitter:label1\" content=\"Est. reading time\" \/>\n\t<meta name=\"twitter:data1\" content=\"1 minute\" \/>\n<script type=\"application\/ld+json\" class=\"yoast-schema-graph\">{\"@context\":\"https:\\\/\\\/schema.org\",\"@graph\":[{\"@type\":\"WebPage\",\"@id\":\"https:\\\/\\\/heinzelmann-holz.de\\\/energie\\\/stromhandel\\\/stromerzeugung\\\/\",\"url\":\"https:\\\/\\\/heinzelmann-holz.de\\\/energie\\\/stromhandel\\\/stromerzeugung\\\/\",\"name\":\"Stromerzeugung - Heinzelmann Holz\",\"isPartOf\":{\"@id\":\"https:\\\/\\\/heinzelmann-holz.de\\\/de_de\\\/#website\"},\"datePublished\":\"2022-12-01T12:41:27+00:00\",\"dateModified\":\"2022-12-05T11:24:59+00:00\",\"breadcrumb\":{\"@id\":\"https:\\\/\\\/heinzelmann-holz.de\\\/energie\\\/stromhandel\\\/stromerzeugung\\\/#breadcrumb\"},\"inLanguage\":\"en-US\",\"potentialAction\":[{\"@type\":\"ReadAction\",\"target\":[\"https:\\\/\\\/heinzelmann-holz.de\\\/energie\\\/stromhandel\\\/stromerzeugung\\\/\"]}]},{\"@type\":\"BreadcrumbList\",\"@id\":\"https:\\\/\\\/heinzelmann-holz.de\\\/energie\\\/stromhandel\\\/stromerzeugung\\\/#breadcrumb\",\"itemListElement\":[{\"@type\":\"ListItem\",\"position\":1,\"name\":\"Startseite\",\"item\":\"https:\\\/\\\/heinzelmann-holz.de\\\/\"},{\"@type\":\"ListItem\",\"position\":2,\"name\":\"eHome\",\"item\":\"https:\\\/\\\/heinzelmann-holz.de\\\/energie\\\/\"},{\"@type\":\"ListItem\",\"position\":3,\"name\":\"Energie\",\"item\":\"https:\\\/\\\/heinzelmann-holz.de\\\/energie\\\/stromhandel\\\/\"},{\"@type\":\"ListItem\",\"position\":4,\"name\":\"Stromerzeugung\"}]},{\"@type\":\"WebSite\",\"@id\":\"https:\\\/\\\/heinzelmann-holz.de\\\/de_de\\\/#website\",\"url\":\"https:\\\/\\\/heinzelmann-holz.de\\\/de_de\\\/\",\"name\":\"Heinzelmann Holz\",\"description\":\"Holz &amp; Energie im Einklang mit der Natur\",\"publisher\":{\"@id\":\"https:\\\/\\\/heinzelmann-holz.de\\\/de_de\\\/#organization\"},\"potentialAction\":[{\"@type\":\"SearchAction\",\"target\":{\"@type\":\"EntryPoint\",\"urlTemplate\":\"https:\\\/\\\/heinzelmann-holz.de\\\/de_de\\\/?s={search_term_string}\"},\"query-input\":{\"@type\":\"PropertyValueSpecification\",\"valueRequired\":true,\"valueName\":\"search_term_string\"}}],\"inLanguage\":\"en-US\"},{\"@type\":\"Organization\",\"@id\":\"https:\\\/\\\/heinzelmann-holz.de\\\/de_de\\\/#organization\",\"name\":\"Heinzelmann\",\"url\":\"https:\\\/\\\/heinzelmann-holz.de\\\/de_de\\\/\",\"logo\":{\"@type\":\"ImageObject\",\"inLanguage\":\"en-US\",\"@id\":\"https:\\\/\\\/heinzelmann-holz.de\\\/de_de\\\/#\\\/schema\\\/logo\\\/image\\\/\",\"url\":\"https:\\\/\\\/heinzelmann-holz.de\\\/wp-content\\\/uploads\\\/2022\\\/11\\\/Heinzelmann-Logo.png\",\"contentUrl\":\"https:\\\/\\\/heinzelmann-holz.de\\\/wp-content\\\/uploads\\\/2022\\\/11\\\/Heinzelmann-Logo.png\",\"width\":402,\"height\":70,\"caption\":\"Heinzelmann\"},\"image\":{\"@id\":\"https:\\\/\\\/heinzelmann-holz.de\\\/de_de\\\/#\\\/schema\\\/logo\\\/image\\\/\"}}]}<\/script>\n<!-- \/ Yoast SEO plugin. -->","yoast_head_json":{"title":"Stromerzeugung - Heinzelmann Holz","robots":{"index":"index","follow":"follow","max-snippet":"max-snippet:-1","max-image-preview":"max-image-preview:large","max-video-preview":"max-video-preview:-1"},"canonical":"https:\/\/heinzelmann-holz.de\/en\/energie\/stromhandel\/stromerzeugung\/","og_locale":"en_US","og_type":"article","og_title":"Stromerzeugung - Heinzelmann Holz","og_description":"Stromerzeugung Energie gewinnen im Einklang mit der Natur Button Text Button Text Strom erzeugen im Einklang mit der Natur d&#8217;Kinzigt\u00e4ler\u00a0Einhundert Prozent saubere Energie aus Wasserkraft und Photovoltaik. Aus unserer Heimat: dem Kinzigtal.Mit unserem Kinzigt\u00e4ler sind Sie einer der wenigen Kunden bundesweit, die f\u00fcr sich in Anspruch nehmen k\u00f6nnen, dass Sie nahezu ausschlie\u00dflich direkt und unmittelbar [&hellip;]","og_url":"https:\/\/heinzelmann-holz.de\/en\/energie\/stromhandel\/stromerzeugung\/","og_site_name":"Heinzelmann Holz","article_modified_time":"2022-12-05T11:24:59+00:00","twitter_card":"summary_large_image","twitter_misc":{"Est. reading time":"1 minute"},"schema":{"@context":"https:\/\/schema.org","@graph":[{"@type":"WebPage","@id":"https:\/\/heinzelmann-holz.de\/energie\/stromhandel\/stromerzeugung\/","url":"https:\/\/heinzelmann-holz.de\/energie\/stromhandel\/stromerzeugung\/","name":"Stromerzeugung - Heinzelmann Holz","isPartOf":{"@id":"https:\/\/heinzelmann-holz.de\/de_de\/#website"},"datePublished":"2022-12-01T12:41:27+00:00","dateModified":"2022-12-05T11:24:59+00:00","breadcrumb":{"@id":"https:\/\/heinzelmann-holz.de\/energie\/stromhandel\/stromerzeugung\/#breadcrumb"},"inLanguage":"en-US","potentialAction":[{"@type":"ReadAction","target":["https:\/\/heinzelmann-holz.de\/energie\/stromhandel\/stromerzeugung\/"]}]},{"@type":"BreadcrumbList","@id":"https:\/\/heinzelmann-holz.de\/energie\/stromhandel\/stromerzeugung\/#breadcrumb","itemListElement":[{"@type":"ListItem","position":1,"name":"Startseite","item":"https:\/\/heinzelmann-holz.de\/"},{"@type":"ListItem","position":2,"name":"eHome","item":"https:\/\/heinzelmann-holz.de\/energie\/"},{"@type":"ListItem","position":3,"name":"Energie","item":"https:\/\/heinzelmann-holz.de\/energie\/stromhandel\/"},{"@type":"ListItem","position":4,"name":"Stromerzeugung"}]},{"@type":"WebSite","@id":"https:\/\/heinzelmann-holz.de\/de_de\/#website","url":"https:\/\/heinzelmann-holz.de\/de_de\/","name":"Heinzelmann Holz","description":"Holz &amp; Energie im Einklang mit der Natur","publisher":{"@id":"https:\/\/heinzelmann-holz.de\/de_de\/#organization"},"potentialAction":[{"@type":"SearchAction","target":{"@type":"EntryPoint","urlTemplate":"https:\/\/heinzelmann-holz.de\/de_de\/?s={search_term_string}"},"query-input":{"@type":"PropertyValueSpecification","valueRequired":true,"valueName":"search_term_string"}}],"inLanguage":"en-US"},{"@type":"Organization","@id":"https:\/\/heinzelmann-holz.de\/de_de\/#organization","name":"Heinzelmann","url":"https:\/\/heinzelmann-holz.de\/de_de\/","logo":{"@type":"ImageObject","inLanguage":"en-US","@id":"https:\/\/heinzelmann-holz.de\/de_de\/#\/schema\/logo\/image\/","url":"https:\/\/heinzelmann-holz.de\/wp-content\/uploads\/2022\/11\/Heinzelmann-Logo.png","contentUrl":"https:\/\/heinzelmann-holz.de\/wp-content\/uploads\/2022\/11\/Heinzelmann-Logo.png","width":402,"height":70,"caption":"Heinzelmann"},"image":{"@id":"https:\/\/heinzelmann-holz.de\/de_de\/#\/schema\/logo\/image\/"}}]}},"_links":{"self":[{"href":"https:\/\/heinzelmann-holz.de\/en\/wp-json\/wp\/v2\/pages\/690","targetHints":{"allow":["GET"]}}],"collection":[{"href":"https:\/\/heinzelmann-holz.de\/en\/wp-json\/wp\/v2\/pages"}],"about":[{"href":"https:\/\/heinzelmann-holz.de\/en\/wp-json\/wp\/v2\/types\/page"}],"author":[{"embeddable":true,"href":"https:\/\/heinzelmann-holz.de\/en\/wp-json\/wp\/v2\/users\/11"}],"replies":[{"embeddable":true,"href":"https:\/\/heinzelmann-holz.de\/en\/wp-json\/wp\/v2\/comments?post=690"}],"version-history":[{"count":16,"href":"https:\/\/heinzelmann-holz.de\/en\/wp-json\/wp\/v2\/pages\/690\/revisions"}],"predecessor-version":[{"id":992,"href":"https:\/\/heinzelmann-holz.de\/en\/wp-json\/wp\/v2\/pages\/690\/revisions\/992"}],"up":[{"embeddable":true,"href":"https:\/\/heinzelmann-holz.de\/en\/wp-json\/wp\/v2\/pages\/588"}],"wp:attachment":[{"href":"https:\/\/heinzelmann-holz.de\/en\/wp-json\/wp\/v2\/media?parent=690"}],"curies":[{"name":"wp","href":"https:\/\/api.w.org\/{rel}","templated":true}]}}