{"id":414,"date":"2022-11-29T12:22:02","date_gmt":"2022-11-29T12:22:02","guid":{"rendered":"https:\/\/heinzelmann-holz.de\/?page_id=414"},"modified":"2023-05-12T08:45:03","modified_gmt":"2023-05-12T08:45:03","slug":"das-saegewerk-im-schwarzwald","status":"publish","type":"page","link":"https:\/\/heinzelmann-holz.de\/en\/unternehmen\/das-saegewerk-im-schwarzwald\/","title":{"rendered":"Our company"},"content":{"rendered":"<div data-elementor-type=\"wp-page\" data-elementor-id=\"414\" class=\"elementor elementor-414\" data-elementor-post-type=\"page\">\n\t\t\t\t\t\t<section class=\"elementor-section elementor-top-section elementor-element elementor-element-2440100 elementor-section-boxed elementor-section-height-default elementor-section-height-default\" data-id=\"2440100\" data-element_type=\"section\" data-e-type=\"section\" data-settings=\"{&quot;background_background&quot;:&quot;classic&quot;}\">\n\t\t\t\t\t\t\t<div class=\"elementor-background-overlay\"><\/div>\n\t\t\t\t\t\t\t<div class=\"elementor-container elementor-column-gap-default\">\n\t\t\t\t\t<div class=\"elementor-column elementor-col-100 elementor-top-column elementor-element elementor-element-21eac81\" data-id=\"21eac81\" data-element_type=\"column\" data-e-type=\"column\">\n\t\t\t<div class=\"elementor-widget-wrap elementor-element-populated\">\n\t\t\t\t\t\t<div class=\"elementor-element elementor-element-36c4fa1 animated-slow elementor-invisible elementor-widget elementor-widget-heading\" data-id=\"36c4fa1\" data-element_type=\"widget\" data-e-type=\"widget\" data-settings=\"{&quot;_animation&quot;:&quot;fadeInUp&quot;,&quot;_animation_delay&quot;:200}\" data-widget_type=\"heading.default\">\n\t\t\t\t<div class=\"elementor-widget-container\">\n\t\t\t\t\t<h1 class=\"elementor-heading-title elementor-size-default\">Our  <\/br>\nOur company<\/h1>\t\t\t\t<\/div>\n\t\t\t\t<\/div>\n\t\t\t\t<div class=\"elementor-element elementor-element-5f6ad8a animated-slow elementor-invisible elementor-widget elementor-widget-text-editor\" data-id=\"5f6ad8a\" data-element_type=\"widget\" data-e-type=\"widget\" data-settings=\"{&quot;_animation&quot;:&quot;fadeInUp&quot;,&quot;_animation_delay&quot;:400}\" data-widget_type=\"text-editor.default\">\n\t\t\t\t<div class=\"elementor-widget-container\">\n\t\t\t\t\t\t\t\t\t<p>We process the domestic softwoods spruce, fir, pine, Douglas fir and larch according to the individual wishes of our customers and ship the goods all over the world. Our products are used to create halls, houses, bridges and much more.<\/p>\t\t\t\t\t\t\t\t<\/div>\n\t\t\t\t<\/div>\n\t\t\t\t<section class=\"elementor-section elementor-inner-section elementor-element elementor-element-65fe821 elementor-section-boxed elementor-section-height-default elementor-section-height-default\" data-id=\"65fe821\" data-element_type=\"section\" data-e-type=\"section\">\n\t\t\t\t\t\t<div class=\"elementor-container elementor-column-gap-default\">\n\t\t\t\t\t<div class=\"elementor-column elementor-col-33 elementor-inner-column elementor-element elementor-element-65d4689\" data-id=\"65d4689\" data-element_type=\"column\" data-e-type=\"column\">\n\t\t\t<div class=\"elementor-widget-wrap elementor-element-populated\">\n\t\t\t\t\t\t<div class=\"elementor-element elementor-element-3a4862c animated-slow elementor-invisible elementor-widget elementor-widget-button\" data-id=\"3a4862c\" data-element_type=\"widget\" data-e-type=\"widget\" data-settings=\"{&quot;_animation&quot;:&quot;fadeInUp&quot;,&quot;_animation_delay&quot;:600}\" data-widget_type=\"button.default\">\n\t\t\t\t<div class=\"elementor-widget-container\">\n\t\t\t\t\t\t\t\t\t<div class=\"elementor-button-wrapper\">\n\t\t\t\t\t<a class=\"elementor-button elementor-button-link elementor-size-sm elementor-animation-float\" href=\"https:\/\/heinzelmann-holz.de\/en\/produkte\/\">\n\t\t\t\t\t\t<span class=\"elementor-button-content-wrapper\">\n\t\t\t\t\t\t\t\t\t<span class=\"elementor-button-text\">Our products<\/span>\n\t\t\t\t\t<\/span>\n\t\t\t\t\t<\/a>\n\t\t\t\t<\/div>\n\t\t\t\t\t\t\t\t<\/div>\n\t\t\t\t<\/div>\n\t\t\t\t\t<\/div>\n\t\t<\/div>\n\t\t\t\t<div class=\"elementor-column elementor-col-33 elementor-inner-column elementor-element elementor-element-9decdfa\" data-id=\"9decdfa\" data-element_type=\"column\" data-e-type=\"column\">\n\t\t\t<div class=\"elementor-widget-wrap elementor-element-populated\">\n\t\t\t\t\t\t<div class=\"elementor-element elementor-element-aac1a49 animated-slow elementor-invisible elementor-widget elementor-widget-button\" data-id=\"aac1a49\" data-element_type=\"widget\" data-e-type=\"widget\" data-settings=\"{&quot;_animation&quot;:&quot;fadeInUp&quot;,&quot;_animation_delay&quot;:600}\" data-widget_type=\"button.default\">\n\t\t\t\t<div class=\"elementor-widget-container\">\n\t\t\t\t\t\t\t\t\t<div class=\"elementor-button-wrapper\">\n\t\t\t\t\t<a class=\"elementor-button elementor-button-link elementor-size-sm elementor-animation-float\" href=\"https:\/\/heinzelmann-holz.de\/en\/kontakt\/\">\n\t\t\t\t\t\t<span class=\"elementor-button-content-wrapper\">\n\t\t\t\t\t\t\t\t\t<span class=\"elementor-button-text\">Contact<\/span>\n\t\t\t\t\t<\/span>\n\t\t\t\t\t<\/a>\n\t\t\t\t<\/div>\n\t\t\t\t\t\t\t\t<\/div>\n\t\t\t\t<\/div>\n\t\t\t\t\t<\/div>\n\t\t<\/div>\n\t\t\t\t<div class=\"elementor-column elementor-col-33 elementor-inner-column elementor-element elementor-element-e3e7e5d\" data-id=\"e3e7e5d\" data-element_type=\"column\" data-e-type=\"column\">\n\t\t\t<div class=\"elementor-widget-wrap\">\n\t\t\t\t\t\t\t<\/div>\n\t\t<\/div>\n\t\t\t\t\t<\/div>\n\t\t<\/section>\n\t\t\t\t\t<\/div>\n\t\t<\/div>\n\t\t\t\t\t<\/div>\n\t\t<\/section>\n\t\t\t\t<section class=\"elementor-section elementor-top-section elementor-element elementor-element-0f0ecd6 elementor-section-boxed elementor-section-height-default elementor-section-height-default\" data-id=\"0f0ecd6\" data-element_type=\"section\" data-e-type=\"section\" data-settings=\"{&quot;background_background&quot;:&quot;classic&quot;}\">\n\t\t\t\t\t\t\t<div class=\"elementor-background-overlay\"><\/div>\n\t\t\t\t\t\t\t<div class=\"elementor-container elementor-column-gap-default\">\n\t\t\t\t\t<div class=\"elementor-column elementor-col-100 elementor-top-column elementor-element elementor-element-7c4cd8e\" data-id=\"7c4cd8e\" data-element_type=\"column\" data-e-type=\"column\">\n\t\t\t<div class=\"elementor-widget-wrap elementor-element-populated\">\n\t\t\t\t\t\t<div class=\"elementor-element elementor-element-bb66438 animated-slow elementor-invisible elementor-widget elementor-widget-heading\" data-id=\"bb66438\" data-element_type=\"widget\" data-e-type=\"widget\" data-settings=\"{&quot;_animation&quot;:&quot;fadeInUp&quot;,&quot;_animation_delay&quot;:200}\" data-widget_type=\"heading.default\">\n\t\t\t\t<div class=\"elementor-widget-container\">\n\t\t\t\t\t<h2 class=\"elementor-heading-title elementor-size-default\">HEINZELMANN COMPANY<\/h2>\t\t\t\t<\/div>\n\t\t\t\t<\/div>\n\t\t\t\t<div class=\"elementor-element elementor-element-84b3535 animated-slow elementor-invisible elementor-widget elementor-widget-text-editor\" data-id=\"84b3535\" data-element_type=\"widget\" data-e-type=\"widget\" data-settings=\"{&quot;_animation&quot;:&quot;fadeInUp&quot;,&quot;_animation_delay&quot;:400}\" data-widget_type=\"text-editor.default\">\n\t\t\t\t<div class=\"elementor-widget-container\">\n\t\t\t\t\t\t\t\t\t<p>The Heinzelmann sawmill is located in the middle of the Black Forest, a wood-rich region with the best qualities. Your orders are manufactured individually according to your wishes on a highly flexible chipper and gang machine, profiled in our own planing plant or planed on all sides. With our decades of experience in the field of pressure impregnation, we are able to protect wood against all weather conditions. Two systems - one with a length of 16 meters and a diameter of 1.80 meters and a system with a length of 6 meters and a diameter of 2.80 meters - can optimally impregnate all types of wood.\u00a0<br \/><br \/>Drying takes place using a state-of-the-art wood chip heating system at low temperatures, in a way that conserves resources and is of excellent quality.\u00a0<\/p>\t\t\t\t\t\t\t\t<\/div>\n\t\t\t\t<\/div>\n\t\t\t\t\t<\/div>\n\t\t<\/div>\n\t\t\t\t\t<\/div>\n\t\t<\/section>\n\t\t\t\t<section class=\"elementor-section elementor-top-section elementor-element elementor-element-5a9c641 elementor-section-height-min-height elementor-section-boxed elementor-section-height-default elementor-section-items-middle\" data-id=\"5a9c641\" data-element_type=\"section\" data-e-type=\"section\" data-settings=\"{&quot;background_background&quot;:&quot;classic&quot;}\">\n\t\t\t\t\t\t<div class=\"elementor-container elementor-column-gap-default\">\n\t\t\t\t\t<div class=\"elementor-column elementor-col-100 elementor-top-column elementor-element elementor-element-3f712e3\" data-id=\"3f712e3\" data-element_type=\"column\" data-e-type=\"column\">\n\t\t\t<div class=\"elementor-widget-wrap\">\n\t\t\t\t\t\t\t<\/div>\n\t\t<\/div>\n\t\t\t\t\t<\/div>\n\t\t<\/section>\n\t\t\t\t<section class=\"elementor-section elementor-top-section elementor-element elementor-element-426c8356 elementor-section-boxed elementor-section-height-default elementor-section-height-default\" data-id=\"426c8356\" data-element_type=\"section\" data-e-type=\"section\">\n\t\t\t\t\t\t<div class=\"elementor-container elementor-column-gap-default\">\n\t\t\t\t\t<div class=\"elementor-column elementor-col-50 elementor-top-column elementor-element elementor-element-4039a1a3\" data-id=\"4039a1a3\" data-element_type=\"column\" data-e-type=\"column\" data-settings=\"{&quot;background_background&quot;:&quot;classic&quot;}\">\n\t\t\t<div class=\"elementor-widget-wrap elementor-element-populated\">\n\t\t\t\t\t\t<div class=\"elementor-element elementor-element-60f68b12 elementor-widget elementor-widget-spacer\" data-id=\"60f68b12\" data-element_type=\"widget\" data-e-type=\"widget\" data-widget_type=\"spacer.default\">\n\t\t\t\t<div class=\"elementor-widget-container\">\n\t\t\t\t\t\t\t<div class=\"elementor-spacer\">\n\t\t\t<div class=\"elementor-spacer-inner\"><\/div>\n\t\t<\/div>\n\t\t\t\t\t\t<\/div>\n\t\t\t\t<\/div>\n\t\t\t\t\t<\/div>\n\t\t<\/div>\n\t\t\t\t<div class=\"elementor-column elementor-col-50 elementor-top-column elementor-element elementor-element-15160eac\" data-id=\"15160eac\" data-element_type=\"column\" data-e-type=\"column\">\n\t\t\t<div class=\"elementor-widget-wrap elementor-element-populated\">\n\t\t\t\t\t\t<div class=\"elementor-element elementor-element-5fdf121c elementor-widget elementor-widget-heading\" data-id=\"5fdf121c\" data-element_type=\"widget\" data-e-type=\"widget\" data-widget_type=\"heading.default\">\n\t\t\t\t<div class=\"elementor-widget-container\">\n\t\t\t\t\t<h2 class=\"elementor-heading-title elementor-size-default\">Unsere Vision &amp; Mission<\/h2>\t\t\t\t<\/div>\n\t\t\t\t<\/div>\n\t\t\t\t<div class=\"elementor-element elementor-element-6c371384 elementor-widget elementor-widget-text-editor\" data-id=\"6c371384\" data-element_type=\"widget\" data-e-type=\"widget\" data-widget_type=\"text-editor.default\">\n\t\t\t\t<div class=\"elementor-widget-container\">\n\t\t\t\t\t\t\t\t\t<p>Our company lives with and from the naturally renewable raw material wood, which we process in the best possible way for the benefit of our customers. The founders of our company already felt committed to the goal of \u201cworking in harmony with nature\u201d. Four hydroelectric power plants and several photovoltaic systems, all of which generate clean and CO\u2082-free energy, play their part in generating energy that protects the climate and resources.<\/p><p>Our commitment to the climate and the environment was recognized in 2001 with the presentation of the German Solar Prize. Our entire systems are operated exclusively from renewable energy sources such as hydropower, photovoltaics and biomass. #In harmony with nature<\/p>\t\t\t\t\t\t\t\t<\/div>\n\t\t\t\t<\/div>\n\t\t\t\t\t<\/div>\n\t\t<\/div>\n\t\t\t\t\t<\/div>\n\t\t<\/section>\n\t\t\t\t<section class=\"elementor-section elementor-top-section elementor-element elementor-element-8fa763c elementor-section-boxed elementor-section-height-default elementor-section-height-default\" data-id=\"8fa763c\" data-element_type=\"section\" data-e-type=\"section\">\n\t\t\t\t\t\t<div class=\"elementor-container elementor-column-gap-default\">\n\t\t\t\t\t<div class=\"elementor-column elementor-col-50 elementor-top-column elementor-element elementor-element-1e73af1\" data-id=\"1e73af1\" data-element_type=\"column\" data-e-type=\"column\">\n\t\t\t<div class=\"elementor-widget-wrap elementor-element-populated\">\n\t\t\t\t\t\t<div class=\"elementor-element elementor-element-47a44f1 animated-slow elementor-invisible elementor-widget elementor-widget-heading\" data-id=\"47a44f1\" data-element_type=\"widget\" data-e-type=\"widget\" data-settings=\"{&quot;_animation&quot;:&quot;fadeInUp&quot;,&quot;_animation_delay&quot;:200}\" data-widget_type=\"heading.default\">\n\t\t\t\t<div class=\"elementor-widget-container\">\n\t\t\t\t\t<h2 class=\"elementor-heading-title elementor-size-default\">Our company history<\/h2>\t\t\t\t<\/div>\n\t\t\t\t<\/div>\n\t\t\t\t<div class=\"elementor-element elementor-element-36566ed animated-slow elementor-invisible elementor-widget elementor-widget-text-editor\" data-id=\"36566ed\" data-element_type=\"widget\" data-e-type=\"widget\" data-settings=\"{&quot;_animation&quot;:&quot;fadeInUp&quot;,&quot;_animation_delay&quot;:400}\" data-widget_type=\"text-editor.default\">\n\t\t\t\t<div class=\"elementor-widget-container\">\n\t\t\t\t\t\t\t\t\t<p>In 1855 the timber merchant and deer host Johannes Heinzelmann founded the company named after him.<br \/><br \/>The sawmill was given the name Gebr\u00fcder Heinzelmann when his sons Christoph and Christian took over responsibility for the company. A daughter of the Heinzelmann brothers married Georg Koch in the third generation. The company still runs this line, meanwhile in the fifth and sixth generation.<\/p>\t\t\t\t\t\t\t\t<\/div>\n\t\t\t\t<\/div>\n\t\t\t\t\t<\/div>\n\t\t<\/div>\n\t\t\t\t<div class=\"elementor-column elementor-col-50 elementor-top-column elementor-element elementor-element-77b6618 animated-slow elementor-invisible\" data-id=\"77b6618\" data-element_type=\"column\" data-e-type=\"column\" data-settings=\"{&quot;background_background&quot;:&quot;classic&quot;,&quot;animation&quot;:&quot;fadeInRight&quot;}\">\n\t\t\t<div class=\"elementor-widget-wrap elementor-element-populated\">\n\t\t\t\t\t\t<div class=\"elementor-element elementor-element-1c4f41c elementor-widget elementor-widget-spacer\" data-id=\"1c4f41c\" data-element_type=\"widget\" data-e-type=\"widget\" data-widget_type=\"spacer.default\">\n\t\t\t\t<div class=\"elementor-widget-container\">\n\t\t\t\t\t\t\t<div class=\"elementor-spacer\">\n\t\t\t<div class=\"elementor-spacer-inner\"><\/div>\n\t\t<\/div>\n\t\t\t\t\t\t<\/div>\n\t\t\t\t<\/div>\n\t\t\t\t\t<\/div>\n\t\t<\/div>\n\t\t\t\t\t<\/div>\n\t\t<\/section>\n\t\t\t\t<\/div>","protected":false},"excerpt":{"rendered":"<p>Unser Unternehmen Wir verarbeiten die heimischen Nadelh\u00f6lzer Fichte, Tanne, Kiefer, Douglasie und L\u00e4rche nach den individuellen W\u00fcnschen unserer Kunden und versenden die Waren in die ganze Welt. Aus unseren Produkten entstehen Hallen, H\u00e4user, Br\u00fccken und vieles mehr. Unsere Produkte Kontakt HEINZELMANN UNTERNEHMEN Das S\u00e4gewerk Heinzelmann liegt mitten im Schwarzwald, einer holzreichen Region mit besten Qualit\u00e4ten. [&hellip;]<\/p>\n","protected":false},"author":11,"featured_media":0,"parent":1941,"menu_order":0,"comment_status":"closed","ping_status":"closed","template":"elementor_header_footer","meta":{"footnotes":""},"class_list":["post-414","page","type-page","status-publish","hentry"],"yoast_head":"<!-- This site is optimized with the Yoast SEO plugin v27.3 - https:\/\/yoast.com\/product\/yoast-seo-wordpress\/ -->\n<title>Unser Unternehmen - Heinzelmann Holz<\/title>\n<meta name=\"robots\" content=\"index, follow, max-snippet:-1, max-image-preview:large, max-video-preview:-1\" \/>\n<link rel=\"canonical\" href=\"https:\/\/heinzelmann-holz.de\/en\/unternehmen\/das-saegewerk-im-schwarzwald\/\" \/>\n<meta property=\"og:locale\" content=\"en_US\" \/>\n<meta property=\"og:type\" content=\"article\" \/>\n<meta property=\"og:title\" content=\"Unser Unternehmen - Heinzelmann Holz\" \/>\n<meta property=\"og:description\" content=\"Unser Unternehmen Wir verarbeiten die heimischen Nadelh\u00f6lzer Fichte, Tanne, Kiefer, Douglasie und L\u00e4rche nach den individuellen W\u00fcnschen unserer Kunden und versenden die Waren in die ganze Welt. Aus unseren Produkten entstehen Hallen, H\u00e4user, Br\u00fccken und vieles mehr. Unsere Produkte Kontakt HEINZELMANN UNTERNEHMEN Das S\u00e4gewerk Heinzelmann liegt mitten im Schwarzwald, einer holzreichen Region mit besten Qualit\u00e4ten. [&hellip;]\" \/>\n<meta property=\"og:url\" content=\"https:\/\/heinzelmann-holz.de\/en\/unternehmen\/das-saegewerk-im-schwarzwald\/\" \/>\n<meta property=\"og:site_name\" content=\"Heinzelmann Holz\" \/>\n<meta property=\"article:modified_time\" content=\"2023-05-12T08:45:03+00:00\" \/>\n<meta name=\"twitter:card\" content=\"summary_large_image\" \/>\n<meta name=\"twitter:label1\" content=\"Est. reading time\" \/>\n\t<meta name=\"twitter:data1\" content=\"2 minutes\" \/>\n<script type=\"application\/ld+json\" class=\"yoast-schema-graph\">{\"@context\":\"https:\\\/\\\/schema.org\",\"@graph\":[{\"@type\":\"WebPage\",\"@id\":\"https:\\\/\\\/heinzelmann-holz.de\\\/unternehmen\\\/das-saegewerk-im-schwarzwald\\\/\",\"url\":\"https:\\\/\\\/heinzelmann-holz.de\\\/unternehmen\\\/das-saegewerk-im-schwarzwald\\\/\",\"name\":\"Unser Unternehmen - Heinzelmann Holz\",\"isPartOf\":{\"@id\":\"https:\\\/\\\/heinzelmann-holz.de\\\/de_de\\\/#website\"},\"datePublished\":\"2022-11-29T12:22:02+00:00\",\"dateModified\":\"2023-05-12T08:45:03+00:00\",\"breadcrumb\":{\"@id\":\"https:\\\/\\\/heinzelmann-holz.de\\\/unternehmen\\\/das-saegewerk-im-schwarzwald\\\/#breadcrumb\"},\"inLanguage\":\"en-US\",\"potentialAction\":[{\"@type\":\"ReadAction\",\"target\":[\"https:\\\/\\\/heinzelmann-holz.de\\\/unternehmen\\\/das-saegewerk-im-schwarzwald\\\/\"]}]},{\"@type\":\"BreadcrumbList\",\"@id\":\"https:\\\/\\\/heinzelmann-holz.de\\\/unternehmen\\\/das-saegewerk-im-schwarzwald\\\/#breadcrumb\",\"itemListElement\":[{\"@type\":\"ListItem\",\"position\":1,\"name\":\"Startseite\",\"item\":\"https:\\\/\\\/heinzelmann-holz.de\\\/\"},{\"@type\":\"ListItem\",\"position\":2,\"name\":\"Unternehmen\",\"item\":\"https:\\\/\\\/heinzelmann-holz.de\\\/unternehmen\\\/\"},{\"@type\":\"ListItem\",\"position\":3,\"name\":\"Unser Unternehmen\"}]},{\"@type\":\"WebSite\",\"@id\":\"https:\\\/\\\/heinzelmann-holz.de\\\/de_de\\\/#website\",\"url\":\"https:\\\/\\\/heinzelmann-holz.de\\\/de_de\\\/\",\"name\":\"Heinzelmann Holz\",\"description\":\"Holz &amp; Energie im Einklang mit der Natur\",\"publisher\":{\"@id\":\"https:\\\/\\\/heinzelmann-holz.de\\\/de_de\\\/#organization\"},\"potentialAction\":[{\"@type\":\"SearchAction\",\"target\":{\"@type\":\"EntryPoint\",\"urlTemplate\":\"https:\\\/\\\/heinzelmann-holz.de\\\/de_de\\\/?s={search_term_string}\"},\"query-input\":{\"@type\":\"PropertyValueSpecification\",\"valueRequired\":true,\"valueName\":\"search_term_string\"}}],\"inLanguage\":\"en-US\"},{\"@type\":\"Organization\",\"@id\":\"https:\\\/\\\/heinzelmann-holz.de\\\/de_de\\\/#organization\",\"name\":\"Heinzelmann\",\"url\":\"https:\\\/\\\/heinzelmann-holz.de\\\/de_de\\\/\",\"logo\":{\"@type\":\"ImageObject\",\"inLanguage\":\"en-US\",\"@id\":\"https:\\\/\\\/heinzelmann-holz.de\\\/de_de\\\/#\\\/schema\\\/logo\\\/image\\\/\",\"url\":\"https:\\\/\\\/heinzelmann-holz.de\\\/wp-content\\\/uploads\\\/2022\\\/11\\\/Heinzelmann-Logo.png\",\"contentUrl\":\"https:\\\/\\\/heinzelmann-holz.de\\\/wp-content\\\/uploads\\\/2022\\\/11\\\/Heinzelmann-Logo.png\",\"width\":402,\"height\":70,\"caption\":\"Heinzelmann\"},\"image\":{\"@id\":\"https:\\\/\\\/heinzelmann-holz.de\\\/de_de\\\/#\\\/schema\\\/logo\\\/image\\\/\"}}]}<\/script>\n<!-- \/ Yoast SEO plugin. -->","yoast_head_json":{"title":"Unser Unternehmen - Heinzelmann Holz","robots":{"index":"index","follow":"follow","max-snippet":"max-snippet:-1","max-image-preview":"max-image-preview:large","max-video-preview":"max-video-preview:-1"},"canonical":"https:\/\/heinzelmann-holz.de\/en\/unternehmen\/das-saegewerk-im-schwarzwald\/","og_locale":"en_US","og_type":"article","og_title":"Unser Unternehmen - Heinzelmann Holz","og_description":"Unser Unternehmen Wir verarbeiten die heimischen Nadelh\u00f6lzer Fichte, Tanne, Kiefer, Douglasie und L\u00e4rche nach den individuellen W\u00fcnschen unserer Kunden und versenden die Waren in die ganze Welt. Aus unseren Produkten entstehen Hallen, H\u00e4user, Br\u00fccken und vieles mehr. Unsere Produkte Kontakt HEINZELMANN UNTERNEHMEN Das S\u00e4gewerk Heinzelmann liegt mitten im Schwarzwald, einer holzreichen Region mit besten Qualit\u00e4ten. [&hellip;]","og_url":"https:\/\/heinzelmann-holz.de\/en\/unternehmen\/das-saegewerk-im-schwarzwald\/","og_site_name":"Heinzelmann Holz","article_modified_time":"2023-05-12T08:45:03+00:00","twitter_card":"summary_large_image","twitter_misc":{"Est. reading time":"2 minutes"},"schema":{"@context":"https:\/\/schema.org","@graph":[{"@type":"WebPage","@id":"https:\/\/heinzelmann-holz.de\/unternehmen\/das-saegewerk-im-schwarzwald\/","url":"https:\/\/heinzelmann-holz.de\/unternehmen\/das-saegewerk-im-schwarzwald\/","name":"Unser Unternehmen - Heinzelmann Holz","isPartOf":{"@id":"https:\/\/heinzelmann-holz.de\/de_de\/#website"},"datePublished":"2022-11-29T12:22:02+00:00","dateModified":"2023-05-12T08:45:03+00:00","breadcrumb":{"@id":"https:\/\/heinzelmann-holz.de\/unternehmen\/das-saegewerk-im-schwarzwald\/#breadcrumb"},"inLanguage":"en-US","potentialAction":[{"@type":"ReadAction","target":["https:\/\/heinzelmann-holz.de\/unternehmen\/das-saegewerk-im-schwarzwald\/"]}]},{"@type":"BreadcrumbList","@id":"https:\/\/heinzelmann-holz.de\/unternehmen\/das-saegewerk-im-schwarzwald\/#breadcrumb","itemListElement":[{"@type":"ListItem","position":1,"name":"Startseite","item":"https:\/\/heinzelmann-holz.de\/"},{"@type":"ListItem","position":2,"name":"Unternehmen","item":"https:\/\/heinzelmann-holz.de\/unternehmen\/"},{"@type":"ListItem","position":3,"name":"Unser Unternehmen"}]},{"@type":"WebSite","@id":"https:\/\/heinzelmann-holz.de\/de_de\/#website","url":"https:\/\/heinzelmann-holz.de\/de_de\/","name":"Heinzelmann Holz","description":"Holz &amp; Energie im Einklang mit der Natur","publisher":{"@id":"https:\/\/heinzelmann-holz.de\/de_de\/#organization"},"potentialAction":[{"@type":"SearchAction","target":{"@type":"EntryPoint","urlTemplate":"https:\/\/heinzelmann-holz.de\/de_de\/?s={search_term_string}"},"query-input":{"@type":"PropertyValueSpecification","valueRequired":true,"valueName":"search_term_string"}}],"inLanguage":"en-US"},{"@type":"Organization","@id":"https:\/\/heinzelmann-holz.de\/de_de\/#organization","name":"Heinzelmann","url":"https:\/\/heinzelmann-holz.de\/de_de\/","logo":{"@type":"ImageObject","inLanguage":"en-US","@id":"https:\/\/heinzelmann-holz.de\/de_de\/#\/schema\/logo\/image\/","url":"https:\/\/heinzelmann-holz.de\/wp-content\/uploads\/2022\/11\/Heinzelmann-Logo.png","contentUrl":"https:\/\/heinzelmann-holz.de\/wp-content\/uploads\/2022\/11\/Heinzelmann-Logo.png","width":402,"height":70,"caption":"Heinzelmann"},"image":{"@id":"https:\/\/heinzelmann-holz.de\/de_de\/#\/schema\/logo\/image\/"}}]}},"_links":{"self":[{"href":"https:\/\/heinzelmann-holz.de\/en\/wp-json\/wp\/v2\/pages\/414","targetHints":{"allow":["GET"]}}],"collection":[{"href":"https:\/\/heinzelmann-holz.de\/en\/wp-json\/wp\/v2\/pages"}],"about":[{"href":"https:\/\/heinzelmann-holz.de\/en\/wp-json\/wp\/v2\/types\/page"}],"author":[{"embeddable":true,"href":"https:\/\/heinzelmann-holz.de\/en\/wp-json\/wp\/v2\/users\/11"}],"replies":[{"embeddable":true,"href":"https:\/\/heinzelmann-holz.de\/en\/wp-json\/wp\/v2\/comments?post=414"}],"version-history":[{"count":78,"href":"https:\/\/heinzelmann-holz.de\/en\/wp-json\/wp\/v2\/pages\/414\/revisions"}],"predecessor-version":[{"id":3157,"href":"https:\/\/heinzelmann-holz.de\/en\/wp-json\/wp\/v2\/pages\/414\/revisions\/3157"}],"up":[{"embeddable":true,"href":"https:\/\/heinzelmann-holz.de\/en\/wp-json\/wp\/v2\/pages\/1941"}],"wp:attachment":[{"href":"https:\/\/heinzelmann-holz.de\/en\/wp-json\/wp\/v2\/media?parent=414"}],"curies":[{"name":"wp","href":"https:\/\/api.w.org\/{rel}","templated":true}]}}