{"id":2222,"date":"2023-02-01T23:50:37","date_gmt":"2023-02-01T23:50:37","guid":{"rendered":"https:\/\/heinzelmann-holz.de\/?page_id=2222"},"modified":"2023-03-16T16:12:21","modified_gmt":"2023-03-16T16:12:21","slug":"unternehmen-global","status":"publish","type":"page","link":"https:\/\/heinzelmann-holz.de\/en\/unternehmen\/unternehmen-global\/","title":{"rendered":"Company Global"},"content":{"rendered":"<div data-elementor-type=\"wp-page\" data-elementor-id=\"2222\" class=\"elementor elementor-2222\" data-elementor-post-type=\"page\">\n\t\t\t\t\t\t<section class=\"elementor-section elementor-top-section elementor-element elementor-element-2440100 elementor-section-boxed elementor-section-height-default elementor-section-height-default\" data-id=\"2440100\" data-element_type=\"section\" data-e-type=\"section\" data-settings=\"{&quot;background_background&quot;:&quot;video&quot;,&quot;background_video_link&quot;:&quot;https:\\\/\\\/heinzelmann-holz.de\\\/wp-content\\\/uploads\\\/2023\\\/03\\\/1009321340-hd_AdobeExpress.mp4&quot;,&quot;background_play_on_mobile&quot;:&quot;yes&quot;}\">\n\t\t\t\t\t\t\t\t<div class=\"elementor-background-video-container\">\n\t\t\t\t\t\t\t\t\t\t\t\t\t<video class=\"elementor-background-video-hosted\" role=\"presentation\" autoplay muted playsinline loop><\/video>\n\t\t\t\t\t\t\t\t\t\t\t<\/div>\n\t\t\t\t\t\t\t\t\t<div class=\"elementor-background-overlay\"><\/div>\n\t\t\t\t\t\t\t<div class=\"elementor-container elementor-column-gap-default\">\n\t\t\t\t\t<div class=\"elementor-column elementor-col-100 elementor-top-column elementor-element elementor-element-21eac81\" data-id=\"21eac81\" data-element_type=\"column\" data-e-type=\"column\">\n\t\t\t<div class=\"elementor-widget-wrap elementor-element-populated\">\n\t\t\t\t\t\t<div class=\"elementor-element elementor-element-36c4fa1 animated-slow elementor-invisible elementor-widget elementor-widget-heading\" data-id=\"36c4fa1\" data-element_type=\"widget\" data-e-type=\"widget\" data-settings=\"{&quot;_animation&quot;:&quot;fadeInUp&quot;,&quot;_animation_delay&quot;:200}\" data-widget_type=\"heading.default\">\n\t\t\t\t<div class=\"elementor-widget-container\">\n\t\t\t\t\t<h1 class=\"elementor-heading-title elementor-size-default\">Heinzelmann  <\/br>\nGlobal<\/h1>\t\t\t\t<\/div>\n\t\t\t\t<\/div>\n\t\t\t\t<div class=\"elementor-element elementor-element-5f6ad8a animated-slow elementor-invisible elementor-widget elementor-widget-text-editor\" data-id=\"5f6ad8a\" data-element_type=\"widget\" data-e-type=\"widget\" data-settings=\"{&quot;_animation&quot;:&quot;fadeInUp&quot;,&quot;_animation_delay&quot;:400}\" data-widget_type=\"text-editor.default\">\n\t\t\t\t<div class=\"elementor-widget-container\">\n\t\t\t\t\t\t\t\t\t<p><strong>The sawmill in the Black Forest<\/strong>\u00a0of the Heinzelmann company is located in the heart of a wood-rich region with the best qualities. From here we deliver all over the world.<\/p>\t\t\t\t\t\t\t\t<\/div>\n\t\t\t\t<\/div>\n\t\t\t\t<section class=\"elementor-section elementor-inner-section elementor-element elementor-element-65fe821 elementor-section-boxed elementor-section-height-default elementor-section-height-default\" data-id=\"65fe821\" data-element_type=\"section\" data-e-type=\"section\">\n\t\t\t\t\t\t<div class=\"elementor-container elementor-column-gap-default\">\n\t\t\t\t\t<div class=\"elementor-column elementor-col-33 elementor-inner-column elementor-element elementor-element-65d4689\" data-id=\"65d4689\" data-element_type=\"column\" data-e-type=\"column\">\n\t\t\t<div class=\"elementor-widget-wrap elementor-element-populated\">\n\t\t\t\t\t\t<div class=\"elementor-element elementor-element-3a4862c animated-slow elementor-invisible elementor-widget elementor-widget-button\" data-id=\"3a4862c\" data-element_type=\"widget\" data-e-type=\"widget\" data-settings=\"{&quot;_animation&quot;:&quot;fadeInUp&quot;,&quot;_animation_delay&quot;:600}\" data-widget_type=\"button.default\">\n\t\t\t\t<div class=\"elementor-widget-container\">\n\t\t\t\t\t\t\t\t\t<div class=\"elementor-button-wrapper\">\n\t\t\t\t\t<a class=\"elementor-button elementor-button-link elementor-size-sm elementor-animation-float\" href=\"https:\/\/heinzelmann-holz.de\/en\/produkte\/\">\n\t\t\t\t\t\t<span class=\"elementor-button-content-wrapper\">\n\t\t\t\t\t\t\t\t\t<span class=\"elementor-button-text\">Our products<\/span>\n\t\t\t\t\t<\/span>\n\t\t\t\t\t<\/a>\n\t\t\t\t<\/div>\n\t\t\t\t\t\t\t\t<\/div>\n\t\t\t\t<\/div>\n\t\t\t\t\t<\/div>\n\t\t<\/div>\n\t\t\t\t<div class=\"elementor-column elementor-col-33 elementor-inner-column elementor-element elementor-element-9decdfa\" data-id=\"9decdfa\" data-element_type=\"column\" data-e-type=\"column\">\n\t\t\t<div class=\"elementor-widget-wrap elementor-element-populated\">\n\t\t\t\t\t\t<div class=\"elementor-element elementor-element-aac1a49 animated-slow elementor-invisible elementor-widget elementor-widget-button\" data-id=\"aac1a49\" data-element_type=\"widget\" data-e-type=\"widget\" data-settings=\"{&quot;_animation&quot;:&quot;fadeInUp&quot;,&quot;_animation_delay&quot;:600}\" data-widget_type=\"button.default\">\n\t\t\t\t<div class=\"elementor-widget-container\">\n\t\t\t\t\t\t\t\t\t<div class=\"elementor-button-wrapper\">\n\t\t\t\t\t<a class=\"elementor-button elementor-button-link elementor-size-sm elementor-animation-float\" href=\"https:\/\/heinzelmann-holz.de\/en\/kontakt\/\">\n\t\t\t\t\t\t<span class=\"elementor-button-content-wrapper\">\n\t\t\t\t\t\t\t\t\t<span class=\"elementor-button-text\">Contact<\/span>\n\t\t\t\t\t<\/span>\n\t\t\t\t\t<\/a>\n\t\t\t\t<\/div>\n\t\t\t\t\t\t\t\t<\/div>\n\t\t\t\t<\/div>\n\t\t\t\t\t<\/div>\n\t\t<\/div>\n\t\t\t\t<div class=\"elementor-column elementor-col-33 elementor-inner-column elementor-element elementor-element-e3e7e5d\" data-id=\"e3e7e5d\" data-element_type=\"column\" data-e-type=\"column\">\n\t\t\t<div class=\"elementor-widget-wrap\">\n\t\t\t\t\t\t\t<\/div>\n\t\t<\/div>\n\t\t\t\t\t<\/div>\n\t\t<\/section>\n\t\t\t\t\t<\/div>\n\t\t<\/div>\n\t\t\t\t\t<\/div>\n\t\t<\/section>\n\t\t\t\t<section class=\"elementor-section elementor-top-section elementor-element elementor-element-8fa763c elementor-section-boxed elementor-section-height-default elementor-section-height-default\" data-id=\"8fa763c\" data-element_type=\"section\" data-e-type=\"section\">\n\t\t\t\t\t\t<div class=\"elementor-container elementor-column-gap-default\">\n\t\t\t\t\t<div class=\"elementor-column elementor-col-50 elementor-top-column elementor-element elementor-element-1e73af1\" data-id=\"1e73af1\" data-element_type=\"column\" data-e-type=\"column\">\n\t\t\t<div class=\"elementor-widget-wrap elementor-element-populated\">\n\t\t\t\t\t\t<div class=\"elementor-element elementor-element-47a44f1 animated-slow elementor-invisible elementor-widget elementor-widget-heading\" data-id=\"47a44f1\" data-element_type=\"widget\" data-e-type=\"widget\" data-settings=\"{&quot;_animation&quot;:&quot;fadeInUp&quot;,&quot;_animation_delay&quot;:200}\" data-widget_type=\"heading.default\">\n\t\t\t\t<div class=\"elementor-widget-container\">\n\t\t\t\t\t<h2 class=\"elementor-heading-title elementor-size-default\">Global<\/h2>\t\t\t\t<\/div>\n\t\t\t\t<\/div>\n\t\t\t\t<div class=\"elementor-element elementor-element-36566ed animated-slow elementor-invisible elementor-widget elementor-widget-text-editor\" data-id=\"36566ed\" data-element_type=\"widget\" data-e-type=\"widget\" data-settings=\"{&quot;_animation&quot;:&quot;fadeInUp&quot;,&quot;_animation_delay&quot;:400}\" data-widget_type=\"text-editor.default\">\n\t\t\t\t<div class=\"elementor-widget-container\">\n\t\t\t\t\t\t\t\t\t<p>Our quality products can be sent by any route thanks to optimized logistics. Thanks to many years of experience in the international sawn timber market and excellent contacts in our industry, we are your partner in quality timber for the national and international market.<\/p><p>Transport options:<\/p><p>truck, ship, train<\/p>\t\t\t\t\t\t\t\t<\/div>\n\t\t\t\t<\/div>\n\t\t\t\t\t<\/div>\n\t\t<\/div>\n\t\t\t\t<div class=\"elementor-column elementor-col-50 elementor-top-column elementor-element elementor-element-77b6618 animated-slow elementor-invisible\" data-id=\"77b6618\" data-element_type=\"column\" data-e-type=\"column\" data-settings=\"{&quot;background_background&quot;:&quot;classic&quot;,&quot;animation&quot;:&quot;fadeInRight&quot;}\">\n\t\t\t<div class=\"elementor-widget-wrap elementor-element-populated\">\n\t\t\t\t\t\t<div class=\"elementor-element elementor-element-1c4f41c elementor-widget elementor-widget-spacer\" data-id=\"1c4f41c\" data-element_type=\"widget\" data-e-type=\"widget\" data-widget_type=\"spacer.default\">\n\t\t\t\t<div class=\"elementor-widget-container\">\n\t\t\t\t\t\t\t<div class=\"elementor-spacer\">\n\t\t\t<div class=\"elementor-spacer-inner\"><\/div>\n\t\t<\/div>\n\t\t\t\t\t\t<\/div>\n\t\t\t\t<\/div>\n\t\t\t\t\t<\/div>\n\t\t<\/div>\n\t\t\t\t\t<\/div>\n\t\t<\/section>\n\t\t\t\t<section class=\"elementor-section elementor-top-section elementor-element elementor-element-426c8356 elementor-section-boxed elementor-section-height-default elementor-section-height-default\" data-id=\"426c8356\" data-element_type=\"section\" data-e-type=\"section\">\n\t\t\t\t\t\t<div class=\"elementor-container elementor-column-gap-default\">\n\t\t\t\t\t<div class=\"elementor-column elementor-col-50 elementor-top-column elementor-element elementor-element-4039a1a3\" data-id=\"4039a1a3\" data-element_type=\"column\" data-e-type=\"column\" data-settings=\"{&quot;background_background&quot;:&quot;classic&quot;}\">\n\t\t\t<div class=\"elementor-widget-wrap elementor-element-populated\">\n\t\t\t\t\t\t<div class=\"elementor-element elementor-element-60f68b12 elementor-widget elementor-widget-spacer\" data-id=\"60f68b12\" data-element_type=\"widget\" data-e-type=\"widget\" data-widget_type=\"spacer.default\">\n\t\t\t\t<div class=\"elementor-widget-container\">\n\t\t\t\t\t\t\t<div class=\"elementor-spacer\">\n\t\t\t<div class=\"elementor-spacer-inner\"><\/div>\n\t\t<\/div>\n\t\t\t\t\t\t<\/div>\n\t\t\t\t<\/div>\n\t\t\t\t\t<\/div>\n\t\t<\/div>\n\t\t\t\t<div class=\"elementor-column elementor-col-50 elementor-top-column elementor-element elementor-element-15160eac\" data-id=\"15160eac\" data-element_type=\"column\" data-e-type=\"column\">\n\t\t\t<div class=\"elementor-widget-wrap elementor-element-populated\">\n\t\t\t\t\t\t<div class=\"elementor-element elementor-element-5fdf121c elementor-widget elementor-widget-heading\" data-id=\"5fdf121c\" data-element_type=\"widget\" data-e-type=\"widget\" data-widget_type=\"heading.default\">\n\t\t\t\t<div class=\"elementor-widget-container\">\n\t\t\t\t\t<h2 class=\"elementor-heading-title elementor-size-default\">International<\/h2>\t\t\t\t<\/div>\n\t\t\t\t<\/div>\n\t\t\t\t<div class=\"elementor-element elementor-element-6c371384 elementor-widget elementor-widget-text-editor\" data-id=\"6c371384\" data-element_type=\"widget\" data-e-type=\"widget\" data-widget_type=\"text-editor.default\">\n\t\t\t\t<div class=\"elementor-widget-container\">\n\t\t\t\t\t\t\t\t\t<p>There is a wide variety of weather conditions and pests in the world. Thanks to our decades of experience in boiler pressure impregnation, we protect your wood in the best possible way for your intended use. The impregnation is carried out with certified and Europe-approved salts such as<strong>\u00a0impralit<sup>\u00ae<\/sup>-KDS<\/strong>\u00a0and\u00a0<strong>wolmanite<sup>\u00ae<\/sup>\u00a0CX-8<\/strong>. The products are suitable for protecting built-in wood of all kinds, inside and out, for wood that comes into contact with soil and water, especially for wood in gardening and landscaping, for playground equipment, posts, palisades, fences, decking and much more.\u00a0<strong>Vacuum pressure treatment &amp; dipping process<\/strong>\u00a0according to DIN based on salt\u00a0<strong>up to 16 meters in length and 3 meters in diameter<\/strong>. The innovative wood preservative salts have an excellent effect, fix quickly and offer a\u00a0<strong>optimal protection for your wood and our environment<\/strong>. \u00a0<\/p>\t\t\t\t\t\t\t\t<\/div>\n\t\t\t\t<\/div>\n\t\t\t\t\t<\/div>\n\t\t<\/div>\n\t\t\t\t\t<\/div>\n\t\t<\/section>\n\t\t\t\t<section class=\"elementor-section elementor-top-section elementor-element elementor-element-bb2758b elementor-section-boxed elementor-section-height-default elementor-section-height-default\" data-id=\"bb2758b\" data-element_type=\"section\" data-e-type=\"section\">\n\t\t\t\t\t\t<div class=\"elementor-container elementor-column-gap-default\">\n\t\t\t\t\t<div class=\"elementor-column elementor-col-50 elementor-top-column elementor-element elementor-element-6027b63\" data-id=\"6027b63\" data-element_type=\"column\" data-e-type=\"column\">\n\t\t\t<div class=\"elementor-widget-wrap elementor-element-populated\">\n\t\t\t\t\t\t<div class=\"elementor-element elementor-element-ac57f6e animated-slow elementor-invisible elementor-widget elementor-widget-heading\" data-id=\"ac57f6e\" data-element_type=\"widget\" data-e-type=\"widget\" data-settings=\"{&quot;_animation&quot;:&quot;fadeInUp&quot;,&quot;_animation_delay&quot;:200}\" data-widget_type=\"heading.default\">\n\t\t\t\t<div class=\"elementor-widget-container\">\n\t\t\t\t\t<h2 class=\"elementor-heading-title elementor-size-default\">Regional<\/h2>\t\t\t\t<\/div>\n\t\t\t\t<\/div>\n\t\t\t\t<div class=\"elementor-element elementor-element-4b3c610 animated-slow elementor-invisible elementor-widget elementor-widget-text-editor\" data-id=\"4b3c610\" data-element_type=\"widget\" data-e-type=\"widget\" data-settings=\"{&quot;_animation&quot;:&quot;fadeInUp&quot;,&quot;_animation_delay&quot;:400}\" data-widget_type=\"text-editor.default\">\n\t\t\t\t<div class=\"elementor-widget-container\">\n\t\t\t\t\t\t\t\t\t<p>We mainly buy our logs within a radius of 50 km. In 1999 we were one of the first companies to be awarded the international FSC seal of approval<strong><sup>\u00ae<\/sup><\/strong>\u00a0were awarded.<br \/><br \/>Of course, we not only assume regional responsibility for our beautiful nature in the Black Forest, but also for our fellow human beings. We supply more than 400 households with renewable energy through our hydropower and photovoltaic systems. This is not only good for the region, but for everyone.<br \/><br \/>We also support our local clubs that are committed to our youth and our region.<\/p>\t\t\t\t\t\t\t\t<\/div>\n\t\t\t\t<\/div>\n\t\t\t\t\t<\/div>\n\t\t<\/div>\n\t\t\t\t<div class=\"elementor-column elementor-col-50 elementor-top-column elementor-element elementor-element-299a8b9 animated-slow elementor-invisible\" data-id=\"299a8b9\" data-element_type=\"column\" data-e-type=\"column\" data-settings=\"{&quot;background_background&quot;:&quot;classic&quot;,&quot;animation&quot;:&quot;fadeInRight&quot;}\">\n\t\t\t<div class=\"elementor-widget-wrap elementor-element-populated\">\n\t\t\t\t\t\t<div class=\"elementor-element elementor-element-78ea503 elementor-widget elementor-widget-spacer\" data-id=\"78ea503\" data-element_type=\"widget\" data-e-type=\"widget\" data-widget_type=\"spacer.default\">\n\t\t\t\t<div class=\"elementor-widget-container\">\n\t\t\t\t\t\t\t<div class=\"elementor-spacer\">\n\t\t\t<div class=\"elementor-spacer-inner\"><\/div>\n\t\t<\/div>\n\t\t\t\t\t\t<\/div>\n\t\t\t\t<\/div>\n\t\t\t\t\t<\/div>\n\t\t<\/div>\n\t\t\t\t\t<\/div>\n\t\t<\/section>\n\t\t\t\t<\/div>","protected":false},"excerpt":{"rendered":"<p>Heinzelmann Global Das S\u00e4gewerk im Schwarzwald\u00a0der Firma Heinzelmann liegt mitten im Herzen einer holzreichen Region mit besten Qualit\u00e4ten. Von hier aus liefern wir in die ganze Welt. Unsere Produkte Kontakt Global Unsere Qualit\u00e4tsprodukte k\u00f6nnen durch eine optimierte Logistik \u00fcber alle Wege versendet werden. Durch die langj\u00e4hrige Erfahrung im internationalen Schnittholzmarkt und die hervorragenden Kontakte in [&hellip;]<\/p>\n","protected":false},"author":11,"featured_media":0,"parent":1941,"menu_order":0,"comment_status":"closed","ping_status":"closed","template":"elementor_header_footer","meta":{"footnotes":""},"class_list":["post-2222","page","type-page","status-publish","hentry"],"yoast_head":"<!-- This site is optimized with the Yoast SEO plugin v27.3 - https:\/\/yoast.com\/product\/yoast-seo-wordpress\/ -->\n<title>Unternehmen Global - Heinzelmann Holz<\/title>\n<meta name=\"robots\" content=\"index, follow, max-snippet:-1, max-image-preview:large, max-video-preview:-1\" \/>\n<link rel=\"canonical\" href=\"https:\/\/heinzelmann-holz.de\/en\/unternehmen\/unternehmen-global\/\" \/>\n<meta property=\"og:locale\" content=\"en_US\" \/>\n<meta property=\"og:type\" content=\"article\" \/>\n<meta property=\"og:title\" content=\"Unternehmen Global - Heinzelmann Holz\" \/>\n<meta property=\"og:description\" content=\"Heinzelmann Global Das S\u00e4gewerk im Schwarzwald\u00a0der Firma Heinzelmann liegt mitten im Herzen einer holzreichen Region mit besten Qualit\u00e4ten. Von hier aus liefern wir in die ganze Welt. Unsere Produkte Kontakt Global Unsere Qualit\u00e4tsprodukte k\u00f6nnen durch eine optimierte Logistik \u00fcber alle Wege versendet werden. Durch die langj\u00e4hrige Erfahrung im internationalen Schnittholzmarkt und die hervorragenden Kontakte in [&hellip;]\" \/>\n<meta property=\"og:url\" content=\"https:\/\/heinzelmann-holz.de\/en\/unternehmen\/unternehmen-global\/\" \/>\n<meta property=\"og:site_name\" content=\"Heinzelmann Holz\" \/>\n<meta property=\"article:modified_time\" content=\"2023-03-16T16:12:21+00:00\" \/>\n<meta name=\"twitter:card\" content=\"summary_large_image\" \/>\n<meta name=\"twitter:label1\" content=\"Est. reading time\" \/>\n\t<meta name=\"twitter:data1\" content=\"1 minute\" \/>\n<script type=\"application\/ld+json\" class=\"yoast-schema-graph\">{\"@context\":\"https:\\\/\\\/schema.org\",\"@graph\":[{\"@type\":\"WebPage\",\"@id\":\"https:\\\/\\\/heinzelmann-holz.de\\\/unternehmen\\\/unternehmen-global\\\/\",\"url\":\"https:\\\/\\\/heinzelmann-holz.de\\\/unternehmen\\\/unternehmen-global\\\/\",\"name\":\"Unternehmen Global - Heinzelmann Holz\",\"isPartOf\":{\"@id\":\"https:\\\/\\\/heinzelmann-holz.de\\\/de_de\\\/#website\"},\"datePublished\":\"2023-02-01T23:50:37+00:00\",\"dateModified\":\"2023-03-16T16:12:21+00:00\",\"breadcrumb\":{\"@id\":\"https:\\\/\\\/heinzelmann-holz.de\\\/unternehmen\\\/unternehmen-global\\\/#breadcrumb\"},\"inLanguage\":\"en-US\",\"potentialAction\":[{\"@type\":\"ReadAction\",\"target\":[\"https:\\\/\\\/heinzelmann-holz.de\\\/unternehmen\\\/unternehmen-global\\\/\"]}]},{\"@type\":\"BreadcrumbList\",\"@id\":\"https:\\\/\\\/heinzelmann-holz.de\\\/unternehmen\\\/unternehmen-global\\\/#breadcrumb\",\"itemListElement\":[{\"@type\":\"ListItem\",\"position\":1,\"name\":\"Startseite\",\"item\":\"https:\\\/\\\/heinzelmann-holz.de\\\/\"},{\"@type\":\"ListItem\",\"position\":2,\"name\":\"Unternehmen\",\"item\":\"https:\\\/\\\/heinzelmann-holz.de\\\/unternehmen\\\/\"},{\"@type\":\"ListItem\",\"position\":3,\"name\":\"Unternehmen Global\"}]},{\"@type\":\"WebSite\",\"@id\":\"https:\\\/\\\/heinzelmann-holz.de\\\/de_de\\\/#website\",\"url\":\"https:\\\/\\\/heinzelmann-holz.de\\\/de_de\\\/\",\"name\":\"Heinzelmann Holz\",\"description\":\"Holz &amp; Energie im Einklang mit der Natur\",\"publisher\":{\"@id\":\"https:\\\/\\\/heinzelmann-holz.de\\\/de_de\\\/#organization\"},\"potentialAction\":[{\"@type\":\"SearchAction\",\"target\":{\"@type\":\"EntryPoint\",\"urlTemplate\":\"https:\\\/\\\/heinzelmann-holz.de\\\/de_de\\\/?s={search_term_string}\"},\"query-input\":{\"@type\":\"PropertyValueSpecification\",\"valueRequired\":true,\"valueName\":\"search_term_string\"}}],\"inLanguage\":\"en-US\"},{\"@type\":\"Organization\",\"@id\":\"https:\\\/\\\/heinzelmann-holz.de\\\/de_de\\\/#organization\",\"name\":\"Heinzelmann\",\"url\":\"https:\\\/\\\/heinzelmann-holz.de\\\/de_de\\\/\",\"logo\":{\"@type\":\"ImageObject\",\"inLanguage\":\"en-US\",\"@id\":\"https:\\\/\\\/heinzelmann-holz.de\\\/de_de\\\/#\\\/schema\\\/logo\\\/image\\\/\",\"url\":\"https:\\\/\\\/heinzelmann-holz.de\\\/wp-content\\\/uploads\\\/2022\\\/11\\\/Heinzelmann-Logo.png\",\"contentUrl\":\"https:\\\/\\\/heinzelmann-holz.de\\\/wp-content\\\/uploads\\\/2022\\\/11\\\/Heinzelmann-Logo.png\",\"width\":402,\"height\":70,\"caption\":\"Heinzelmann\"},\"image\":{\"@id\":\"https:\\\/\\\/heinzelmann-holz.de\\\/de_de\\\/#\\\/schema\\\/logo\\\/image\\\/\"}}]}<\/script>\n<!-- \/ Yoast SEO plugin. -->","yoast_head_json":{"title":"Unternehmen Global - Heinzelmann Holz","robots":{"index":"index","follow":"follow","max-snippet":"max-snippet:-1","max-image-preview":"max-image-preview:large","max-video-preview":"max-video-preview:-1"},"canonical":"https:\/\/heinzelmann-holz.de\/en\/unternehmen\/unternehmen-global\/","og_locale":"en_US","og_type":"article","og_title":"Unternehmen Global - Heinzelmann Holz","og_description":"Heinzelmann Global Das S\u00e4gewerk im Schwarzwald\u00a0der Firma Heinzelmann liegt mitten im Herzen einer holzreichen Region mit besten Qualit\u00e4ten. Von hier aus liefern wir in die ganze Welt. Unsere Produkte Kontakt Global Unsere Qualit\u00e4tsprodukte k\u00f6nnen durch eine optimierte Logistik \u00fcber alle Wege versendet werden. Durch die langj\u00e4hrige Erfahrung im internationalen Schnittholzmarkt und die hervorragenden Kontakte in [&hellip;]","og_url":"https:\/\/heinzelmann-holz.de\/en\/unternehmen\/unternehmen-global\/","og_site_name":"Heinzelmann Holz","article_modified_time":"2023-03-16T16:12:21+00:00","twitter_card":"summary_large_image","twitter_misc":{"Est. reading time":"1 minute"},"schema":{"@context":"https:\/\/schema.org","@graph":[{"@type":"WebPage","@id":"https:\/\/heinzelmann-holz.de\/unternehmen\/unternehmen-global\/","url":"https:\/\/heinzelmann-holz.de\/unternehmen\/unternehmen-global\/","name":"Unternehmen Global - Heinzelmann Holz","isPartOf":{"@id":"https:\/\/heinzelmann-holz.de\/de_de\/#website"},"datePublished":"2023-02-01T23:50:37+00:00","dateModified":"2023-03-16T16:12:21+00:00","breadcrumb":{"@id":"https:\/\/heinzelmann-holz.de\/unternehmen\/unternehmen-global\/#breadcrumb"},"inLanguage":"en-US","potentialAction":[{"@type":"ReadAction","target":["https:\/\/heinzelmann-holz.de\/unternehmen\/unternehmen-global\/"]}]},{"@type":"BreadcrumbList","@id":"https:\/\/heinzelmann-holz.de\/unternehmen\/unternehmen-global\/#breadcrumb","itemListElement":[{"@type":"ListItem","position":1,"name":"Startseite","item":"https:\/\/heinzelmann-holz.de\/"},{"@type":"ListItem","position":2,"name":"Unternehmen","item":"https:\/\/heinzelmann-holz.de\/unternehmen\/"},{"@type":"ListItem","position":3,"name":"Unternehmen Global"}]},{"@type":"WebSite","@id":"https:\/\/heinzelmann-holz.de\/de_de\/#website","url":"https:\/\/heinzelmann-holz.de\/de_de\/","name":"Heinzelmann Holz","description":"Holz &amp; Energie im Einklang mit der Natur","publisher":{"@id":"https:\/\/heinzelmann-holz.de\/de_de\/#organization"},"potentialAction":[{"@type":"SearchAction","target":{"@type":"EntryPoint","urlTemplate":"https:\/\/heinzelmann-holz.de\/de_de\/?s={search_term_string}"},"query-input":{"@type":"PropertyValueSpecification","valueRequired":true,"valueName":"search_term_string"}}],"inLanguage":"en-US"},{"@type":"Organization","@id":"https:\/\/heinzelmann-holz.de\/de_de\/#organization","name":"Heinzelmann","url":"https:\/\/heinzelmann-holz.de\/de_de\/","logo":{"@type":"ImageObject","inLanguage":"en-US","@id":"https:\/\/heinzelmann-holz.de\/de_de\/#\/schema\/logo\/image\/","url":"https:\/\/heinzelmann-holz.de\/wp-content\/uploads\/2022\/11\/Heinzelmann-Logo.png","contentUrl":"https:\/\/heinzelmann-holz.de\/wp-content\/uploads\/2022\/11\/Heinzelmann-Logo.png","width":402,"height":70,"caption":"Heinzelmann"},"image":{"@id":"https:\/\/heinzelmann-holz.de\/de_de\/#\/schema\/logo\/image\/"}}]}},"_links":{"self":[{"href":"https:\/\/heinzelmann-holz.de\/en\/wp-json\/wp\/v2\/pages\/2222","targetHints":{"allow":["GET"]}}],"collection":[{"href":"https:\/\/heinzelmann-holz.de\/en\/wp-json\/wp\/v2\/pages"}],"about":[{"href":"https:\/\/heinzelmann-holz.de\/en\/wp-json\/wp\/v2\/types\/page"}],"author":[{"embeddable":true,"href":"https:\/\/heinzelmann-holz.de\/en\/wp-json\/wp\/v2\/users\/11"}],"replies":[{"embeddable":true,"href":"https:\/\/heinzelmann-holz.de\/en\/wp-json\/wp\/v2\/comments?post=2222"}],"version-history":[{"count":16,"href":"https:\/\/heinzelmann-holz.de\/en\/wp-json\/wp\/v2\/pages\/2222\/revisions"}],"predecessor-version":[{"id":2950,"href":"https:\/\/heinzelmann-holz.de\/en\/wp-json\/wp\/v2\/pages\/2222\/revisions\/2950"}],"up":[{"embeddable":true,"href":"https:\/\/heinzelmann-holz.de\/en\/wp-json\/wp\/v2\/pages\/1941"}],"wp:attachment":[{"href":"https:\/\/heinzelmann-holz.de\/en\/wp-json\/wp\/v2\/media?parent=2222"}],"curies":[{"name":"wp","href":"https:\/\/api.w.org\/{rel}","templated":true}]}}