{"id":1113,"date":"2022-12-05T13:48:34","date_gmt":"2022-12-05T13:48:34","guid":{"rendered":"https:\/\/heinzelmann-holz.de\/?page_id=1113"},"modified":"2023-03-06T18:00:07","modified_gmt":"2023-03-06T18:00:07","slug":"laerchenzaun","status":"publish","type":"page","link":"https:\/\/heinzelmann-holz.de\/en\/produkte\/laerchenzaun\/","title":{"rendered":"larch fence"},"content":{"rendered":"\t\t<div data-elementor-type=\"wp-page\" data-elementor-id=\"1113\" class=\"elementor elementor-1113\" data-elementor-post-type=\"page\">\n\t\t\t\t\t\t<section class=\"elementor-section elementor-top-section elementor-element elementor-element-f876a44 elementor-section-full_width elementor-section-height-default elementor-section-height-default\" data-id=\"f876a44\" data-element_type=\"section\" data-e-type=\"section\" data-settings=\"{&quot;background_background&quot;:&quot;classic&quot;}\">\n\t\t\t\t\t\t\t<div class=\"elementor-background-overlay\"><\/div>\n\t\t\t\t\t\t\t<div class=\"elementor-container elementor-column-gap-default\">\n\t\t\t\t\t<div class=\"elementor-column elementor-col-100 elementor-top-column elementor-element elementor-element-c42556e\" data-id=\"c42556e\" data-element_type=\"column\" data-e-type=\"column\" data-settings=\"{&quot;background_background&quot;:&quot;classic&quot;}\">\n\t\t\t<div class=\"elementor-widget-wrap elementor-element-populated\">\n\t\t\t\t\t<div class=\"elementor-background-overlay\"><\/div>\n\t\t\t\t\t\t<section class=\"elementor-section elementor-inner-section elementor-element elementor-element-07a80b8 elementor-section-boxed elementor-section-height-default elementor-section-height-default\" data-id=\"07a80b8\" data-element_type=\"section\" data-e-type=\"section\">\n\t\t\t\t\t\t<div class=\"elementor-container elementor-column-gap-default\">\n\t\t\t\t\t<div class=\"elementor-column elementor-col-100 elementor-inner-column elementor-element elementor-element-40e2e25\" data-id=\"40e2e25\" data-element_type=\"column\" data-e-type=\"column\">\n\t\t\t<div class=\"elementor-widget-wrap elementor-element-populated\">\n\t\t\t\t\t\t<div class=\"elementor-element elementor-element-97b4795 animated-slow elementor-invisible elementor-widget elementor-widget-heading\" data-id=\"97b4795\" data-element_type=\"widget\" data-e-type=\"widget\" data-settings=\"{&quot;_animation&quot;:&quot;fadeInUp&quot;,&quot;_animation_delay&quot;:200}\" data-widget_type=\"heading.default\">\n\t\t\t\t<div class=\"elementor-widget-container\">\n\t\t\t\t\t<h1 class=\"elementor-heading-title elementor-size-default\">L\u00e4rchenzaun<\/h1>\t\t\t\t<\/div>\n\t\t\t\t<\/div>\n\t\t\t\t\t<\/div>\n\t\t<\/div>\n\t\t\t\t\t<\/div>\n\t\t<\/section>\n\t\t\t\t\t<\/div>\n\t\t<\/div>\n\t\t\t\t\t<\/div>\n\t\t<\/section>\n\t\t\t\t<section class=\"elementor-section elementor-top-section elementor-element elementor-element-cc4f648 elementor-section-boxed elementor-section-height-default elementor-section-height-default\" data-id=\"cc4f648\" data-element_type=\"section\" data-e-type=\"section\">\n\t\t\t\t\t\t<div class=\"elementor-container elementor-column-gap-default\">\n\t\t\t\t\t<div class=\"elementor-column elementor-col-50 elementor-top-column elementor-element elementor-element-de2a4cb animated-slow elementor-invisible\" data-id=\"de2a4cb\" data-element_type=\"column\" data-e-type=\"column\" data-settings=\"{&quot;background_background&quot;:&quot;classic&quot;,&quot;animation&quot;:&quot;fadeInLeft&quot;}\">\n\t\t\t<div class=\"elementor-widget-wrap elementor-element-populated\">\n\t\t\t\t\t\t<div class=\"elementor-element elementor-element-fa9a2af elementor-widget elementor-widget-spacer\" data-id=\"fa9a2af\" data-element_type=\"widget\" data-e-type=\"widget\" data-widget_type=\"spacer.default\">\n\t\t\t\t<div class=\"elementor-widget-container\">\n\t\t\t\t\t\t\t<div class=\"elementor-spacer\">\n\t\t\t<div class=\"elementor-spacer-inner\"><\/div>\n\t\t<\/div>\n\t\t\t\t\t\t<\/div>\n\t\t\t\t<\/div>\n\t\t\t\t\t<\/div>\n\t\t<\/div>\n\t\t\t\t<div class=\"elementor-column elementor-col-50 elementor-top-column elementor-element elementor-element-4ad5c99b\" data-id=\"4ad5c99b\" data-element_type=\"column\" data-e-type=\"column\">\n\t\t\t<div class=\"elementor-widget-wrap elementor-element-populated\">\n\t\t\t\t\t\t<div class=\"elementor-element elementor-element-1d811174 animated-slow elementor-invisible elementor-widget elementor-widget-heading\" data-id=\"1d811174\" data-element_type=\"widget\" data-e-type=\"widget\" data-settings=\"{&quot;_animation&quot;:&quot;fadeInUp&quot;,&quot;_animation_delay&quot;:200}\" data-widget_type=\"heading.default\">\n\t\t\t\t<div class=\"elementor-widget-container\">\n\t\t\t\t\t<h2 class=\"elementor-heading-title elementor-size-default\">L\u00e4rchenzaun<\/h2>\t\t\t\t<\/div>\n\t\t\t\t<\/div>\n\t\t\t\t<div class=\"elementor-element elementor-element-626d315b animated-slow elementor-invisible elementor-widget elementor-widget-text-editor\" data-id=\"626d315b\" data-element_type=\"widget\" data-e-type=\"widget\" data-settings=\"{&quot;_animation&quot;:&quot;fadeInUp&quot;,&quot;_animation_delay&quot;:400}\" data-widget_type=\"text-editor.default\">\n\t\t\t\t<div class=\"elementor-widget-container\">\n\t\t\t\t\t\t\t\t\t<p>Sichtschutz in h\u00f6chster Qualit\u00e4t. Daf\u00fcr verwenden wir ausgesuchte, getrocknete und gehobelte L\u00e4rchenh\u00f6lzer in bester Qualit\u00e4t. Unsere einzigartige Konstruktionsweise ben\u00f6tigt keine N\u00e4gel oder Schrauben und ist universell einsetzbar. Bringen Sie mehr Natur zu sich nach Hause.<\/p>\t\t\t\t\t\t\t\t<\/div>\n\t\t\t\t<\/div>\n\t\t\t\t\t<\/div>\n\t\t<\/div>\n\t\t\t\t\t<\/div>\n\t\t<\/section>\n\t\t\t\t<section class=\"elementor-section elementor-top-section elementor-element elementor-element-ae83a81 elementor-section-boxed elementor-section-height-default elementor-section-height-default\" data-id=\"ae83a81\" data-element_type=\"section\" data-e-type=\"section\">\n\t\t\t\t\t\t<div class=\"elementor-container elementor-column-gap-default\">\n\t\t\t\t\t<div class=\"elementor-column elementor-col-50 elementor-top-column elementor-element elementor-element-431a708\" data-id=\"431a708\" data-element_type=\"column\" data-e-type=\"column\">\n\t\t\t<div class=\"elementor-widget-wrap elementor-element-populated\">\n\t\t\t\t\t\t<div class=\"elementor-element elementor-element-2057d1f animated-slow elementor-invisible elementor-widget elementor-widget-heading\" data-id=\"2057d1f\" data-element_type=\"widget\" data-e-type=\"widget\" data-settings=\"{&quot;_animation&quot;:&quot;fadeInUp&quot;,&quot;_animation_delay&quot;:200}\" data-widget_type=\"heading.default\">\n\t\t\t\t<div class=\"elementor-widget-container\">\n\t\t\t\t\t<h2 class=\"elementor-heading-title elementor-size-default\">Im Einklang mit der Natur.\n<\/h2>\t\t\t\t<\/div>\n\t\t\t\t<\/div>\n\t\t\t\t<div class=\"elementor-element elementor-element-afcc14a animated-slow elementor-invisible elementor-widget elementor-widget-text-editor\" data-id=\"afcc14a\" data-element_type=\"widget\" data-e-type=\"widget\" data-settings=\"{&quot;_animation&quot;:&quot;fadeInUp&quot;,&quot;_animation_delay&quot;:400}\" data-widget_type=\"text-editor.default\">\n\t\t\t\t<div class=\"elementor-widget-container\">\n\t\t\t\t\t\t\t\t\t<div class=\"shortcode1-2 last\">Mit unserem L\u00e4rchenzaun haben Sie ein nachhaltiges Produkt in bester Qualit\u00e4t. Interesse? Rufen Sie uns doch einfach an. \u00a0<\/div><div class=\"shortcode1-2 last\">\u00a0<\/div><div class=\"stunning-text-wrapper button-on gdl-border-x top\"><div class=\"stunning-text-inner-wrapper gdl-border-x bottom\"><div class=\"stunning-text-content\">\u00a0<\/div><\/div><\/div>\t\t\t\t\t\t\t\t<\/div>\n\t\t\t\t<\/div>\n\t\t\t\t\t<\/div>\n\t\t<\/div>\n\t\t\t\t<div class=\"elementor-column elementor-col-50 elementor-top-column elementor-element elementor-element-9e57839 animated-slow elementor-invisible\" data-id=\"9e57839\" data-element_type=\"column\" data-e-type=\"column\" data-settings=\"{&quot;background_background&quot;:&quot;classic&quot;,&quot;animation&quot;:&quot;fadeInRight&quot;}\">\n\t\t\t<div class=\"elementor-widget-wrap elementor-element-populated\">\n\t\t\t\t\t\t<div class=\"elementor-element elementor-element-9e5e5b5 elementor-widget elementor-widget-spacer\" data-id=\"9e5e5b5\" data-element_type=\"widget\" data-e-type=\"widget\" data-widget_type=\"spacer.default\">\n\t\t\t\t<div class=\"elementor-widget-container\">\n\t\t\t\t\t\t\t<div class=\"elementor-spacer\">\n\t\t\t<div class=\"elementor-spacer-inner\"><\/div>\n\t\t<\/div>\n\t\t\t\t\t\t<\/div>\n\t\t\t\t<\/div>\n\t\t\t\t\t<\/div>\n\t\t<\/div>\n\t\t\t\t\t<\/div>\n\t\t<\/section>\n\t\t\t\t<section class=\"elementor-section elementor-top-section elementor-element elementor-element-17546fc elementor-section-boxed elementor-section-height-default elementor-section-height-default\" data-id=\"17546fc\" data-element_type=\"section\" data-e-type=\"section\">\n\t\t\t\t\t\t<div class=\"elementor-container elementor-column-gap-default\">\n\t\t\t\t\t<div class=\"elementor-column elementor-col-100 elementor-top-column elementor-element elementor-element-91be1ce\" data-id=\"91be1ce\" data-element_type=\"column\" data-e-type=\"column\">\n\t\t\t<div class=\"elementor-widget-wrap elementor-element-populated\">\n\t\t\t\t\t\t<section class=\"elementor-section elementor-inner-section elementor-element elementor-element-9583122 elementor-section-boxed elementor-section-height-default elementor-section-height-default\" data-id=\"9583122\" data-element_type=\"section\" data-e-type=\"section\">\n\t\t\t\t\t\t<div class=\"elementor-container elementor-column-gap-default\">\n\t\t\t\t\t<div class=\"elementor-column elementor-col-100 elementor-inner-column elementor-element elementor-element-4583bc8 animated-slow elementor-invisible\" data-id=\"4583bc8\" data-element_type=\"column\" data-e-type=\"column\" data-settings=\"{&quot;background_background&quot;:&quot;classic&quot;,&quot;animation&quot;:&quot;fadeInUp&quot;}\">\n\t\t\t<div class=\"elementor-widget-wrap elementor-element-populated\">\n\t\t\t\t\t\t<div class=\"elementor-element elementor-element-c7538e2 animated-slow elementor-invisible elementor-widget elementor-widget-text-editor\" data-id=\"c7538e2\" data-element_type=\"widget\" data-e-type=\"widget\" data-settings=\"{&quot;_animation&quot;:&quot;fadeInUp&quot;,&quot;_animation_delay&quot;:400}\" data-widget_type=\"text-editor.default\">\n\t\t\t\t<div class=\"elementor-widget-container\">\n\t\t\t\t\t\t\t\t\t<p><strong>Interesse geweckt?<\/strong> Kontaktieren Sie uns!<\/p>\t\t\t\t\t\t\t\t<\/div>\n\t\t\t\t<\/div>\n\t\t\t\t<div class=\"elementor-element elementor-element-6a8f07d elementor-invisible elementor-widget elementor-widget-text-editor\" data-id=\"6a8f07d\" data-element_type=\"widget\" data-e-type=\"widget\" data-settings=\"{&quot;_animation&quot;:&quot;fadeInUp&quot;,&quot;_animation_delay&quot;:600}\" data-widget_type=\"text-editor.default\">\n\t\t\t\t<div class=\"elementor-widget-container\">\n\t\t\t\t\t\t\t\t\t<p>Wir freuen uns auf Ihren Anruf oder eine Nachricht \u00fcber unser Kontaktformular!<\/p>\t\t\t\t\t\t\t\t<\/div>\n\t\t\t\t<\/div>\n\t\t\t\t<div class=\"elementor-element elementor-element-507b81f animated-slow elementor-invisible elementor-widget elementor-widget-button\" data-id=\"507b81f\" data-element_type=\"widget\" data-e-type=\"widget\" data-settings=\"{&quot;_animation&quot;:&quot;fadeInUp&quot;,&quot;_animation_delay&quot;:800}\" data-widget_type=\"button.default\">\n\t\t\t\t<div class=\"elementor-widget-container\">\n\t\t\t\t\t\t\t\t\t<div class=\"elementor-button-wrapper\">\n\t\t\t\t\t<a class=\"elementor-button elementor-button-link elementor-size-md elementor-animation-float\" href=\"https:\/\/heinzelmann-holz.de\/kontakt\/\">\n\t\t\t\t\t\t<span class=\"elementor-button-content-wrapper\">\n\t\t\t\t\t\t\t\t\t<span class=\"elementor-button-text\">ZUM KONTAKTFORMULAR<\/span>\n\t\t\t\t\t<\/span>\n\t\t\t\t\t<\/a>\n\t\t\t\t<\/div>\n\t\t\t\t\t\t\t\t<\/div>\n\t\t\t\t<\/div>\n\t\t\t\t<div class=\"elementor-element elementor-element-597a50c elementor-absolute elementor-widget elementor-widget-image\" data-id=\"597a50c\" data-element_type=\"widget\" data-e-type=\"widget\" data-settings=\"{&quot;_position&quot;:&quot;absolute&quot;,&quot;motion_fx_motion_fx_scrolling&quot;:&quot;yes&quot;,&quot;motion_fx_translateX_effect&quot;:&quot;yes&quot;,&quot;motion_fx_translateX_affectedRange&quot;:{&quot;unit&quot;:&quot;%&quot;,&quot;size&quot;:&quot;&quot;,&quot;sizes&quot;:{&quot;start&quot;:0,&quot;end&quot;:54}},&quot;motion_fx_rotateZ_effect&quot;:&quot;yes&quot;,&quot;motion_fx_rotateZ_speed&quot;:{&quot;unit&quot;:&quot;px&quot;,&quot;size&quot;:10,&quot;sizes&quot;:[]},&quot;motion_fx_translateX_speed&quot;:{&quot;unit&quot;:&quot;px&quot;,&quot;size&quot;:4,&quot;sizes&quot;:[]},&quot;motion_fx_rotateZ_affectedRange&quot;:{&quot;unit&quot;:&quot;%&quot;,&quot;size&quot;:&quot;&quot;,&quot;sizes&quot;:{&quot;start&quot;:0,&quot;end&quot;:100}},&quot;motion_fx_devices&quot;:[&quot;desktop&quot;,&quot;tablet&quot;,&quot;mobile&quot;]}\" data-widget_type=\"image.default\">\n\t\t\t\t<div class=\"elementor-widget-container\">\n\t\t\t\t\t\t\t\t\t\t\t\t\t\t\t<img fetchpriority=\"high\" decoding=\"async\" width=\"300\" height=\"268\" src=\"https:\/\/heinzelmann-holz.de\/wp-content\/uploads\/2022\/11\/Saw-blade-isolated-on-transparent-background-PNG-300x268.png\" class=\"attachment-medium size-medium wp-image-250\" alt=\"\" srcset=\"https:\/\/heinzelmann-holz.de\/wp-content\/uploads\/2022\/11\/Saw-blade-isolated-on-transparent-background-PNG-300x268.png 300w, https:\/\/heinzelmann-holz.de\/wp-content\/uploads\/2022\/11\/Saw-blade-isolated-on-transparent-background-PNG-1024x916.png 1024w, https:\/\/heinzelmann-holz.de\/wp-content\/uploads\/2022\/11\/Saw-blade-isolated-on-transparent-background-PNG-768x687.png 768w, https:\/\/heinzelmann-holz.de\/wp-content\/uploads\/2022\/11\/Saw-blade-isolated-on-transparent-background-PNG-1536x1375.png 1536w, https:\/\/heinzelmann-holz.de\/wp-content\/uploads\/2022\/11\/Saw-blade-isolated-on-transparent-background-PNG-2048x1833.png 2048w, https:\/\/heinzelmann-holz.de\/wp-content\/uploads\/2022\/11\/Saw-blade-isolated-on-transparent-background-PNG-13x12.png 13w, https:\/\/heinzelmann-holz.de\/wp-content\/uploads\/2022\/11\/Saw-blade-isolated-on-transparent-background-PNG.png 1500w\" sizes=\"(max-width: 300px) 100vw, 300px\" \/>\t\t\t\t\t\t\t\t\t\t\t\t\t\t\t<\/div>\n\t\t\t\t<\/div>\n\t\t\t\t\t<\/div>\n\t\t<\/div>\n\t\t\t\t\t<\/div>\n\t\t<\/section>\n\t\t\t\t\t<\/div>\n\t\t<\/div>\n\t\t\t\t\t<\/div>\n\t\t<\/section>\n\t\t\t\t<\/div>\n\t\t","protected":false},"excerpt":{"rendered":"<p>L\u00e4rchenzaun L\u00e4rchenzaun Sichtschutz in h\u00f6chster Qualit\u00e4t. Daf\u00fcr verwenden wir ausgesuchte, getrocknete und gehobelte L\u00e4rchenh\u00f6lzer in bester Qualit\u00e4t. Unsere einzigartige Konstruktionsweise ben\u00f6tigt keine N\u00e4gel oder Schrauben und ist universell einsetzbar. Bringen Sie mehr Natur zu sich nach Hause. Im Einklang mit der Natur. Mit unserem L\u00e4rchenzaun haben Sie ein nachhaltiges Produkt in bester Qualit\u00e4t. Interesse? Rufen [&hellip;]<\/p>\n","protected":false},"author":11,"featured_media":0,"parent":493,"menu_order":0,"comment_status":"closed","ping_status":"closed","template":"elementor_header_footer","meta":{"footnotes":""},"class_list":["post-1113","page","type-page","status-publish","hentry"],"yoast_head":"<!-- This site is optimized with the Yoast SEO plugin v27.3 - https:\/\/yoast.com\/product\/yoast-seo-wordpress\/ -->\n<title>L\u00e4rchenzaun - Heinzelmann Holz<\/title>\n<meta name=\"robots\" content=\"index, follow, max-snippet:-1, max-image-preview:large, max-video-preview:-1\" \/>\n<link rel=\"canonical\" href=\"https:\/\/heinzelmann-holz.de\/en\/produkte\/laerchenzaun\/\" \/>\n<meta property=\"og:locale\" content=\"en_US\" \/>\n<meta property=\"og:type\" content=\"article\" \/>\n<meta property=\"og:title\" content=\"L\u00e4rchenzaun - Heinzelmann Holz\" \/>\n<meta property=\"og:description\" content=\"L\u00e4rchenzaun L\u00e4rchenzaun Sichtschutz in h\u00f6chster Qualit\u00e4t. Daf\u00fcr verwenden wir ausgesuchte, getrocknete und gehobelte L\u00e4rchenh\u00f6lzer in bester Qualit\u00e4t. Unsere einzigartige Konstruktionsweise ben\u00f6tigt keine N\u00e4gel oder Schrauben und ist universell einsetzbar. Bringen Sie mehr Natur zu sich nach Hause. Im Einklang mit der Natur. Mit unserem L\u00e4rchenzaun haben Sie ein nachhaltiges Produkt in bester Qualit\u00e4t. Interesse? Rufen [&hellip;]\" \/>\n<meta property=\"og:url\" content=\"https:\/\/heinzelmann-holz.de\/en\/produkte\/laerchenzaun\/\" \/>\n<meta property=\"og:site_name\" content=\"Heinzelmann Holz\" \/>\n<meta property=\"article:modified_time\" content=\"2023-03-06T18:00:07+00:00\" \/>\n<meta property=\"og:image\" content=\"https:\/\/heinzelmann-holz.de\/wp-content\/uploads\/2022\/11\/Saw-blade-isolated-on-transparent-background-PNG-300x268.png\" \/>\n<meta name=\"twitter:card\" content=\"summary_large_image\" \/>\n<script type=\"application\/ld+json\" class=\"yoast-schema-graph\">{\"@context\":\"https:\\\/\\\/schema.org\",\"@graph\":[{\"@type\":\"WebPage\",\"@id\":\"https:\\\/\\\/heinzelmann-holz.de\\\/produkte\\\/laerchenzaun\\\/\",\"url\":\"https:\\\/\\\/heinzelmann-holz.de\\\/produkte\\\/laerchenzaun\\\/\",\"name\":\"L\u00e4rchenzaun - Heinzelmann Holz\",\"isPartOf\":{\"@id\":\"https:\\\/\\\/heinzelmann-holz.de\\\/de_de\\\/#website\"},\"primaryImageOfPage\":{\"@id\":\"https:\\\/\\\/heinzelmann-holz.de\\\/produkte\\\/laerchenzaun\\\/#primaryimage\"},\"image\":{\"@id\":\"https:\\\/\\\/heinzelmann-holz.de\\\/produkte\\\/laerchenzaun\\\/#primaryimage\"},\"thumbnailUrl\":\"https:\\\/\\\/heinzelmann-holz.de\\\/wp-content\\\/uploads\\\/2022\\\/11\\\/Saw-blade-isolated-on-transparent-background-PNG-300x268.png\",\"datePublished\":\"2022-12-05T13:48:34+00:00\",\"dateModified\":\"2023-03-06T18:00:07+00:00\",\"breadcrumb\":{\"@id\":\"https:\\\/\\\/heinzelmann-holz.de\\\/produkte\\\/laerchenzaun\\\/#breadcrumb\"},\"inLanguage\":\"en-US\",\"potentialAction\":[{\"@type\":\"ReadAction\",\"target\":[\"https:\\\/\\\/heinzelmann-holz.de\\\/produkte\\\/laerchenzaun\\\/\"]}]},{\"@type\":\"ImageObject\",\"inLanguage\":\"en-US\",\"@id\":\"https:\\\/\\\/heinzelmann-holz.de\\\/produkte\\\/laerchenzaun\\\/#primaryimage\",\"url\":\"https:\\\/\\\/heinzelmann-holz.de\\\/wp-content\\\/uploads\\\/2022\\\/11\\\/Saw-blade-isolated-on-transparent-background-PNG-300x268.png\",\"contentUrl\":\"https:\\\/\\\/heinzelmann-holz.de\\\/wp-content\\\/uploads\\\/2022\\\/11\\\/Saw-blade-isolated-on-transparent-background-PNG-300x268.png\"},{\"@type\":\"BreadcrumbList\",\"@id\":\"https:\\\/\\\/heinzelmann-holz.de\\\/produkte\\\/laerchenzaun\\\/#breadcrumb\",\"itemListElement\":[{\"@type\":\"ListItem\",\"position\":1,\"name\":\"Startseite\",\"item\":\"https:\\\/\\\/heinzelmann-holz.de\\\/\"},{\"@type\":\"ListItem\",\"position\":2,\"name\":\"Produkte\",\"item\":\"https:\\\/\\\/heinzelmann-holz.de\\\/produkte\\\/\"},{\"@type\":\"ListItem\",\"position\":3,\"name\":\"L\u00e4rchenzaun\"}]},{\"@type\":\"WebSite\",\"@id\":\"https:\\\/\\\/heinzelmann-holz.de\\\/de_de\\\/#website\",\"url\":\"https:\\\/\\\/heinzelmann-holz.de\\\/de_de\\\/\",\"name\":\"Heinzelmann Holz\",\"description\":\"Holz &amp; Energie im Einklang mit der Natur\",\"publisher\":{\"@id\":\"https:\\\/\\\/heinzelmann-holz.de\\\/de_de\\\/#organization\"},\"potentialAction\":[{\"@type\":\"SearchAction\",\"target\":{\"@type\":\"EntryPoint\",\"urlTemplate\":\"https:\\\/\\\/heinzelmann-holz.de\\\/de_de\\\/?s={search_term_string}\"},\"query-input\":{\"@type\":\"PropertyValueSpecification\",\"valueRequired\":true,\"valueName\":\"search_term_string\"}}],\"inLanguage\":\"en-US\"},{\"@type\":\"Organization\",\"@id\":\"https:\\\/\\\/heinzelmann-holz.de\\\/de_de\\\/#organization\",\"name\":\"Heinzelmann\",\"url\":\"https:\\\/\\\/heinzelmann-holz.de\\\/de_de\\\/\",\"logo\":{\"@type\":\"ImageObject\",\"inLanguage\":\"en-US\",\"@id\":\"https:\\\/\\\/heinzelmann-holz.de\\\/de_de\\\/#\\\/schema\\\/logo\\\/image\\\/\",\"url\":\"https:\\\/\\\/heinzelmann-holz.de\\\/wp-content\\\/uploads\\\/2022\\\/11\\\/Heinzelmann-Logo.png\",\"contentUrl\":\"https:\\\/\\\/heinzelmann-holz.de\\\/wp-content\\\/uploads\\\/2022\\\/11\\\/Heinzelmann-Logo.png\",\"width\":402,\"height\":70,\"caption\":\"Heinzelmann\"},\"image\":{\"@id\":\"https:\\\/\\\/heinzelmann-holz.de\\\/de_de\\\/#\\\/schema\\\/logo\\\/image\\\/\"}}]}<\/script>\n<!-- \/ Yoast SEO plugin. -->","yoast_head_json":{"title":"L\u00e4rchenzaun - Heinzelmann Holz","robots":{"index":"index","follow":"follow","max-snippet":"max-snippet:-1","max-image-preview":"max-image-preview:large","max-video-preview":"max-video-preview:-1"},"canonical":"https:\/\/heinzelmann-holz.de\/en\/produkte\/laerchenzaun\/","og_locale":"en_US","og_type":"article","og_title":"L\u00e4rchenzaun - Heinzelmann Holz","og_description":"L\u00e4rchenzaun L\u00e4rchenzaun Sichtschutz in h\u00f6chster Qualit\u00e4t. Daf\u00fcr verwenden wir ausgesuchte, getrocknete und gehobelte L\u00e4rchenh\u00f6lzer in bester Qualit\u00e4t. Unsere einzigartige Konstruktionsweise ben\u00f6tigt keine N\u00e4gel oder Schrauben und ist universell einsetzbar. Bringen Sie mehr Natur zu sich nach Hause. Im Einklang mit der Natur. Mit unserem L\u00e4rchenzaun haben Sie ein nachhaltiges Produkt in bester Qualit\u00e4t. Interesse? Rufen [&hellip;]","og_url":"https:\/\/heinzelmann-holz.de\/en\/produkte\/laerchenzaun\/","og_site_name":"Heinzelmann Holz","article_modified_time":"2023-03-06T18:00:07+00:00","og_image":[{"url":"https:\/\/heinzelmann-holz.de\/wp-content\/uploads\/2022\/11\/Saw-blade-isolated-on-transparent-background-PNG-300x268.png","type":"","width":"","height":""}],"twitter_card":"summary_large_image","schema":{"@context":"https:\/\/schema.org","@graph":[{"@type":"WebPage","@id":"https:\/\/heinzelmann-holz.de\/produkte\/laerchenzaun\/","url":"https:\/\/heinzelmann-holz.de\/produkte\/laerchenzaun\/","name":"L\u00e4rchenzaun - Heinzelmann Holz","isPartOf":{"@id":"https:\/\/heinzelmann-holz.de\/de_de\/#website"},"primaryImageOfPage":{"@id":"https:\/\/heinzelmann-holz.de\/produkte\/laerchenzaun\/#primaryimage"},"image":{"@id":"https:\/\/heinzelmann-holz.de\/produkte\/laerchenzaun\/#primaryimage"},"thumbnailUrl":"https:\/\/heinzelmann-holz.de\/wp-content\/uploads\/2022\/11\/Saw-blade-isolated-on-transparent-background-PNG-300x268.png","datePublished":"2022-12-05T13:48:34+00:00","dateModified":"2023-03-06T18:00:07+00:00","breadcrumb":{"@id":"https:\/\/heinzelmann-holz.de\/produkte\/laerchenzaun\/#breadcrumb"},"inLanguage":"en-US","potentialAction":[{"@type":"ReadAction","target":["https:\/\/heinzelmann-holz.de\/produkte\/laerchenzaun\/"]}]},{"@type":"ImageObject","inLanguage":"en-US","@id":"https:\/\/heinzelmann-holz.de\/produkte\/laerchenzaun\/#primaryimage","url":"https:\/\/heinzelmann-holz.de\/wp-content\/uploads\/2022\/11\/Saw-blade-isolated-on-transparent-background-PNG-300x268.png","contentUrl":"https:\/\/heinzelmann-holz.de\/wp-content\/uploads\/2022\/11\/Saw-blade-isolated-on-transparent-background-PNG-300x268.png"},{"@type":"BreadcrumbList","@id":"https:\/\/heinzelmann-holz.de\/produkte\/laerchenzaun\/#breadcrumb","itemListElement":[{"@type":"ListItem","position":1,"name":"Startseite","item":"https:\/\/heinzelmann-holz.de\/"},{"@type":"ListItem","position":2,"name":"Produkte","item":"https:\/\/heinzelmann-holz.de\/produkte\/"},{"@type":"ListItem","position":3,"name":"L\u00e4rchenzaun"}]},{"@type":"WebSite","@id":"https:\/\/heinzelmann-holz.de\/de_de\/#website","url":"https:\/\/heinzelmann-holz.de\/de_de\/","name":"Heinzelmann Holz","description":"Holz &amp; Energie im Einklang mit der Natur","publisher":{"@id":"https:\/\/heinzelmann-holz.de\/de_de\/#organization"},"potentialAction":[{"@type":"SearchAction","target":{"@type":"EntryPoint","urlTemplate":"https:\/\/heinzelmann-holz.de\/de_de\/?s={search_term_string}"},"query-input":{"@type":"PropertyValueSpecification","valueRequired":true,"valueName":"search_term_string"}}],"inLanguage":"en-US"},{"@type":"Organization","@id":"https:\/\/heinzelmann-holz.de\/de_de\/#organization","name":"Heinzelmann","url":"https:\/\/heinzelmann-holz.de\/de_de\/","logo":{"@type":"ImageObject","inLanguage":"en-US","@id":"https:\/\/heinzelmann-holz.de\/de_de\/#\/schema\/logo\/image\/","url":"https:\/\/heinzelmann-holz.de\/wp-content\/uploads\/2022\/11\/Heinzelmann-Logo.png","contentUrl":"https:\/\/heinzelmann-holz.de\/wp-content\/uploads\/2022\/11\/Heinzelmann-Logo.png","width":402,"height":70,"caption":"Heinzelmann"},"image":{"@id":"https:\/\/heinzelmann-holz.de\/de_de\/#\/schema\/logo\/image\/"}}]}},"_links":{"self":[{"href":"https:\/\/heinzelmann-holz.de\/en\/wp-json\/wp\/v2\/pages\/1113","targetHints":{"allow":["GET"]}}],"collection":[{"href":"https:\/\/heinzelmann-holz.de\/en\/wp-json\/wp\/v2\/pages"}],"about":[{"href":"https:\/\/heinzelmann-holz.de\/en\/wp-json\/wp\/v2\/types\/page"}],"author":[{"embeddable":true,"href":"https:\/\/heinzelmann-holz.de\/en\/wp-json\/wp\/v2\/users\/11"}],"replies":[{"embeddable":true,"href":"https:\/\/heinzelmann-holz.de\/en\/wp-json\/wp\/v2\/comments?post=1113"}],"version-history":[{"count":16,"href":"https:\/\/heinzelmann-holz.de\/en\/wp-json\/wp\/v2\/pages\/1113\/revisions"}],"predecessor-version":[{"id":2582,"href":"https:\/\/heinzelmann-holz.de\/en\/wp-json\/wp\/v2\/pages\/1113\/revisions\/2582"}],"up":[{"embeddable":true,"href":"https:\/\/heinzelmann-holz.de\/en\/wp-json\/wp\/v2\/pages\/493"}],"wp:attachment":[{"href":"https:\/\/heinzelmann-holz.de\/en\/wp-json\/wp\/v2\/media?parent=1113"}],"curies":[{"name":"wp","href":"https:\/\/api.w.org\/{rel}","templated":true}]}}